{"id":88182,"date":"2024-06-17T09:15:21","date_gmt":"2024-06-17T07:15:21","guid":{"rendered":"https:\/\/galicianparts.com\/shop\/producto\/4444650-sensor-presion-aceite-lancia-delta-integrale-prisma-fiat-127-panda-uno-original\/"},"modified":"2025-07-25T12:04:51","modified_gmt":"2025-07-25T10:04:51","slug":"4444650-sensor-presion-aceite-lancia-delta-integrale-prisma-fiat-127-panda-uno-original","status":"publish","type":"product","link":"https:\/\/galicianparts.com\/shop\/producto\/4444650-sensor-presion-aceite-lancia-delta-integrale-prisma-fiat-127-panda-uno-original\/","title":{"rendered":"4444650 Sensor presi\u00f3n aceite Lancia Delta Integrale \/Prisma \/Fiat 127 \/Panda \/Uno ORIGINAL"},"content":{"rendered":"<p>Electrov\u00e1lvula de presi\u00f3n del aceite de:<br \/>\nM\u00e9trica: 14<\/p>\n<p>FIAT 127 Hatchback (127)<br \/>\n1.3 Di\u00e9sel, A\u00f1o 04.1981 &#8211; 12.1986, 1301 ccm, 45 cv<br \/>\nFIAT Croma I Hatchback (154)<br \/>\n2.0 i.e. Turbo, A\u00f1o 12.1985 &#8211; 06.1990, 1995 ccm, 155 cv<br \/>\nFIAT Argenta (132)<br \/>\n1.6, A\u00f1o 04.1981 &#8211; 12.1985, 1585 ccm, 98 cv<br \/>\n1.6 i.e, A\u00f1o 04.1981 &#8211; 12.1985, 1585 ccm, 90 cv<br \/>\nFIAT Panda I Hatchback (141)<br \/>\n1.3 D, A\u00f1o 04.1986 &#8211; 12.1992, 1302 ccm, 37 cv<br \/>\nFIAT Fiorino I (147)<br \/>\n1.3 D, A\u00f1o 03.1982 &#8211; 01.1988, 1288 ccm, 45 cv<br \/>\nFIAT Uno Hatchback (146)<br \/>\n1.7 Di\u00e9sel 60, A\u00f1o 07.1986 &#8211; 08.1989, 1698 ccm, 60 cv<br \/>\n1.4 TD 70, A\u00f1o 10.1986 &#8211; 10.1990, 1367 ccm, 71 cv<br \/>\nFIAT 127 Panorama (127)<br \/>\n1.3 D, A\u00f1o 06.1981 &#8211; 12.1986, 1301 ccm, 45 cv<\/p>\n<p>LANCIA Delta I (831)<br \/>\n1.6 GT i.e., A\u00f1o 05.1987 &#8211; 08.1992, 1585 ccm, 90 cv<br \/>\n1.6 GT i.e., A\u00f1o 08.1986 &#8211; 08.1988, 1585 ccm, 109 cv<br \/>\n1.6 HF Turbo, A\u00f1o 08.1986 &#8211; 08.1988, 1585 ccm, 140 cv<br \/>\n1.6 HF Turbo, A\u00f1o 04.1987 &#8211; 03.1989, 1585 ccm, 132 cv<br \/>\n2.0 HF Integrale, A\u00f1o 11.1986 &#8211; 08.1988, 1995 ccm, 166 cv<br \/>\n2.0 HF Integrale, A\u00f1o 10.1987 &#8211; 12.1991, 1995 ccm, 181 cv<br \/>\nLANCIA Thema (834)<br \/>\n2.0 16V Turbo, A\u00f1o 12.1988 &#8211; 06.1990, 1995 ccm, 181 cv<br \/>\n2.0 i.e. 16V, A\u00f1o 05.1988 &#8211; 08.1992, 1995 ccm, 147 cv<br \/>\n2.0 i.e. 16V, A\u00f1o 02.1989 &#8211; 05.1992, 1995 ccm, 141 cv<br \/>\n2.0 i.e. 16V Turbo, A\u00f1o 04.1989 &#8211; 05.1992, 1995 ccm, 177 cv<br \/>\n2.0 i.e.Turbo, A\u00f1o 07.1986 &#8211; 05.1990, 1995 ccm, 150 cv<br \/>\nLANCIA Prisma (831)<br \/>\n1.6 i.e. (831AB), A\u00f1o 05.1986 &#8211; 12.1989, 1585 ccm, 109 cv<br \/>\nLANCIA Y10 (156)<br \/>\n1.0 Fire, A\u00f1o 06.1985 &#8211; 06.1991, 999 ccm, 44 cv<br \/>\n1.0 Fire A las 4 ruedas (156.AD), A\u00f1o 12.1986 &#8211; 02.1989, 999 ccm, 44 cv<br \/>\n1.0 Fire A las 4 ruedas (156AA), A\u00f1o 12.1987 &#8211; 02.1990, 999 ccm, 50 cv<br \/>\n1.0 Fire Allrad, A\u00f1o 12.1987 &#8211; 02.1992, 999 ccm, 45 cv<br \/>\n1.0 Fire Catalytic-Conv (156AE), A\u00f1o 10.1987 &#8211; 02.1992, 999 ccm, 45 cv<br \/>\n1.1 i.e Fire (156AC), A\u00f1o 08.1989 &#8211; 06.1992, 1108 ccm, 57 cv<br \/>\n1.1 i.e Fire A las 4 ruedas (156AC), A\u00f1o 08.1989 &#8211; 06.1992, 1108 ccm, 57 cv<br \/>\n1.1 i.e. Fire, A\u00f1o 07.1989 &#8211; 09.1995, 1108 ccm, 50 cv<br \/>\n1.3 i.e. (156AB), A\u00f1o 11.1987 &#8211; 05.1993, 1301 ccm, 76 cv<br \/>\n1.3 i.e. (156AF), A\u00f1o 02.1989 &#8211; 12.1995, 1297 ccm, 72 cv<\/p>\n<p>LA PIEZA ES NUEVA Y ORIGINAL.<\/p>\n","protected":false},"excerpt":{"rendered":"<p>Electrov\u00e1lvula de presi\u00f3n del aceite de: M\u00e9trica: 14 FIAT 127 Hatchback (127) 1.3 Di\u00e9sel, A\u00f1o 04.1981 &#8211; 12.1986, 1301 ccm, 45 cv FIAT Croma I Hatchback (154) 2.0 i.e. Turbo, A\u00f1o 12.1985 &#8211; 06.1990, 1995 ccm, 155 cv FIAT Argenta (132) 1.6, A\u00f1o 04.1981 &#8211; 12.1985, 1585 ccm, 98 cv 1.6 i.e, A\u00f1o 04.1981 &#8211; [&hellip;]<\/p>\n","protected":false},"featured_media":88186,"template":"","meta":{"_seopress_robots_primary_cat":"","_seopress_titles_title":"","_seopress_titles_desc":"","_seopress_robots_index":""},"product_cat":[68,79,86,118,20,91,21,99,123,124,114,126],"product_tag":[],"class_list":{"0":"post-88182","1":"product","2":"type-product","3":"status-publish","4":"has-post-thumbnail","6":"product_cat-recambios-fiat-127","7":"product_cat-recambios-fiat-argenta","8":"product_cat-recambios-fiat-croma","9":"product_cat-recambios-lancia-delta","10":"product_cat-recambios-fiat","11":"product_cat-recambios-fiat-fiorino","12":"product_cat-recambios-lancia","13":"product_cat-recambios-fiat-panda","14":"product_cat-recambios-lancia-prisma","15":"product_cat-recambios-lancia-thema","16":"product_cat-recambios-fiat-uno","17":"product_cat-recambios-lancia-y10","19":"first","20":"outofstock","21":"taxable","22":"shipping-taxable","23":"purchasable","24":"product-type-simple"},"_links":{"self":[{"href":"https:\/\/galicianparts.com\/shop\/wp-json\/wp\/v2\/product\/88182"}],"collection":[{"href":"https:\/\/galicianparts.com\/shop\/wp-json\/wp\/v2\/product"}],"about":[{"href":"https:\/\/galicianparts.com\/shop\/wp-json\/wp\/v2\/types\/product"}],"wp:featuredmedia":[{"embeddable":true,"href":"https:\/\/galicianparts.com\/shop\/wp-json\/wp\/v2\/media\/88186"}],"wp:attachment":[{"href":"https:\/\/galicianparts.com\/shop\/wp-json\/wp\/v2\/media?parent=88182"}],"wp:term":[{"taxonomy":"product_cat","embeddable":true,"href":"https:\/\/galicianparts.com\/shop\/wp-json\/wp\/v2\/product_cat?post=88182"},{"taxonomy":"product_tag","embeddable":true,"href":"https:\/\/galicianparts.com\/shop\/wp-json\/wp\/v2\/product_tag?post=88182"}],"curies":[{"name":"wp","href":"https:\/\/api.w.org\/{rel}","templated":true}]}}