{"id":88208,"date":"2024-06-17T12:55:38","date_gmt":"2024-06-17T10:55:38","guid":{"rendered":"https:\/\/galicianparts.com\/shop\/producto\/7580706-casquillo-depresor-servofreno-lancia-delta-1-9-td-1986-1992-nuevo-original\/"},"modified":"2024-06-17T12:57:37","modified_gmt":"2024-06-17T10:57:37","slug":"7580706-casquillo-depresor-servofreno-lancia-delta-1-9-td-1986-1992-nuevo-original","status":"publish","type":"product","link":"https:\/\/galicianparts.com\/shop\/producto\/7580706-casquillo-depresor-servofreno-lancia-delta-1-9-td-1986-1992-nuevo-original\/","title":{"rendered":"7580706 Casquillo depresor servofreno Lancia Delta 1.9 TD (1986-1992) NUEVO ORIGINAL"},"content":{"rendered":"<p>Casquillo de la bomba de vac\u00edo del servofreno de:<br \/>\nDi\u00e1metro interior: 8 mm<br \/>\nDi\u00e1metro exterior: 14 mm<br \/>\nLargo: 16 mm<\/p>\n<p>LANCIA &#8211; TB DELTA R.86 (1986-1992) 1930 TB\/DS<\/p>\n<p>LA PIEZA ES NUEVA Y ORIGINAL.<\/p>\n","protected":false},"excerpt":{"rendered":"<p>Casquillo de la bomba de vac\u00edo del servofreno de: Di\u00e1metro interior: 8 mm Di\u00e1metro exterior: 14 mm Largo: 16 mm LANCIA &#8211; TB DELTA R.86 (1986-1992) 1930 TB\/DS LA PIEZA ES NUEVA Y ORIGINAL.<\/p>\n","protected":false},"featured_media":88210,"template":"","meta":{"_seopress_robots_primary_cat":"","_seopress_titles_title":"","_seopress_titles_desc":"","_seopress_robots_index":""},"product_cat":[118,21],"product_tag":[],"class_list":{"0":"post-88208","1":"product","2":"type-product","3":"status-publish","4":"has-post-thumbnail","6":"product_cat-recambios-lancia-delta","7":"product_cat-recambios-lancia","9":"first","10":"instock","11":"taxable","12":"shipping-taxable","13":"purchasable","14":"product-type-simple"},"_links":{"self":[{"href":"https:\/\/galicianparts.com\/shop\/wp-json\/wp\/v2\/product\/88208"}],"collection":[{"href":"https:\/\/galicianparts.com\/shop\/wp-json\/wp\/v2\/product"}],"about":[{"href":"https:\/\/galicianparts.com\/shop\/wp-json\/wp\/v2\/types\/product"}],"wp:featuredmedia":[{"embeddable":true,"href":"https:\/\/galicianparts.com\/shop\/wp-json\/wp\/v2\/media\/88210"}],"wp:attachment":[{"href":"https:\/\/galicianparts.com\/shop\/wp-json\/wp\/v2\/media?parent=88208"}],"wp:term":[{"taxonomy":"product_cat","embeddable":true,"href":"https:\/\/galicianparts.com\/shop\/wp-json\/wp\/v2\/product_cat?post=88208"},{"taxonomy":"product_tag","embeddable":true,"href":"https:\/\/galicianparts.com\/shop\/wp-json\/wp\/v2\/product_tag?post=88208"}],"curies":[{"name":"wp","href":"https:\/\/api.w.org\/{rel}","templated":true}]}}