{"id":88229,"date":"2024-06-18T09:05:14","date_gmt":"2024-06-18T07:05:14","guid":{"rendered":"https:\/\/galicianparts.com\/shop\/producto\/980848-pack-2-capuchones-cilindro-freno-fiat-500-600-126-127-uno-original\/"},"modified":"2025-04-07T19:36:01","modified_gmt":"2025-04-07T17:36:01","slug":"980848-pack-2-capuchones-cilindro-freno-fiat-500-600-126-127-uno-original","status":"publish","type":"product","link":"https:\/\/galicianparts.com\/shop\/producto\/980848-pack-2-capuchones-cilindro-freno-fiat-500-600-126-127-uno-original\/","title":{"rendered":"980848 Capuch\u00f3n bomba freno Fiat 127 \/500 \/600 \/126 \/Uno ORIGINAL"},"content":{"rendered":"<p>Guardapolvo del cilindro maestro del freno de:<br \/>\nDi\u00e1metro interior: 8 mm<\/p>\n<p>FIAT 126 (126)<br \/>\n0.6, A\u00f1o 09.1972 &#8211; 06.1977, 594 ccm, 23 cv<br \/>\n0.65, A\u00f1o 07.1977 &#8211; 09.1987, 652 ccm, 23 cv<br \/>\n0.65, A\u00f1o 07.1981 &#8211; 09.2000, 652 ccm, 24 cv<br \/>\n0.7, A\u00f1o 09.1987 &#8211; 06.1996, 704 ccm, 26 cv<br \/>\nFIAT 127 Hatchback (127)<br \/>\n0.9, A\u00f1o 06.1971 &#8211; 05.1983, 903 ccm, 40 cv<br \/>\n0.9 (127A), A\u00f1o 09.1971 &#8211; 12.1984, 903 ccm, 45 cv<br \/>\n1.0, A\u00f1o 04.1977 &#8211; 12.1986, 1049 ccm, 50 cv<br \/>\n1.0 Sport, A\u00f1o 07.1978 &#8211; 02.1982, 1049 ccm, 70 cv<br \/>\n1.3 Di\u00e9sel, A\u00f1o 04.1981 &#8211; 12.1986, 1301 ccm, 45 cv<br \/>\n1.3 Sport, A\u00f1o 12.1981 &#8211; 05.1983, 1301 ccm, 75 cv<br \/>\nFIAT 500 Berlina<br \/>\n0.5 (110F), A\u00f1o 01.1965 &#8211; 12.1975, 499 ccm, 18 cv<br \/>\n0.5 (111A), A\u00f1o 06.1957 &#8211; 05.1961, 476 ccm, 15 cv<br \/>\n0.6, A\u00f1o 08.1968 &#8211; 01.1976, 594 ccm, 18 cv<br \/>\nFIAT Uno Hatchback (146)<br \/>\n1.0, A\u00f1o 05.1993 &#8211; 06.2001, 994 ccm, 57 cv<br \/>\n1.0 (146E), A\u00f1o 06.1989 &#8211; 02.1992, 999 ccm, 42 cv<br \/>\n1.0 (146E), A\u00f1o 05.1993 &#8211; 08.2000, 994 ccm, 56 cv<br \/>\n1.0 iE, A\u00f1o 05.1998 &#8211; 08.2000, 999 ccm, 46 cv<br \/>\n1.1, A\u00f1o 04.1986 &#8211; 06.2006, 1108 ccm, 56 cv<br \/>\n1.1, A\u00f1o 10.1988 &#8211; 06.2006, 1108 ccm, 58 cv<br \/>\n1.3 Super di\u00e9sel, A\u00f1o 06.1983 &#8211; 03.1992, 1302 ccm, 45 cv<br \/>\n1.3 Turbo i.e., A\u00f1o 01.1987 &#8211; 12.1987, 1301 ccm, 99 cv<br \/>\n1.3 Turbo i.e., A\u00f1o 09.1989 &#8211; 03.1991, 1301 ccm, 101 cv<br \/>\n1.3 Turbo i.e., A\u00f1o 04.1985 &#8211; 08.1989, 1301 ccm, 105 cv<br \/>\n1.4 Turbo, A\u00f1o 10.1988 &#8211; 08.2000, 1372 ccm, 105 cv<br \/>\n1.4 Turbo i.e., A\u00f1o 09.1989 &#8211; 09.1993, 1372 ccm, 112 cv<br \/>\n1.4 Turbo i.e., A\u00f1o 12.1989 &#8211; 12.1996, 1372 ccm, 118 cv<br \/>\n1.6, A\u00f1o 12.1989 &#8211; 04.1993, 1581 ccm, 88 cv<br \/>\n1.6 R, A\u00f1o 05.1993 &#8211; 12.1995, 1581 ccm, 90 cv<br \/>\n1.7 D, A\u00f1o 11.1994 &#8211; 08.2000, 1697 ccm, 58 cv<br \/>\n1.9 D, A\u00f1o 09.1989 &#8211; 03.1994, 1929 ccm, 60 cv<br \/>\n45 0.9, A\u00f1o 03.1983 &#8211; 09.1992, 903 ccm, 45 cv<br \/>\n0.9 45, A\u00f1o 02.1984 &#8211; 12.1988, 903 ccm, 46 cv<br \/>\n1.0 45, A\u00f1o 06.1986 &#8211; 12.1993, 999 ccm, 44 cv<br \/>\n45 i.e. 1.0 (146E, 146A), A\u00f1o 10.1984 &#8211; 10.1995, 999 ccm, 45 cv<br \/>\n1.1 50, A\u00f1o 01.1986 &#8211; 12.1989, 1116 ccm, 50 cv<br \/>\n1.1 50, A\u00f1o 01.1990 &#8211; 12.1993, 1108 ccm, 50 cv<br \/>\n1.1 i.e. 50, A\u00f1o 06.1992 &#8211; 12.1993, 1116 ccm, 49 cv<br \/>\n1.1 55, A\u00f1o 01.1983 &#8211; 08.1989, 1116 ccm, 54 cv<br \/>\n1.1 60, A\u00f1o 04.1989 &#8211; 12.1992, 1108 ccm, 57 cv<br \/>\n1.1 60, A\u00f1o 05.1985 &#8211; 08.1989, 1116 ccm, 58 cv<br \/>\n1.7 Di\u00e9sel 60, A\u00f1o 07.1986 &#8211; 08.1989, 1698 ccm, 60 cv<br \/>\n60 Diesel 1.7 (146E), A\u00f1o 09.1989 &#8211; 12.1993, 1698 ccm, 57 cv<br \/>\n1.3 70, A\u00f1o 05.1985 &#8211; 08.1989, 1302 ccm, 65 cv<br \/>\n1.3 70, A\u00f1o 01.1983 &#8211; 04.1985, 1302 ccm, 68 cv<br \/>\n1.4 i.e. 70, A\u00f1o 09.1989 &#8211; 07.1996, 1372 ccm, 70 cv<br \/>\n1.4 i.e. 70, A\u00f1o 09.1989 &#8211; 12.1993, 1372 ccm, 72 cv<br \/>\n1.4 S 70, A\u00f1o 10.1988 &#8211; 06.2006, 1372 ccm, 71 cv<br \/>\n1.4 TD 70, A\u00f1o 10.1986 &#8211; 10.1990, 1367 ccm, 71 cv<br \/>\n75 i.e. 1.5, A\u00f1o 10.1985 &#8211; 12.1993, 1498 ccm, 75 cv<br \/>\nFIAT 127 Panorama (127)<br \/>\n1.0, A\u00f1o 01.1977 &#8211; 12.1986, 1049 ccm, 50 cv<br \/>\n1.3 D, A\u00f1o 06.1981 &#8211; 12.1986, 1301 ccm, 45 cv<br \/>\nFIAT 500 Familiar<br \/>\n0.5, A\u00f1o 01.1960 &#8211; 12.1966, 499 ccm, 15 cv<br \/>\nFIAT 600 Berlina<br \/>\n0.6, A\u00f1o 03.1955 &#8211; 05.1961, 629 ccm, 20 cv<br \/>\n0.8, A\u00f1o 10.1960 &#8211; 02.1971, 767 ccm, 23 cv<br \/>\nFIAT 500 A\/B Topolino<br \/>\n0.6, A\u00f1o 01.1936 &#8211; 03.1948, 569 ccm, 13 cv<br \/>\nFIAT 500 C Topolino<br \/>\n0.6, A\u00f1o 03.1949 &#8211; 12.1955, 570 ccm, 16 cv<br \/>\nFIAT 500 C Topolino Giardiniera<br \/>\n0.6, A\u00f1o 03.1949 &#8211; 12.1955, 570 ccm, 16 cv<br \/>\nFIAT Uno Furg\u00f3n (146)<br \/>\n1.7 D, A\u00f1o 02.1988 &#8211; 02.1992, 1697 ccm, 58 cv<br \/>\n0.9 45, A\u00f1o 02.1988 &#8211; 07.1996, 903 ccm, 45 cv<\/p>\n<p>LA PIEZA ES NUEVA Y ORIGINAL.<\/p>\n","protected":false},"excerpt":{"rendered":"<p>Guardapolvo del cilindro maestro del freno de: Di\u00e1metro interior: 8 mm FIAT 126 (126) 0.6, A\u00f1o 09.1972 &#8211; 06.1977, 594 ccm, 23 cv 0.65, A\u00f1o 07.1977 &#8211; 09.1987, 652 ccm, 23 cv 0.65, A\u00f1o 07.1981 &#8211; 09.2000, 652 ccm, 24 cv 0.7, A\u00f1o 09.1987 &#8211; 06.1996, 704 ccm, 26 cv FIAT 127 Hatchback (127) 0.9, [&hellip;]<\/p>\n","protected":false},"featured_media":88236,"template":"","meta":{"_seopress_robots_primary_cat":"","_seopress_titles_title":"","_seopress_titles_desc":"","_seopress_robots_index":""},"product_cat":[67,68,74,75,20,114],"product_tag":[],"class_list":{"0":"post-88229","1":"product","2":"type-product","3":"status-publish","4":"has-post-thumbnail","6":"product_cat-recambios-fiat-126","7":"product_cat-recambios-fiat-127","8":"product_cat-recambios-fiat-500","9":"product_cat-recambios-fiat-600","10":"product_cat-recambios-fiat","11":"product_cat-recambios-fiat-uno","13":"first","14":"instock","15":"taxable","16":"shipping-taxable","17":"purchasable","18":"product-type-simple"},"_links":{"self":[{"href":"https:\/\/galicianparts.com\/shop\/wp-json\/wp\/v2\/product\/88229"}],"collection":[{"href":"https:\/\/galicianparts.com\/shop\/wp-json\/wp\/v2\/product"}],"about":[{"href":"https:\/\/galicianparts.com\/shop\/wp-json\/wp\/v2\/types\/product"}],"wp:featuredmedia":[{"embeddable":true,"href":"https:\/\/galicianparts.com\/shop\/wp-json\/wp\/v2\/media\/88236"}],"wp:attachment":[{"href":"https:\/\/galicianparts.com\/shop\/wp-json\/wp\/v2\/media?parent=88229"}],"wp:term":[{"taxonomy":"product_cat","embeddable":true,"href":"https:\/\/galicianparts.com\/shop\/wp-json\/wp\/v2\/product_cat?post=88229"},{"taxonomy":"product_tag","embeddable":true,"href":"https:\/\/galicianparts.com\/shop\/wp-json\/wp\/v2\/product_tag?post=88229"}],"curies":[{"name":"wp","href":"https:\/\/api.w.org\/{rel}","templated":true}]}}