{"id":88373,"date":"2024-06-19T11:59:41","date_gmt":"2024-06-19T09:59:41","guid":{"rendered":"https:\/\/galicianparts.com\/shop\/producto\/13541221-pack-5-tornillos-m6-lancia-delta-evo-integrale-fiat-uno-tb-alfa-original\/"},"modified":"2026-03-20T18:34:47","modified_gmt":"2026-03-20T16:34:47","slug":"13541221-pack-5-tornillos-m6-lancia-delta-evo-integrale-fiat-uno-tb-alfa-original","status":"publish","type":"product","link":"https:\/\/galicianparts.com\/shop\/producto\/13541221-pack-5-tornillos-m6-lancia-delta-evo-integrale-fiat-uno-tb-alfa-original\/","title":{"rendered":"13541221 Pack 5 tornillos M6 Lancia Delta Evo \/Integrale \/Fiat Uno TB \/Alfa ORIGINAL"},"content":{"rendered":"<p>Juego, set de cinco esp\u00e1rragos del colector de admisi\u00f3n, mariposa, distribuci\u00f3n, etc&#8230; de:<br \/>\nM\u00e9trica: 6<br \/>\nLargo total: 34 mm<\/p>\n<p>FIAT &#8211; 1V BRAVA BZ\/DS (1995-1998)<br \/>\nFIAT &#8211; 1M BRAVA G.98 BZ\/DS (1998-2001)<br \/>\nFIAT &#8211; 1U BRAVO BZ\/DS (1995-1998)<br \/>\nFIAT &#8211; 1L BRAVO G.98 BZ\/DS (1998-2001)<br \/>\nFIAT &#8211; MY CROMA IE-IE TB. FL.90 (1990-1996)<br \/>\nFIAT &#8211; XP ELBA CSL (1991-1996)<br \/>\nFIAT &#8211; PU MAREA DIESEL (1996-1999)<br \/>\nFIAT &#8211; 1R MAREA DS GAMMA&#8217;99 (1999-2002)<br \/>\nFIAT &#8211; 1F MULTIPLA (1998-2010)<br \/>\nFIAT &#8211; 2H PALIO 2V EXTRA EUROPA REST. 2002 (2002-2011)<br \/>\nFIAT &#8211; 3D PALIO 2V REST.2 (2005-2011)<br \/>\nFIAT &#8211; 2G PALIO WE EUROPA REST. (2002-2004)<br \/>\nFIAT &#8211; 2K PALIO WE EXTRA EUROPA REST. 2002 (2002-2008)<br \/>\nFIAT &#8211; 1P PUNTO DS (1999-2003)<br \/>\nFIAT &#8211; 2L SIENA EXTRA EUROPA REST.(2002-2012)<br \/>\nFIAT &#8211; 3E SIENA REST.2 (2005-2011)<br \/>\nFIAT &#8211; MW TEMPRA 1750-2000 (1989-1993)<br \/>\nFIAT &#8211; MX TEMPRA DIESEL-TURBO D.(1989-1993)<br \/>\nFIAT &#8211; NZ TEMPRA MAQ.93 1750-2000 (&#8217;93-&#8217;96)<br \/>\nFIAT &#8211; NJ TEMPRA MQ.93 D-TD (1993-1996)<br \/>\nFIAT &#8211; NG TIPO 1750-2000 (1990-1993)<br \/>\nFIAT &#8211; MF TIPO DIESEL-T.DS. (1987-1993)<br \/>\nFIAT &#8211; NT TIPO MAQ.93 D-TD (1993-1995)<br \/>\nFIAT &#8211; NU TIPO MQ.93 1750-2000 (1993-1995)<br \/>\nFIAT &#8211; MS UNO R\/89 1.1-1370-1.5 (1989-1995)<br \/>\nFIAT &#8211; MT UNO TURBO R\/89 (1989-1993)<br \/>\nALFA ROMEO &#8211; W3 145 M.Y. &#8217;99 (1999-2000)<br \/>\nALFA ROMEO &#8211; W4 146 M.Y. &#8217;99 (1999-2000)<br \/>\nALFA ROMEO &#8211; W8 147 BZ\/DS (2000-2010)<br \/>\nALFA ROMEO &#8211; X1 156 M.Y.2002 BZ\/DS (2001-2005)<br \/>\nALFA ROMEO &#8211; T8 156 TD.ID. (1997-2002)<br \/>\nALFA ROMEO &#8211; W9 166 BZ-DS (1998-2007)<br \/>\nALFA ROMEO &#8211; X2 GT (2003-2010)<br \/>\nLANCIA &#8211; RY DEDRA BENZINA (1989-1994)<br \/>\nLANCIA &#8211; SL DEDRA FL.94 1580-1750 8\/16V 2000 (1994-1999)<br \/>\nLANCIA &#8211; SN DEDRA FL.94 T.DS (1994-1999)<br \/>\nLANCIA &#8211; RJ DEDRA IE.TB.INTEGRALE (1990-1994)<br \/>\nLANCIA &#8211; RZ DEDRA TURBO DIESEL (1989-1994)<br \/>\nLANCIA &#8211; RT DELTA 4WD (1986-1991)<br \/>\nLANCIA &#8211; SA DELTA EVOLUZIONE (1991-1994)<br \/>\nLANCIA &#8211; TB DELTA R.86 BZ\/DS (1986-1992)<br \/>\nLANCIA &#8211; SR KAPPA DIESEL (1994-2001)<br \/>\nLANCIA &#8211; SY LYBRA DS (1999-2005)<br \/>\nLANCIA &#8211; SQ N.DELTA TB\/DS (1994-1999)<br \/>\nLANCIA &#8211; SZ THEMA BZ\/DS R.88 (1988-1992)<br \/>\nLANCIA &#8211; SE THEMA I.E. 8V FL.92 (1992-1994)<br \/>\nLANCIA &#8211; SJ THESIS (2001-2007)<br \/>\nFIAT PROFESSIONAL &#8211; 2M FIORINO (1991-1993)<br \/>\nFIAT PROFESSIONAL &#8211; 1G STRADA (1999-2005) <\/p>\n<p>LA PIEZA ES NUEVA Y ORIGINAL.<\/p>\n","protected":false},"excerpt":{"rendered":"<p>Juego, set de cinco esp\u00e1rragos del colector de admisi\u00f3n, mariposa, distribuci\u00f3n, etc&#8230; de: M\u00e9trica: 6 Largo total: 34 mm FIAT &#8211; 1V BRAVA BZ\/DS (1995-1998) FIAT &#8211; 1M BRAVA G.98 BZ\/DS (1998-2001) FIAT &#8211; 1U BRAVO BZ\/DS (1995-1998) FIAT &#8211; 1L BRAVO G.98 BZ\/DS (1998-2001) FIAT &#8211; MY CROMA IE-IE TB. FL.90 (1990-1996) FIAT &#8211; [&hellip;]<\/p>\n","protected":false},"featured_media":88376,"template":"","meta":{"_seopress_robots_primary_cat":"","_seopress_titles_title":"","_seopress_titles_desc":"","_seopress_robots_index":""},"product_cat":[15],"product_tag":[],"class_list":{"0":"post-88373","1":"product","2":"type-product","3":"status-publish","4":"has-post-thumbnail","6":"product_cat-sin-categorizar","8":"first","9":"instock","10":"taxable","11":"shipping-taxable","12":"purchasable","13":"product-type-simple"},"_links":{"self":[{"href":"https:\/\/galicianparts.com\/shop\/wp-json\/wp\/v2\/product\/88373"}],"collection":[{"href":"https:\/\/galicianparts.com\/shop\/wp-json\/wp\/v2\/product"}],"about":[{"href":"https:\/\/galicianparts.com\/shop\/wp-json\/wp\/v2\/types\/product"}],"wp:featuredmedia":[{"embeddable":true,"href":"https:\/\/galicianparts.com\/shop\/wp-json\/wp\/v2\/media\/88376"}],"wp:attachment":[{"href":"https:\/\/galicianparts.com\/shop\/wp-json\/wp\/v2\/media?parent=88373"}],"wp:term":[{"taxonomy":"product_cat","embeddable":true,"href":"https:\/\/galicianparts.com\/shop\/wp-json\/wp\/v2\/product_cat?post=88373"},{"taxonomy":"product_tag","embeddable":true,"href":"https:\/\/galicianparts.com\/shop\/wp-json\/wp\/v2\/product_tag?post=88373"}],"curies":[{"name":"wp","href":"https:\/\/api.w.org\/{rel}","templated":true}]}}