{"id":88398,"date":"2024-06-19T13:19:31","date_gmt":"2024-06-19T11:19:31","guid":{"rendered":"https:\/\/galicianparts.com\/shop\/producto\/60600678-tubo-admision-aire-turbo-lancia-kappa-2-4-tds-1994-2001-nuevo-original\/"},"modified":"2024-06-19T13:20:44","modified_gmt":"2024-06-19T11:20:44","slug":"60600678-tubo-admision-aire-turbo-lancia-kappa-2-4-tds-1994-2001-nuevo-original","status":"publish","type":"product","link":"https:\/\/galicianparts.com\/shop\/producto\/60600678-tubo-admision-aire-turbo-lancia-kappa-2-4-tds-1994-2001-nuevo-original\/","title":{"rendered":"60600678 Tubo admisi\u00f3n aire turbo Lancia Kappa 2.4 TDS (1994-2001) NUEVO ORIGINAL"},"content":{"rendered":"<p>Manguito del caudal\u00edmetro a la admisi\u00f3n de aire del turbo de:<br \/>\nLANCIA &#8211; SR KAPPA DIESEL (1994-2001) 2400 T.DS (838A3.000) \/ 2400 T.DS (838A7.000)<\/p>\n<p>LA PIEZA ES NUEVA Y ORIGINAL.<\/p>\n","protected":false},"excerpt":{"rendered":"<p>Manguito del caudal\u00edmetro a la admisi\u00f3n de aire del turbo de: LANCIA &#8211; SR KAPPA DIESEL (1994-2001) 2400 T.DS (838A3.000) \/ 2400 T.DS (838A7.000) LA PIEZA ES NUEVA Y ORIGINAL.<\/p>\n","protected":false},"featured_media":88399,"template":"","meta":{"_seopress_robots_primary_cat":"","_seopress_titles_title":"","_seopress_titles_desc":"","_seopress_robots_index":""},"product_cat":[119,21],"product_tag":[],"class_list":{"0":"post-88398","1":"product","2":"type-product","3":"status-publish","4":"has-post-thumbnail","6":"product_cat-recambios-lancia-kappa","7":"product_cat-recambios-lancia","9":"first","10":"instock","11":"taxable","12":"shipping-taxable","13":"purchasable","14":"product-type-simple"},"_links":{"self":[{"href":"https:\/\/galicianparts.com\/shop\/wp-json\/wp\/v2\/product\/88398"}],"collection":[{"href":"https:\/\/galicianparts.com\/shop\/wp-json\/wp\/v2\/product"}],"about":[{"href":"https:\/\/galicianparts.com\/shop\/wp-json\/wp\/v2\/types\/product"}],"wp:featuredmedia":[{"embeddable":true,"href":"https:\/\/galicianparts.com\/shop\/wp-json\/wp\/v2\/media\/88399"}],"wp:attachment":[{"href":"https:\/\/galicianparts.com\/shop\/wp-json\/wp\/v2\/media?parent=88398"}],"wp:term":[{"taxonomy":"product_cat","embeddable":true,"href":"https:\/\/galicianparts.com\/shop\/wp-json\/wp\/v2\/product_cat?post=88398"},{"taxonomy":"product_tag","embeddable":true,"href":"https:\/\/galicianparts.com\/shop\/wp-json\/wp\/v2\/product_tag?post=88398"}],"curies":[{"name":"wp","href":"https:\/\/api.w.org\/{rel}","templated":true}]}}