{"id":88407,"date":"2024-06-24T10:37:55","date_gmt":"2024-06-24T08:37:55","guid":{"rendered":"https:\/\/galicianparts.com\/shop\/producto\/7667301-tubo-deposito-radiador-motor-lancia-dedra-1-9-td-1989-1994-original\/"},"modified":"2024-12-27T21:37:52","modified_gmt":"2024-12-27T19:37:52","slug":"7667301-tubo-deposito-radiador-motor-lancia-dedra-1-9-td-1989-1994-original","status":"publish","type":"product","link":"https:\/\/galicianparts.com\/shop\/producto\/7667301-tubo-deposito-radiador-motor-lancia-dedra-1-9-td-1989-1994-original\/","title":{"rendered":"7667301 Tubo dep\u00f3sito radiador motor Lancia Dedra 1.9 TD (1989-1994) ORIGINAL"},"content":{"rendered":"<p>Manguito de recuperaci\u00f3n del refrigerante del radiador al vaso de expansi\u00f3n de:<br \/>\nLANCIA &#8211; RZ DEDRA TURBO DIESEL (1989-1994) 1930 TURBO EM.08<\/p>\n<p>LA PIEZA ES NUEVA Y ORIGINAL.<\/p>\n","protected":false},"excerpt":{"rendered":"<p>Manguito de recuperaci\u00f3n del refrigerante del radiador al vaso de expansi\u00f3n de: LANCIA &#8211; RZ DEDRA TURBO DIESEL (1989-1994) 1930 TURBO EM.08 LA PIEZA ES NUEVA Y ORIGINAL.<\/p>\n","protected":false},"featured_media":88409,"template":"","meta":{"_seopress_robots_primary_cat":"","_seopress_titles_title":"","_seopress_titles_desc":"","_seopress_robots_index":""},"product_cat":[117,21],"product_tag":[],"class_list":{"0":"post-88407","1":"product","2":"type-product","3":"status-publish","4":"has-post-thumbnail","6":"product_cat-recambios-lancia-dedra","7":"product_cat-recambios-lancia","9":"first","10":"outofstock","11":"taxable","12":"shipping-taxable","13":"purchasable","14":"product-type-simple"},"_links":{"self":[{"href":"https:\/\/galicianparts.com\/shop\/wp-json\/wp\/v2\/product\/88407"}],"collection":[{"href":"https:\/\/galicianparts.com\/shop\/wp-json\/wp\/v2\/product"}],"about":[{"href":"https:\/\/galicianparts.com\/shop\/wp-json\/wp\/v2\/types\/product"}],"wp:featuredmedia":[{"embeddable":true,"href":"https:\/\/galicianparts.com\/shop\/wp-json\/wp\/v2\/media\/88409"}],"wp:attachment":[{"href":"https:\/\/galicianparts.com\/shop\/wp-json\/wp\/v2\/media?parent=88407"}],"wp:term":[{"taxonomy":"product_cat","embeddable":true,"href":"https:\/\/galicianparts.com\/shop\/wp-json\/wp\/v2\/product_cat?post=88407"},{"taxonomy":"product_tag","embeddable":true,"href":"https:\/\/galicianparts.com\/shop\/wp-json\/wp\/v2\/product_tag?post=88407"}],"curies":[{"name":"wp","href":"https:\/\/api.w.org\/{rel}","templated":true}]}}