{"id":88421,"date":"2024-06-24T11:10:33","date_gmt":"2024-06-24T09:10:33","guid":{"rendered":"https:\/\/galicianparts.com\/shop\/producto\/5908862-embellecedor-central-llanta-fiat-seicento-sporting-1998-2010-original\/"},"modified":"2025-01-12T16:06:51","modified_gmt":"2025-01-12T14:06:51","slug":"5908862-embellecedor-central-llanta-fiat-seicento-sporting-1998-2010-original","status":"publish","type":"product","link":"https:\/\/galicianparts.com\/shop\/producto\/5908862-embellecedor-central-llanta-fiat-seicento-sporting-1998-2010-original\/","title":{"rendered":"5908862 Embellecedor central llanta Fiat Seicento Sporting (1998-2010) ORIGINAL"},"content":{"rendered":"<p>Tapacubo, tapa central de Abarth de la llanta de aleaci\u00f3n de:<br \/>\nDi\u00e1metro: 49,5 mm<br \/>\nDi\u00e1metro anclaje: 44,5 mm<\/p>\n<p>FIAT &#8211; 1E SEICENTO (1998-2010) SPORTING \/ \u00abSPORTING\u00bb (M.Y.2000) \/ KIT SPORT \/ RUEDAS\u00a0DE\u00a0ALEACI\u00d3N\u00a0LIGERA \/ KIT DEPORTIVO<\/p>\n<p>LA PIEZA ES NUEVA Y ORIGINAL.<\/p>\n","protected":false},"excerpt":{"rendered":"<p>Tapacubo, tapa central de Abarth de la llanta de aleaci\u00f3n de: Di\u00e1metro: 49,5 mm Di\u00e1metro anclaje: 44,5 mm FIAT &#8211; 1E SEICENTO (1998-2010) SPORTING \/ \u00abSPORTING\u00bb (M.Y.2000) \/ KIT SPORT \/ RUEDAS\u00a0DE\u00a0ALEACI\u00d3N\u00a0LIGERA \/ KIT DEPORTIVO LA PIEZA ES NUEVA Y ORIGINAL.<\/p>\n","protected":false},"featured_media":88425,"template":"","meta":{"_seopress_robots_primary_cat":"","_seopress_titles_title":"","_seopress_titles_desc":"","_seopress_robots_index":""},"product_cat":[20,106],"product_tag":[],"class_list":{"0":"post-88421","1":"product","2":"type-product","3":"status-publish","4":"has-post-thumbnail","6":"product_cat-recambios-fiat","7":"product_cat-recambios-fiat-seicento","9":"first","10":"outofstock","11":"taxable","12":"shipping-taxable","13":"purchasable","14":"product-type-simple"},"_links":{"self":[{"href":"https:\/\/galicianparts.com\/shop\/wp-json\/wp\/v2\/product\/88421"}],"collection":[{"href":"https:\/\/galicianparts.com\/shop\/wp-json\/wp\/v2\/product"}],"about":[{"href":"https:\/\/galicianparts.com\/shop\/wp-json\/wp\/v2\/types\/product"}],"wp:featuredmedia":[{"embeddable":true,"href":"https:\/\/galicianparts.com\/shop\/wp-json\/wp\/v2\/media\/88425"}],"wp:attachment":[{"href":"https:\/\/galicianparts.com\/shop\/wp-json\/wp\/v2\/media?parent=88421"}],"wp:term":[{"taxonomy":"product_cat","embeddable":true,"href":"https:\/\/galicianparts.com\/shop\/wp-json\/wp\/v2\/product_cat?post=88421"},{"taxonomy":"product_tag","embeddable":true,"href":"https:\/\/galicianparts.com\/shop\/wp-json\/wp\/v2\/product_tag?post=88421"}],"curies":[{"name":"wp","href":"https:\/\/api.w.org\/{rel}","templated":true}]}}