{"id":88440,"date":"2024-06-24T11:59:21","date_gmt":"2024-06-24T09:59:21","guid":{"rendered":"https:\/\/galicianparts.com\/shop\/producto\/13517034-pack-4-tornillos-m8-lancia-delta-evo-integrale-fiat-alfa-nuevo-original\/"},"modified":"2024-08-06T00:36:12","modified_gmt":"2024-08-05T22:36:12","slug":"13517034-pack-4-tornillos-m8-lancia-delta-evo-integrale-fiat-alfa-nuevo-original","status":"publish","type":"product","link":"https:\/\/galicianparts.com\/shop\/producto\/13517034-pack-4-tornillos-m8-lancia-delta-evo-integrale-fiat-alfa-nuevo-original\/","title":{"rendered":"13517034 Pack 4 tornillos M8 Lancia Delta Evo \/Integrale \/Fiat \/Alfa NUEVO ORIGINAL"},"content":{"rendered":"<p>Juego, set de cuatro esp\u00e1rragos de las tapas del c\u00e1rter, soporte turbo, colector de admisi\u00f3n, colector de escape, distribuci\u00f3n, etc&#8230; de:<br \/>\nM\u00e9trica: 8<br \/>\nLargo: 25 mm<br \/>\nLargo total: 32 mm<\/p>\n<p>FIAT &#8211; 83 500 MY2012 (2012-&#8230;.)<br \/>\nFIAT &#8211; 73 500L (2012-&#8230;.)<br \/>\nFIAT &#8211; 1V BRAVA BZ\/DS (1995-1998)<br \/>\nFIAT &#8211; 1M BRAVA G.98 BZ\/DS (1998-2001)<br \/>\nFIAT &#8211; 1U BRAVO BZ\/DS (1995-1998)<br \/>\nFIAT &#8211; 1L BRAVO G.98 BZ\/DS (1998-2001)<br \/>\nFIAT &#8211; MJ CROMA TURBO DS FL.90 (1990-1996)<br \/>\nFIAT &#8211; 2B DUNA BENZINA\/DIESEL (1986-1990)<br \/>\nFIAT &#8211; XP ELBA CSL (1991-1996)<br \/>\nFIAT &#8211; 2Y GRANDE PUNTO (2005-2008)<br \/>\nFIAT &#8211; 4C GRANDE PUNTO (2008-2009)<br \/>\nFIAT &#8211; 3S GRANDE PUNTO INTERN. INDIA (2008-2014)<br \/>\nFIAT &#8211; 2S IDEA (2003-2008)<br \/>\nFIAT &#8211; 4D IDEA (2008-2012)<br \/>\nFIAT &#8211; 3M LINEA (2007-&#8230;.)<br \/>\nFIAT &#8211; 0C LINEA INDIA FL2014 (2014-&#8230;.)<br \/>\nFIAT &#8211; PT MAREA BENZINA (1996-1999)<br \/>\nFIAT &#8211; 1Q MAREA BZ GAMMA&#8217;99 (1999-2002)<br \/>\nFIAT &#8211; PU MAREA DIESEL (1996-1999)<br \/>\nFIAT &#8211; XR MILLE (1994-1995)<br \/>\nFIAT &#8211; XS MILLE CLIP (1995-1997)<br \/>\nFIAT &#8211; 3P NUOVA 500 (2007-2012)<br \/>\nFIAT &#8211; 3L NUOVA BRAVO (2007-2009)<br \/>\nFIAT &#8211; 3Y NUOVA BRAVO MY 2010 (2010-2014)<br \/>\nFIAT &#8211; 2Q NUOVA PANDA (2003-2009)<br \/>\nFIAT &#8211; 51 NUOVA PUNTO MY2012 (2012-2013)<br \/>\nFIAT &#8211; 1X PALIO 2V EXTRA EUROPA (1997-2002)<br \/>\nFIAT &#8211; 2H PALIO 2V EXTRA EUROPA REST. 2002 (2002-2011)<br \/>\nFIAT &#8211; 2G PALIO WE EUROPA REST. (2002-2004)<br \/>\nFIAT &#8211; 2K PALIO WE EXTRA EUROPA REST. 2002 (2002-2008)<br \/>\nFIAT &#8211; 2P PANDA DS (1986-1993)<br \/>\nFIAT &#8211; 3U PANDA MY 2009 (2009-2010)<br \/>\nFIAT &#8211; 1N PUNTO BZ (1999-2003)<br \/>\nFIAT &#8211; 1A PUNTO BZ. GAMMA &#8217;97 (1997-1999)<br \/>\nFIAT &#8211; 1C PUNTO CABRIO GAMMA&#8217;97 (1997-2000)<br \/>\nFIAT &#8211; 3J PUNTO EVO (2009-2011)<br \/>\nFIAT &#8211; 2U PUNTO FL.&#8217;03 (2003-2010)<br \/>\nFIAT &#8211; 6U PUNTO MY 2013 (2013-&#8230;.)<br \/>\nFIAT &#8211; 2L SIENA EXTRA EUROPA REST.(2002-2012)<br \/>\nFIAT &#8211; 2C STILO BZ\/DS (2001-2003)<br \/>\nFIAT &#8211; 2V STILO F.L.L. 2003 (2003-2007)<br \/>\nFIAT &#8211; MW TEMPRA 1750-2000 (1989-1993)<br \/>\nFIAT &#8211; NZ TEMPRA MAQ.93 1750-2000 (&#8217;93-&#8217;96)<br \/>\nFIAT &#8211; MF TIPO DIESEL-T.DS. (1987-1993)<br \/>\nFIAT &#8211; ML UNO CS (1988-1990)<br \/>\nFIAT &#8211; 1D UNO MONDO (1995-2010)<br \/>\nFIAT &#8211; MS UNO R\/89 1.1-1370-1.5 (1989-1995)<br \/>\nFIAT &#8211; MR UNO R\/89 900-1.0-1.1 (1989-1995)<br \/>\nALFA ROMEO &#8211; W8 147 BZ\/DS (2000-2010)<br \/>\nALFA ROMEO &#8211; U6 155 TURBO BZ-DS (1992-1996)<br \/>\nALFA ROMEO &#8211; X1 156 M.Y.2002 BZ\/DS (2001-2005)<br \/>\nALFA ROMEO &#8211; W1 164 FL\/92 (1992-1997)<br \/>\nALFA ROMEO &#8211; W2 164 SUPER (1992-1997)<br \/>\nALFA ROMEO &#8211; R4 164 USA MY.94-95 (1993-1995)<br \/>\nALFA ROMEO &#8211; W9 166 BZ-DS (1998-2007)<br \/>\nALFA ROMEO &#8211; X6 ALFA MITO (2008-2011)<br \/>\nALFA ROMEO &#8211; X2 GT (2003-2010)<br \/>\nALFA ROMEO &#8211; W0 GTV &#8217;98 (1998-2005)<br \/>\nALFA ROMEO &#8211; QZ MITO MY2011 (2011-2013)<br \/>\nALFA ROMEO &#8211; U7 NUOVO SPIDER (1995-1998)<br \/>\nALFA ROMEO &#8211; U9 SPIDER &#8217;98 (1998-2006)<br \/>\nLANCIA &#8211; SL DEDRA FL.94 1580-1750 8\/16V 2000 (1994-1999)<br \/>\nLANCIA &#8211; RJ DEDRA IE.TB.INTEGRALE (1990-1994)<br \/>\nLANCIA &#8211; RT DELTA 4WD (1986-1991)<br \/>\nLANCIA &#8211; SA DELTA EVOLUZIONE (1991-1994)<br \/>\nLANCIA &#8211; TB DELTA R.86 BZ\/DS (1986-1992)<br \/>\nLANCIA &#8211; SR KAPPA DIESEL (1994-2001)<br \/>\nLANCIA &#8211; TG MUSA (2004-2007)<br \/>\nLANCIA &#8211; TJ MUSA (2007-2011)<br \/>\nLANCIA &#8211; 43 MUSA FLL (2011-2012)<br \/>\nLANCIA &#8211; SF N.DELTA 1400-1600-1800(1993-1999)<br \/>\nLANCIA &#8211; SZ THEMA BZ\/DS R.88 (1988-1992)<br \/>\nLANCIA &#8211; SC THEMA TURBO DS FL.92 (1992-1994)<br \/>\nLANCIA &#8211; SJ THESIS (2001-2007)<br \/>\nLANCIA &#8211; SU Y (1995-2000)<br \/>\nLANCIA &#8211; TA Y FL.2000 (2000-2003)<br \/>\nLANCIA &#8211; ZL Y10 FL.89 (1988-1992)<br \/>\nLANCIA &#8211; TE YPSILON (2003-2009)<br \/>\nLANCIA &#8211; TI YPSILON (2009-2011)<br \/>\nFIAT PROFESSIONAL &#8211; ND DUCATO 4X4 R.90 (1990-1994)<br \/>\nFIAT PROFESSIONAL &#8211; 2E DUCATO RESTYL. BZ\/DS (2001-2006)<br \/>\nFIAT PROFESSIONAL &#8211; PE DUCATO&#8217;94 DIESEL (1994-2002)<br \/>\nFIAT PROFESSIONAL &#8211; 2M FIORINO (1991-1993)<br \/>\nFIAT PROFESSIONAL &#8211; 3A FIORINO EXPORT (2004-2008)<br \/>\nFIAT PROFESSIONAL &#8211; 2N FIORINO RL (1993-2000)<br \/>\nFIAT PROFESSIONAL &#8211; 3V NUOVO DOBLO 2009 (2009-&#8230;.)<br \/>\nFIAT PROFESSIONAL &#8211; 2J NUOVO DUCATO 2006 (2006-2014)<br \/>\nFIAT PROFESSIONAL &#8211; NA NUOVO DUCATO DS.R.90 (1990-1994)<br \/>\nFIAT PROFESSIONAL &#8211; 4X NUOVO DUCATO MY 2011 (2011-2014)<br \/>\nFIAT PROFESSIONAL &#8211; 4Y NUOVO DUCATO MY 2014 (2014-&#8230;.)<br \/>\nCITROEN &#8211; C25 (1990-1994)<br \/>\nCITROEN &#8211; JUMPER (2001-&#8230;)<br \/>\nPEUGEOT &#8211; J5 (1990-1994)<br \/>\nPEUGEOT &#8211; BOXER (2001-&#8230;)<\/p>\n<p>LA PIEZA ES NUEVA Y ORIGINAL.<\/p>\n","protected":false},"excerpt":{"rendered":"<p>Juego, set de cuatro esp\u00e1rragos de las tapas del c\u00e1rter, soporte turbo, colector de admisi\u00f3n, colector de escape, distribuci\u00f3n, etc&#8230; de: M\u00e9trica: 8 Largo: 25 mm Largo total: 32 mm FIAT &#8211; 83 500 MY2012 (2012-&#8230;.) FIAT &#8211; 73 500L (2012-&#8230;.) FIAT &#8211; 1V BRAVA BZ\/DS (1995-1998) FIAT &#8211; 1M BRAVA G.98 BZ\/DS (1998-2001) FIAT [&hellip;]<\/p>\n","protected":false},"featured_media":88441,"template":"","meta":{"_seopress_robots_primary_cat":"","_seopress_titles_title":"","_seopress_titles_desc":"","_seopress_robots_index":""},"product_cat":[44,48,49,54,57,74,16,155,81,82,132,23,86,117,118,89,90,20,92,50,55,93,157,137,119,21,94,95,47,121,98,99,24,101,107,56,108,111,124,125,112,114,126,127],"product_tag":[],"class_list":{"0":"post-88440","1":"product","2":"type-product","3":"status-publish","4":"has-post-thumbnail","6":"product_cat-recambios-alfa-romeo-147","7":"product_cat-recambios-alfa-romeo-155","8":"product_cat-recambios-alfa-romeo-156","9":"product_cat-recambios-alfa-romeo-164","10":"product_cat-recambios-alfa-romeo-166","11":"product_cat-recambios-fiat-500","12":"product_cat-recambios-alfa-romeo","13":"product_cat-recambios-peugeot-boxer","14":"product_cat-recambios-fiat-brava","15":"product_cat-recambios-fiat-bravo","16":"product_cat-recambios-citroen-c25","17":"product_cat-recambios-citroen","18":"product_cat-recambios-fiat-croma","19":"product_cat-recambios-lancia-dedra","20":"product_cat-recambios-lancia-delta","21":"product_cat-recambios-fiat-duna","22":"product_cat-recambios-fiat-elba","23":"product_cat-recambios-fiat","24":"product_cat-recambios-fiat-grande-punto","25":"product_cat-recambios-alfa-romeo-gt","26":"product_cat-recambios-alfa-romeo-gtv","27":"product_cat-recambios-fiat-idea","28":"product_cat-recambios-peugeot-j5","29":"product_cat-recambios-citroen-jumper","30":"product_cat-recambios-lancia-kappa","31":"product_cat-recambios-lancia","32":"product_cat-recambios-fiat-linea","33":"product_cat-recambios-fiat-marea","34":"product_cat-recambios-alfa-romeo-mito","35":"product_cat-recambios-lancia-musa","36":"product_cat-recambios-fiat-palio","37":"product_cat-recambios-fiat-panda","38":"product_cat-recambios-peugeot","39":"product_cat-recambios-fiat-punto","40":"product_cat-recambios-fiat-siena","41":"product_cat-recambios-alfa-romeo-spider","42":"product_cat-recambios-fiat-stilo","43":"product_cat-recambios-fiat-tempra","44":"product_cat-recambios-lancia-thema","45":"product_cat-recambios-lancia-thesis","46":"product_cat-recambios-fiat-tipo","47":"product_cat-recambios-fiat-uno","48":"product_cat-recambios-lancia-y10","49":"product_cat-recambios-lancia-ypsilon","51":"first","52":"outofstock","53":"taxable","54":"shipping-taxable","55":"purchasable","56":"product-type-simple"},"_links":{"self":[{"href":"https:\/\/galicianparts.com\/shop\/wp-json\/wp\/v2\/product\/88440"}],"collection":[{"href":"https:\/\/galicianparts.com\/shop\/wp-json\/wp\/v2\/product"}],"about":[{"href":"https:\/\/galicianparts.com\/shop\/wp-json\/wp\/v2\/types\/product"}],"wp:featuredmedia":[{"embeddable":true,"href":"https:\/\/galicianparts.com\/shop\/wp-json\/wp\/v2\/media\/88441"}],"wp:attachment":[{"href":"https:\/\/galicianparts.com\/shop\/wp-json\/wp\/v2\/media?parent=88440"}],"wp:term":[{"taxonomy":"product_cat","embeddable":true,"href":"https:\/\/galicianparts.com\/shop\/wp-json\/wp\/v2\/product_cat?post=88440"},{"taxonomy":"product_tag","embeddable":true,"href":"https:\/\/galicianparts.com\/shop\/wp-json\/wp\/v2\/product_tag?post=88440"}],"curies":[{"name":"wp","href":"https:\/\/api.w.org\/{rel}","templated":true}]}}