{"id":88559,"date":"2024-07-04T10:48:08","date_gmt":"2024-07-04T08:48:08","guid":{"rendered":"https:\/\/galicianparts.com\/shop\/producto\/5985716-casquillo-junta-escape-fiat-panda-uno-lancia-y10-nuevo-original\/"},"modified":"2024-07-04T10:51:23","modified_gmt":"2024-07-04T08:51:23","slug":"5985716-casquillo-junta-escape-fiat-panda-uno-lancia-y10-nuevo-original","status":"publish","type":"product","link":"https:\/\/galicianparts.com\/shop\/producto\/5985716-casquillo-junta-escape-fiat-panda-uno-lancia-y10-nuevo-original\/","title":{"rendered":"5985716 Casquillo junta escape Fiat Panda \/Uno \/Lancia Y10 NUEVO ORIGINAL"},"content":{"rendered":"<p>Casquillo separador de los tornillos de la uni\u00f3n del tubo de escape de:<br \/>\nDi\u00e1metro exterior: 12,5 mm<br \/>\nDi\u00e1metro interior: 8,5 mm<br \/>\nLargo: 50 mm<\/p>\n<p>FIAT &#8211; XS MILLE CLIP (1995-1997) 1372 SPI<br \/>\nFIAT &#8211; 1S PANDA 4X2 MAQ 91 (1991-2003) 1000\u00a0SPI\u00a0USA\u00a083\u00a0BOSCH<br \/>\nFIAT &#8211; LV PANDA 4X2 RL\/86 (1985-1991) 1000 ACT USA&#8217;77 (CH)<br \/>\nFIAT &#8211; LV PANDA 4X2 RL\/86 (1985-1991) 1000 SPI USA&#8217;83<br \/>\nFIAT &#8211; 1T PANDA 4X4 MAQ 91 (1991-2003) 1000 CARB.<br \/>\nFIAT &#8211; 1T PANDA 4X4 MAQ 91 (1991-2003) 1000 SPI USA 83<br \/>\nFIAT &#8211; 2R PANDA 4X4 R\/86 (1985-1991) 1000 SPI USA 83<br \/>\nFIAT &#8211; 2R PANDA 4X4 R\/86 (1985-1991) 1000 ACT CARB<br \/>\nFIAT &#8211; 2P PANDA DS (1986-1993)<br \/>\nFIAT &#8211; MS UNO R\/89 (1989-1995) 1370 SPI USA&#8217;83<br \/>\nFIAT &#8211; MS UNO R\/89 (1989-1995) 1500 SPI USA&#8217;83<br \/>\nFIAT &#8211; MS UNO R\/89 (1989-1995) CAMBIO AUTOMATICO \/ 1116 \/ 1116 TREND<br \/>\nFIAT &#8211; MR UNO R\/89 (1989-1995) 1000 USA&#8217;83<br \/>\nLANCIA &#8211; ZL Y10 FL.89 (1988-1992) 1000 SPI USA&#8217;83<br \/>\nLANCIA &#8211; ZL Y10 FL.89 (1988-1992) FIRE \/ FIRE LX \/ 1100 SPI USA&#8217;83<br \/>\nLANCIA &#8211; ZL Y10 FL.89 (1988-1992) 1100 SPI<br \/>\nLANCIA &#8211; ZL Y10 FL.89 (1988-1992) 1300 MPI<br \/>\nFIAT PROFESSIONAL &#8211; 2M FIORINO (1991-1993) 1500 SPI USA&#8217;83<br \/>\nAUTOBIANCHI &#8211; Y10 (1988-1992)<\/p>\n<p>LA PIEZA ES NUEVA Y ORIGINAL.<\/p>\n","protected":false},"excerpt":{"rendered":"<p>Casquillo separador de los tornillos de la uni\u00f3n del tubo de escape de: Di\u00e1metro exterior: 12,5 mm Di\u00e1metro interior: 8,5 mm Largo: 50 mm FIAT &#8211; XS MILLE CLIP (1995-1997) 1372 SPI FIAT &#8211; 1S PANDA 4X2 MAQ 91 (1991-2003) 1000\u00a0SPI\u00a0USA\u00a083\u00a0BOSCH FIAT &#8211; LV PANDA 4X2 RL\/86 (1985-1991) 1000 ACT USA&#8217;77 (CH) FIAT &#8211; LV [&hellip;]<\/p>\n","protected":false},"featured_media":88562,"template":"","meta":{"_seopress_robots_primary_cat":"","_seopress_titles_title":"","_seopress_titles_desc":"","_seopress_robots_index":""},"product_cat":[25,20,91,21,99,114,126,64],"product_tag":[],"class_list":{"0":"post-88559","1":"product","2":"type-product","3":"status-publish","4":"has-post-thumbnail","6":"product_cat-recambios-autobianchi","7":"product_cat-recambios-fiat","8":"product_cat-recambios-fiat-fiorino","9":"product_cat-recambios-lancia","10":"product_cat-recambios-fiat-panda","11":"product_cat-recambios-fiat-uno","12":"product_cat-recambios-lancia-y10","13":"product_cat-recambios-autobianchi-y10","15":"first","16":"instock","17":"taxable","18":"shipping-taxable","19":"purchasable","20":"product-type-simple"},"_links":{"self":[{"href":"https:\/\/galicianparts.com\/shop\/wp-json\/wp\/v2\/product\/88559"}],"collection":[{"href":"https:\/\/galicianparts.com\/shop\/wp-json\/wp\/v2\/product"}],"about":[{"href":"https:\/\/galicianparts.com\/shop\/wp-json\/wp\/v2\/types\/product"}],"wp:featuredmedia":[{"embeddable":true,"href":"https:\/\/galicianparts.com\/shop\/wp-json\/wp\/v2\/media\/88562"}],"wp:attachment":[{"href":"https:\/\/galicianparts.com\/shop\/wp-json\/wp\/v2\/media?parent=88559"}],"wp:term":[{"taxonomy":"product_cat","embeddable":true,"href":"https:\/\/galicianparts.com\/shop\/wp-json\/wp\/v2\/product_cat?post=88559"},{"taxonomy":"product_tag","embeddable":true,"href":"https:\/\/galicianparts.com\/shop\/wp-json\/wp\/v2\/product_tag?post=88559"}],"curies":[{"name":"wp","href":"https:\/\/api.w.org\/{rel}","templated":true}]}}