{"id":88728,"date":"2024-07-09T12:00:32","date_gmt":"2024-07-09T10:00:32","guid":{"rendered":"https:\/\/galicianparts.com\/shop\/producto\/82315794-silentblock-mangueta-trasera-lancia-thema-kappa-fiat-croma-alfa-164-original\/"},"modified":"2025-09-17T12:38:47","modified_gmt":"2025-09-17T10:38:47","slug":"82315794-silentblock-mangueta-trasera-lancia-thema-kappa-fiat-croma-alfa-164-original","status":"publish","type":"product","link":"https:\/\/galicianparts.com\/shop\/producto\/82315794-silentblock-mangueta-trasera-lancia-thema-kappa-fiat-croma-alfa-164-original\/","title":{"rendered":"82315794 Silentblock mangueta trasera Lancia Thema \/Kappa \/Fiat Croma \/Alfa 164 ORIGINAL"},"content":{"rendered":"<p>Silentblock del tirante del montante de la suspensi\u00f3n posterior de:<br \/>\nDi\u00e1metro: 32 mm<br \/>\nDi\u00e1metro interior: 12 mm<br \/>\nLargo: 32 mm<\/p>\n<p>FIAT Croma I Hatchback (154)<br \/>\n1.6, A\u00f1o 12.1985 &#8211; 12.1990, 1585 ccm, 83 cv<br \/>\n1.9 TD i.d., A\u00f1o 11.1992 &#8211; 12.1996, 1929 ccm, 94 cv<br \/>\n1900 Turbo D i.d. (154.LL, 154.PL), A\u00f1o 08.1987 &#8211; 10.1992, 1929 ccm, 90 cv<br \/>\n2.0 16V, A\u00f1o 08.1992 &#8211; 08.1996, 1995 ccm, 137 cv<br \/>\n2.0 CHT, A\u00f1o 01.1991 &#8211; 09.1992, 1995 ccm, 100 cv<br \/>\n2.0 CHT, A\u00f1o 12.1985 &#8211; 02.1989, 1995 ccm, 90 cv<br \/>\n2.0 i.e., A\u00f1o 03.1987 &#8211; 09.1992, 1995 ccm, 120 cv<br \/>\n2.0 i.e., A\u00f1o 03.1986 &#8211; 09.1990, 1995 ccm, 113 cv<br \/>\n2.0 i.e., A\u00f1o 10.1987 &#8211; 08.1996, 1995 ccm, 116 cv<br \/>\n2.0 i.e. Turbo, A\u00f1o 11.1986 &#8211; 11.1988, 1995 ccm, 151 cv<br \/>\n2.0 i.e. Turbo, A\u00f1o 12.1985 &#8211; 06.1990, 1995 ccm, 155 cv<br \/>\n2.0 i.e. Turbo, A\u00f1o 06.1987 &#8211; 08.1996, 1995 ccm, 150 cv<br \/>\n2.5 D, A\u00f1o 12.1985 &#8211; 12.1989, 2499 ccm, 75 cv<br \/>\n2.5 TD, A\u00f1o 12.1985 &#8211; 08.1989, 2445 ccm, 101 cv<br \/>\n2.5 TD, A\u00f1o 05.1989 &#8211; 08.1996, 2500 ccm, 115 cv<br \/>\n2.5 TDE, A\u00f1o 12.1991 &#8211; 08.1996, 2500 ccm, 105 cv<br \/>\n2.5 V6, A\u00f1o 06.1993 &#8211; 08.1996, 2492 ccm, 162 cv<\/p>\n<p>LANCIA Thema (834)<br \/>\n2.0 16V, A\u00f1o 08.1992 &#8211; 12.1993, 1995 ccm, 152 cv<br \/>\n2.0 16V Turbo, A\u00f1o 12.1988 &#8211; 06.1990, 1995 ccm, 181 cv<br \/>\n2.0 16V Turbo, A\u00f1o 10.1992 &#8211; 07.1994, 1995 ccm, 201 cv<br \/>\n2.0 i.e, A\u00f1o 09.1988 &#8211; 05.1992, 1995 ccm, 117 cv<br \/>\n2000 i.e. (834AB), A\u00f1o 03.1986 &#8211; 09.1988, 1995 ccm, 113 cv<br \/>\n2.0 i.e., A\u00f1o 11.1984 &#8211; 09.1988, 1995 ccm, 120 cv<br \/>\n2.0 i.e., A\u00f1o 09.1987 &#8211; 05.1992, 1995 ccm, 115 cv<br \/>\n2.0 i.e. 16V, A\u00f1o 05.1988 &#8211; 08.1992, 1995 ccm, 147 cv<br \/>\n2.0 i.e. 16V, A\u00f1o 02.1989 &#8211; 05.1992, 1995 ccm, 141 cv<br \/>\n2.0 i.e. 16V Turbo, A\u00f1o 04.1989 &#8211; 05.1992, 1995 ccm, 177 cv<br \/>\n2.0 i.e. Turbo, A\u00f1o 11.1984 &#8211; 12.1989, 1995 ccm, 166 cv<br \/>\n2.0 i.e.Turbo, A\u00f1o 07.1986 &#8211; 05.1990, 1995 ccm, 150 cv<br \/>\n2.4 2500 Turbo D, A\u00f1o 11.1984 &#8211; 09.1988, 2445 ccm, 101 cv<br \/>\n2.5 Turbo DS, A\u00f1o 06.1988 &#8211; 05.1992, 2499 ccm, 115 cv<br \/>\n2.5 Turbo DS, A\u00f1o 05.1988 &#8211; 07.1992, 2500 ccm, 105 cv<br \/>\n2.5 Turbo DS, A\u00f1o 05.1992 &#8211; 07.1994, 2500 ccm, 116 cv<br \/>\n2.8 2850 V6 i.e., A\u00f1o 06.1988 &#8211; 05.1992, 2849 ccm, 147 cv<br \/>\n2.8 2850 V6 i.e., A\u00f1o 11.1984 &#8211; 09.1988, 2849 ccm, 150 cv<br \/>\n3.0 V6, A\u00f1o 08.1992 &#8211; 07.1994, 2959 ccm, 171 cv<br \/>\n8.32, A\u00f1o 09.1987 &#8211; 05.1989, 2927 ccm, 215 cv<br \/>\n8.32, A\u00f1o 10.1987 &#8211; 05.1992, 2927 ccm, 205 cv<br \/>\nLANCIA Kappa Familiar (838)<br \/>\n2.0 16V Turbo, A\u00f1o 07.1996 &#8211; 10.2001, 1995 ccm, 205 cv<br \/>\n2.0 20V, A\u00f1o 07.1996 &#8211; 10.2001, 1998 ccm, 155 cv<br \/>\n2.0 20V Turbo, A\u00f1o 06.1998 &#8211; 10.2001, 1998 ccm, 220 cv<br \/>\n2.4 20V, A\u00f1o 07.1996 &#8211; 10.2001, 2446 ccm, 175 cv<br \/>\n2.4 JTD, A\u00f1o 06.1998 &#8211; 10.2001, 2387 ccm, 136 cv<br \/>\n2.4 T.DS, A\u00f1o 07.1996 &#8211; 10.2001, 2387 ccm, 124 cv<br \/>\n3.0 24V, A\u00f1o 07.1996 &#8211; 10.2001, 2959 ccm, 204 cv<br \/>\nLANCIA Kappa Coup\u00e9 (838) (A\u00f1o 07.1996 &#8211; 03.2001)<br \/>\n2.0 16V Turbo, A\u00f1o 11.1996 &#8211; 03.2001, 1995 ccm, 205 cv<br \/>\n2.0 20V Turbo, A\u00f1o 06.1998 &#8211; 03.2001, 1998 ccm, 220 cv<br \/>\n2.4 20V, A\u00f1o 11.1996 &#8211; 03.2001, 2446 ccm, 175 cv<br \/>\n3.0 24V (838CD, 838CD11A), A\u00f1o 09.1996 &#8211; 03.2001, 2959 ccm, 204 cv<br \/>\nLANCIA Kappa Berlina (838)<br \/>\n2.0 16V Turbo, A\u00f1o 02.1995 &#8211; 10.2001, 1995 ccm, 205 cv<br \/>\n2.0 20V, A\u00f1o 10.1994 &#8211; 10.2001, 1998 ccm, 146 cv<br \/>\n2.0 20V, A\u00f1o 07.1996 &#8211; 10.2001, 1998 ccm, 155 cv<br \/>\n2.0 20V Turbo, A\u00f1o 06.1998 &#8211; 10.2001, 1998 ccm, 220 cv<br \/>\n2.4 20V, A\u00f1o 08.1994 &#8211; 10.2001, 2446 ccm, 175 cv<br \/>\n2.4 JTD, A\u00f1o 06.1998 &#8211; 10.2001, 2387 ccm, 136 cv<br \/>\n2.4 T.DS, A\u00f1o 08.1994 &#8211; 10.2001, 2387 ccm, 124 cv<br \/>\n3.0 24V (838AD1AA, 838AD11A, 838XD1AA, 838ZD1AA), A\u00f1o 10.1994 &#8211; 10.2001, 2959 ccm, 204 cv<\/p>\n<p>ALFA ROMEO 164 (164)<br \/>\n2.0 (164A2C), A\u00f1o 06.1987 &#8211; 09.1998, 1962 ccm, 138 cv<br \/>\n2.0 Turbo (164A2B), A\u00f1o 10.1987 &#8211; 09.1998, 1995 ccm, 174 cv<br \/>\n2.0 Twin Spark (164.A2C, 164.A2L, 164A2H), A\u00f1o 06.1987 &#8211; 08.1992, 1962 ccm, 143 cv<br \/>\n2.0 Twin Spark (164.A2H, 164.A2), A\u00f1o 06.1987 &#8211; 09.1992, 1962 ccm, 148 cv<br \/>\n2.0 Twin Spark (164.H3), A\u00f1o 09.1992 &#8211; 09.1998, 1995 ccm, 144 cv<br \/>\n2.0 V6 Turbo, A\u00f1o 03.1991 &#8211; 09.1992, 1996 ccm, 204 cv<br \/>\n2.0 V6 Turbo, A\u00f1o 09.1992 &#8211; 09.1998, 1996 ccm, 201 cv<br \/>\n2.5 TD, A\u00f1o 06.1987 &#8211; 09.1992, 2499 ccm, 114 cv<br \/>\n2.5 TD, A\u00f1o 09.1992 &#8211; 09.1998, 2499 ccm, 125 cv<br \/>\n2.5 V6 (164A1C), A\u00f1o 09.1992 &#8211; 09.1998, 2492 ccm, 163 cv<br \/>\n3.0 24V, A\u00f1o 09.1992 &#8211; 09.1998, 2959 ccm, 211 cv<br \/>\n3.0 24V QV, A\u00f1o 09.1992 &#8211; 09.1998, 2959 ccm, 233 cv<br \/>\n3.0 i.e. QV, A\u00f1o 09.1990 &#8211; 09.1992, 2959 ccm, 200 cv<br \/>\n3.0 V6, A\u00f1o 06.1987 &#8211; 09.1992, 2959 ccm, 192 cv<br \/>\n3.0 V6, A\u00f1o 06.1987 &#8211; 09.1992, 2959 ccm, 184 cv<br \/>\n3.0 V6, A\u00f1o 09.1992 &#8211; 09.1998, 2959 ccm, 180 cv<br \/>\nALFA ROMEO 156 Berlina (932)<br \/>\n1.6 16V T.SPARK (932.A4, 932.A4100), A\u00f1o 09.1997 &#8211; 09.2005, 1598 ccm, 120 cv<br \/>\n1.8 16V T.SPARK (932.A3), A\u00f1o 09.1997 &#8211; 10.2000, 1747 ccm, 144 cv<br \/>\n1.8 16V T.SPARK (932.A3100), A\u00f1o 09.1997 &#8211; 09.2005, 1747 ccm, 140 cv<br \/>\n1.9 JTD (932.A2B00), A\u00f1o 10.2000 &#8211; 05.2001, 1910 ccm, 110 cv<br \/>\n1.9 JTD (932.A2B00, 932.A2C00), A\u00f1o 05.2001 &#8211; 09.2005, 1910 ccm, 115 cv<br \/>\n1.9 JTD, A\u00f1o 09.1997 &#8211; 10.2000, 1910 ccm, 105 cv<br \/>\n1.9 JTD 16V (932AXE00), A\u00f1o 11.2002 &#8211; 09.2005, 1910 ccm, 140 cv<br \/>\n2.0 16V T.SPARK, A\u00f1o 09.1997 &#8211; 06.2002, 1970 ccm, 155 cv<br \/>\n2.0 16V T.SPARK, A\u00f1o 10.2000 &#8211; 03.2002, 1970 ccm, 150 cv<br \/>\n2.0 JTS, A\u00f1o 03.2002 &#8211; 09.2005, 1970 ccm, 166 cv<br \/>\n2.4 JTD, A\u00f1o 10.2000 &#8211; 09.2005, 2387 ccm, 140 cv<br \/>\n2.4 JTD, A\u00f1o 03.2002 &#8211; 09.2005, 2387 ccm, 150 cv<br \/>\n2.4 JTD (932AXF00), A\u00f1o 10.2003 &#8211; 09.2005, 2387 ccm, 175 cv<br \/>\n2.4 JTD, A\u00f1o 09.1997 &#8211; 09.2003, 2387 ccm, 136 cv<br \/>\n2.5 V6 24V (932A1), A\u00f1o 09.1997 &#8211; 09.2002, 2492 ccm, 190 cv<br \/>\n2.5 V6 24V, A\u00f1o 10.2000 &#8211; 09.2005, 2492 ccm, 192 cv<br \/>\nALFA ROMEO 156 Sportwagon (932) (A\u00f1o 01.2000 &#8211; 05.2006)<br \/>\n1.6 16V T.SPARK (932A4), A\u00f1o 01.2000 &#8211; 09.2005, 1598 ccm, 112 cv<br \/>\n1.6 16V T.SPARK. (932B4100), A\u00f1o 05.2000 &#8211; 05.2006, 1598 ccm, 120 cv<br \/>\n1.8 16V T.SPARK, A\u00f1o 05.2000 &#8211; 10.2000, 1747 ccm, 144 cv<br \/>\n1.8 16V T.SPARK (932B31__), A\u00f1o 02.1997 &#8211; 05.2006, 1747 ccm, 140 cv<br \/>\n1.9 JTD (932.B2B00), A\u00f1o 10.2000 &#8211; 05.2001, 1910 ccm, 110 cv<br \/>\n1.9 JTD, A\u00f1o 05.2000 &#8211; 10.2000, 1910 ccm, 105 cv<br \/>\n1.9 JTD, A\u00f1o 05.2001 &#8211; 05.2006, 1910 ccm, 115 cv<br \/>\n1.9 JTD (932BXE00, 932BXN00), A\u00f1o 03.2005 &#8211; 05.2006, 1910 ccm, 150 cv<br \/>\n1.9 JTD 16V (932BXE00), A\u00f1o 11.2002 &#8211; 05.2006, 1910 ccm, 140 cv<br \/>\n2.0 16V T.SPARK, A\u00f1o 05.2000 &#8211; 06.2002, 1970 ccm, 155 cv<br \/>\n2.0 16V T.SPARK, A\u00f1o 10.2000 &#8211; 03.2002, 1970 ccm, 150 cv<br \/>\n2.0 JTS, A\u00f1o 03.2002 &#8211; 05.2006, 1970 ccm, 166 cv<br \/>\n2.4 JTD (932.B1B00), A\u00f1o 10.2000 &#8211; 05.2006, 2387 ccm, 140 cv<br \/>\n2.4 JTD (932.BXC00), A\u00f1o 03.2002 &#8211; 05.2006, 2387 ccm, 150 cv<br \/>\n2.4 JTD, A\u00f1o 05.2000 &#8211; 09.2003, 2387 ccm, 136 cv<br \/>\n2.4 JTD (932BXF00), A\u00f1o 10.2003 &#8211; 05.2006, 2387 ccm, 175 cv<br \/>\n2.5 V6 24V (932A1), A\u00f1o 02.1997 &#8211; 08.2003, 2492 ccm, 190 cv<br \/>\n2.5 V6 24V (932B1100), A\u00f1o 02.1997 &#8211; 05.2006, 2492 ccm, 192 cv<br \/>\nALFA ROMEO 147 (937)<br \/>\n1.6 16V T.SPARK (937.AXA1A, 937.AXB1A, 937.BXB1A), A\u00f1o 01.2001 &#8211; 03.2010, 1598 ccm, 120 cv<br \/>\n1.6 16V T.SPARK ECO (937.AXA1A, 937.BXA1A), A\u00f1o 01.2001 &#8211; 03.2010, 1598 ccm, 105 cv<br \/>\n1.6 LPG (937AXA1A), A\u00f1o 01.2009 &#8211; 03.2010, 1598 ccm, 105 cv<br \/>\n1.6 LPG (937BXB1A), A\u00f1o 03.2001 &#8211; 12.2009, 1598 ccm, 120 cv<br \/>\n1.9 JTD (937.AXD1A, 937.BXD1A, 937.AXV1A, 937.BXB1A,&#8230;, A\u00f1o 04.2001 &#8211; 03.2010, 1910 ccm, 115 cv<br \/>\n1.9 JTD (937.AXF1A, 937.BXF1A), A\u00f1o 06.2003 &#8211; 03.2010, 1910 ccm, 101 cv<br \/>\n1.9 JTD (937AXD1A, 937BXD1A), A\u00f1o 10.2000 &#8211; 08.2002, 1910 ccm, 110 cv<br \/>\n1.9 JTD 16V (937.AXG1B, 937.BXG1B), A\u00f1o 09.2003 &#8211; 09.2004, 1910 ccm, 126 cv<br \/>\n1.9 JTD 16V (937.AXG1B, 937.BXG1B), A\u00f1o 11.2002 &#8211; 03.2010, 1910 ccm, 140 cv<br \/>\n1.9 JTD 16V (937.AXM1B, 937.AXS1B), A\u00f1o 10.2004 &#8211; 03.2010, 1910 ccm, 136 cv<br \/>\n1.9 JTDM 16V (937.AXN1B, 937.BXN1B), A\u00f1o 09.2004 &#8211; 03.2010, 1910 ccm, 150 cv<br \/>\n1.9 JTDM 8V (937.AXD1A, 937.AXU1A, 937.BXU1A), A\u00f1o 07.2005 &#8211; 03.2010, 1910 ccm, 120 cv<br \/>\n2.0 (937.AXC, 937.BXC), A\u00f1o 07.2002 &#8211; 05.2005, 1970 ccm, 165 cv<br \/>\n2.0 16V T.SPARK (937.AXA1, 937.AXC1, 937.BXC1), A\u00f1o 01.2001 &#8211; 03.2010, 1970 ccm, 150 cv<\/p>\n<p>LA PIEZA ES NUEVA Y ORIGINAL.<\/p>\n","protected":false},"excerpt":{"rendered":"<p>Silentblock del tirante del montante de la suspensi\u00f3n posterior de: Di\u00e1metro: 32 mm Di\u00e1metro interior: 12 mm Largo: 32 mm FIAT Croma I Hatchback (154) 1.6, A\u00f1o 12.1985 &#8211; 12.1990, 1585 ccm, 83 cv 1.9 TD i.d., A\u00f1o 11.1992 &#8211; 12.1996, 1929 ccm, 94 cv 1900 Turbo D i.d. (154.LL, 154.PL), A\u00f1o 08.1987 &#8211; 10.1992, [&hellip;]<\/p>\n","protected":false},"featured_media":88732,"template":"","meta":{"_seopress_robots_primary_cat":"","_seopress_titles_title":"","_seopress_titles_desc":"","_seopress_robots_index":""},"product_cat":[44,49,54,16,86,20,119,21,124],"product_tag":[],"class_list":{"0":"post-88728","1":"product","2":"type-product","3":"status-publish","4":"has-post-thumbnail","6":"product_cat-recambios-alfa-romeo-147","7":"product_cat-recambios-alfa-romeo-156","8":"product_cat-recambios-alfa-romeo-164","9":"product_cat-recambios-alfa-romeo","10":"product_cat-recambios-fiat-croma","11":"product_cat-recambios-fiat","12":"product_cat-recambios-lancia-kappa","13":"product_cat-recambios-lancia","14":"product_cat-recambios-lancia-thema","16":"first","17":"outofstock","18":"taxable","19":"shipping-taxable","20":"purchasable","21":"product-type-simple"},"_links":{"self":[{"href":"https:\/\/galicianparts.com\/shop\/wp-json\/wp\/v2\/product\/88728"}],"collection":[{"href":"https:\/\/galicianparts.com\/shop\/wp-json\/wp\/v2\/product"}],"about":[{"href":"https:\/\/galicianparts.com\/shop\/wp-json\/wp\/v2\/types\/product"}],"wp:featuredmedia":[{"embeddable":true,"href":"https:\/\/galicianparts.com\/shop\/wp-json\/wp\/v2\/media\/88732"}],"wp:attachment":[{"href":"https:\/\/galicianparts.com\/shop\/wp-json\/wp\/v2\/media?parent=88728"}],"wp:term":[{"taxonomy":"product_cat","embeddable":true,"href":"https:\/\/galicianparts.com\/shop\/wp-json\/wp\/v2\/product_cat?post=88728"},{"taxonomy":"product_tag","embeddable":true,"href":"https:\/\/galicianparts.com\/shop\/wp-json\/wp\/v2\/product_tag?post=88728"}],"curies":[{"name":"wp","href":"https:\/\/api.w.org\/{rel}","templated":true}]}}