{"id":88736,"date":"2024-07-09T12:44:29","date_gmt":"2024-07-09T10:44:29","guid":{"rendered":"https:\/\/galicianparts.com\/shop\/producto\/14194570-pack-8-chavetas-valvula-fiat-punto-gt-uno-turbo-lancia-alfa-original\/"},"modified":"2024-07-09T12:46:00","modified_gmt":"2024-07-09T10:46:00","slug":"14194570-pack-8-chavetas-valvula-fiat-punto-gt-uno-turbo-lancia-alfa-original","status":"publish","type":"product","link":"https:\/\/galicianparts.com\/shop\/producto\/14194570-pack-8-chavetas-valvula-fiat-punto-gt-uno-turbo-lancia-alfa-original\/","title":{"rendered":"14194570 Pack 8 chavetas v\u00e1lvula Fiat Punto GT \/Uno Turbo \/Lancia \/Alfa ORIGINAL"},"content":{"rendered":"<p>Juego, set de ocho chavetas de sujeci\u00f3n de las v\u00e1lvulas de admisi\u00f3n y escape de:<br \/>\nFIAT &#8211; 1V BRAVA 1910cc TD (1995-1998)<br \/>\nFIAT &#8211; 1M BRAVA G.98 1910cc TD (1998-2001)<br \/>\nFIAT &#8211; 1U BRAVO 1910cc TD (1995-1998)<br \/>\nFIAT &#8211; 1L BRAVO G.98 1910cc TD (1998-2001)<br \/>\nFIAT &#8211; 2T CROMA 1910cc TD (2005-2010)<br \/>\nFIAT &#8211; 2Y GRANDE PUNTO 1910cc TD (2005-2008)<br \/>\nFIAT &#8211; 4C GRANDE PUNTO 1910cc TD (2008-2009)<br \/>\nFIAT &#8211; 2S IDEA 1910cc JTD 8v (2003-2008)<br \/>\nFIAT &#8211; 4D IDEA 1910cc JTD 8v (2008-2012)<br \/>\nFIAT &#8211; PU MAREA 1910cc TD \/ 2.4 TD (1996-1999)<br \/>\nFIAT &#8211; 1R MAREA 1910cc TD \/ 2.4 TD GAMMA&#8217;99 (1999-2002)<br \/>\nFIAT &#8211; 1F MULTIPLA 1910cc JTD (1998-2010)<br \/>\nFIAT &#8211; 3L NUOVA BRAVO 1910cc JTD (2007-2009)<br \/>\nFIAT &#8211; 3Y NUOVA BRAVO 1910cc JTD MY 2010 (2010-2014)<br \/>\nFIAT &#8211; 2H PALIO 1.9 D EXTRA EUROPA REST. 2002 (2002-2011)<br \/>\nFIAT &#8211; 2G PALIO 1.9 D \/ 1.9 JTD WE EUROPA REST. (2002-2004)<br \/>\nFIAT &#8211; 2K PALIO 1.9 D \/ 1.9 JTD EXTRA EUROPA REST. 2002 (2002-2008)<br \/>\nFIAT &#8211; PY PALIO\/WEEKEND EUROPA 1.9 D (1997-2002)<br \/>\nFIAT &#8211; 1A PUNTO 1372cc MPI TURBO GAMMA &#8217;97 (1997-1999)<br \/>\nFIAT &#8211; 1P PUNTO 1.9 D \/ 1.9 JTD (1999-2003)<br \/>\nFIAT &#8211; 2U PUNTO 1.9 JTD FL.&#8217;03 (2003-2010)<br \/>\nFIAT &#8211; NW PUNTO GT (1993-1997)<br \/>\nFIAT &#8211; 3B SEDICI 1.9 JTD (2006-2011)<br \/>\nFIAT &#8211; 2L SIENA 1.9 D EXTRA EUROPA REST.(2002-2012)<br \/>\nFIAT &#8211; 2C STILO 1.9 JTD (2001-2003)<br \/>\nFIAT &#8211; 2V STILO 1.9 JTD F.L.L. 2003 (2003-2007)<br \/>\nFIAT &#8211; MT UNO TURBO R\/89 (1989-1993)<br \/>\nALFA ROMEO &#8211; W3 145 1.9 JTD M.Y. &#8217;99 (1999-2000)<br \/>\nALFA ROMEO &#8211; W4 146 1.9 JTD M.Y. &#8217;99 (1999-2000)<br \/>\nALFA ROMEO &#8211; W8 147 1.9 JTD (2000-2010)<br \/>\nALFA ROMEO &#8211; X1 156 M.Y.2002 1.9 JTD \/ 2.4 JTD (2001-2005)<br \/>\nALFA ROMEO &#8211; T8 156 1.9 JTD \/ 2.4 JTD (1997-2002)<br \/>\nALFA ROMEO &#8211; X8 159 1.9 JTD MY11 (2010-2011)<br \/>\nALFA ROMEO &#8211; W9 166 2.4 JTD (1998-2007)<br \/>\nALFA ROMEO &#8211; X3 ALFA 159 1.9 JTD (2005-2008)<br \/>\nALFA ROMEO &#8211; X9 ALFA 159 1.9 JTD (2008-2010)<br \/>\nLANCIA &#8211; SR KAPPA DIESEL (1994-2001)<br \/>\nLANCIA &#8211; SY LYBRA 1.9 JTD \/ 2.4 JTD (1999-2005)<br \/>\nLANCIA &#8211; TG MUSA 1.9 JTD (2004-2007)<br \/>\nLANCIA &#8211; TJ MUSA 1.9 JTD (2007-2011)<br \/>\nLANCIA &#8211; SJ THESIS 2.4 JTD (2001-2007)<br \/>\nFIAT PROFESSIONAL &#8211; 1W DOBLO 1.9 D \/ 1.9 JTD (2000-2004)<br \/>\nFIAT PROFESSIONAL &#8211; 2W DOBLO 1.9 D \/ 1.9 JTD MY. 2004 (2004-2005)<br \/>\nFIAT PROFESSIONAL &#8211; 3C DOBLO 1.9 JTD REST. 2005 (2005-&#8230;.)<br \/>\nFIAT PROFESSIONAL &#8211; 1G STRADA 1.9 D \/ 1.9 JTD (1999-2005)<\/p>\n<p>LA PIEZA ES NUEVA Y ORIGINAL.<\/p>\n","protected":false},"excerpt":{"rendered":"<p>Juego, set de ocho chavetas de sujeci\u00f3n de las v\u00e1lvulas de admisi\u00f3n y escape de: FIAT &#8211; 1V BRAVA 1910cc TD (1995-1998) FIAT &#8211; 1M BRAVA G.98 1910cc TD (1998-2001) FIAT &#8211; 1U BRAVO 1910cc TD (1995-1998) FIAT &#8211; 1L BRAVO G.98 1910cc TD (1998-2001) FIAT &#8211; 2T CROMA 1910cc TD (2005-2010) FIAT &#8211; 2Y [&hellip;]<\/p>\n","protected":false},"featured_media":88740,"template":"","meta":{"_seopress_robots_primary_cat":"","_seopress_titles_title":"","_seopress_titles_desc":"","_seopress_robots_index":""},"product_cat":[45,46,44,49,51,57,16,81,82,86,87,20,92,93,119,21,120,95,96,121,98,101,105,107,108,109,125,114],"product_tag":[],"class_list":{"0":"post-88736","1":"product","2":"type-product","3":"status-publish","4":"has-post-thumbnail","6":"product_cat-recambios-alfa-romeo-145","7":"product_cat-recambios-alfa-romeo-146","8":"product_cat-recambios-alfa-romeo-147","9":"product_cat-recambios-alfa-romeo-156","10":"product_cat-recambios-alfa-romeo-159","11":"product_cat-recambios-alfa-romeo-166","12":"product_cat-recambios-alfa-romeo","13":"product_cat-recambios-fiat-brava","14":"product_cat-recambios-fiat-bravo","15":"product_cat-recambios-fiat-croma","16":"product_cat-recambios-fiat-doblo","17":"product_cat-recambios-fiat","18":"product_cat-recambios-fiat-grande-punto","19":"product_cat-recambios-fiat-idea","20":"product_cat-recambios-lancia-kappa","21":"product_cat-recambios-lancia","22":"product_cat-recambios-lancia-lybra","23":"product_cat-recambios-fiat-marea","24":"product_cat-recambios-fiat-multipla","25":"product_cat-recambios-lancia-musa","26":"product_cat-recambios-fiat-palio","27":"product_cat-recambios-fiat-punto","28":"product_cat-recambios-fiat-sedici","29":"product_cat-recambios-fiat-siena","30":"product_cat-recambios-fiat-stilo","31":"product_cat-recambios-fiat-strada","32":"product_cat-recambios-lancia-thesis","33":"product_cat-recambios-fiat-uno","35":"first","36":"instock","37":"taxable","38":"shipping-taxable","39":"purchasable","40":"product-type-simple"},"_links":{"self":[{"href":"https:\/\/galicianparts.com\/shop\/wp-json\/wp\/v2\/product\/88736"}],"collection":[{"href":"https:\/\/galicianparts.com\/shop\/wp-json\/wp\/v2\/product"}],"about":[{"href":"https:\/\/galicianparts.com\/shop\/wp-json\/wp\/v2\/types\/product"}],"wp:featuredmedia":[{"embeddable":true,"href":"https:\/\/galicianparts.com\/shop\/wp-json\/wp\/v2\/media\/88740"}],"wp:attachment":[{"href":"https:\/\/galicianparts.com\/shop\/wp-json\/wp\/v2\/media?parent=88736"}],"wp:term":[{"taxonomy":"product_cat","embeddable":true,"href":"https:\/\/galicianparts.com\/shop\/wp-json\/wp\/v2\/product_cat?post=88736"},{"taxonomy":"product_tag","embeddable":true,"href":"https:\/\/galicianparts.com\/shop\/wp-json\/wp\/v2\/product_tag?post=88736"}],"curies":[{"name":"wp","href":"https:\/\/api.w.org\/{rel}","templated":true}]}}