{"id":88766,"date":"2024-07-10T08:51:56","date_gmt":"2024-07-10T06:51:56","guid":{"rendered":"https:\/\/galicianparts.com\/shop\/producto\/4468320-sensor-temperatura-ventilador-radiador-fiat-ritmo-argenta-nuevo-original\/"},"modified":"2024-07-10T10:29:17","modified_gmt":"2024-07-10T08:29:17","slug":"4468320-sensor-temperatura-ventilador-radiador-fiat-ritmo-argenta-nuevo-original","status":"publish","type":"product","link":"https:\/\/galicianparts.com\/shop\/producto\/4468320-sensor-temperatura-ventilador-radiador-fiat-ritmo-argenta-nuevo-original\/","title":{"rendered":"4468320 Sensor temperatura ventilador radiador Fiat Ritmo \/Argenta NUEVO ORIGINAL"},"content":{"rendered":"<p>Electrov\u00e1lvula de la temperatura del refrigerante del radiador del motor de:<br \/>\nM\u00e9trica: 22<br \/>\nAncho de llave: 29 mm<\/p>\n<p>FIAT Ritmo I Hatchback (138)<br \/>\n1.7 Diesel, A\u00f1o 10.1979 &#8211; 09.1982, 1714 ccm, 55 cv<br \/>\nFIAT Argenta (132)<br \/>\n2.5 Di\u00e9sel, A\u00f1o 06.1981 &#8211; 11.1985, 2445 ccm, 72 cv<\/p>\n<p>LA PIEZA ES NUEVA Y ORIGINAL.<\/p>\n","protected":false},"excerpt":{"rendered":"<p>Electrov\u00e1lvula de la temperatura del refrigerante del radiador del motor de: M\u00e9trica: 22 Ancho de llave: 29 mm FIAT Ritmo I Hatchback (138) 1.7 Diesel, A\u00f1o 10.1979 &#8211; 09.1982, 1714 ccm, 55 cv FIAT Argenta (132) 2.5 Di\u00e9sel, A\u00f1o 06.1981 &#8211; 11.1985, 2445 ccm, 72 cv LA PIEZA ES NUEVA Y ORIGINAL.<\/p>\n","protected":false},"featured_media":88767,"template":"","meta":{"_seopress_robots_primary_cat":"","_seopress_titles_title":"","_seopress_titles_desc":"","_seopress_robots_index":""},"product_cat":[79,20,103],"product_tag":[],"class_list":{"0":"post-88766","1":"product","2":"type-product","3":"status-publish","4":"has-post-thumbnail","6":"product_cat-recambios-fiat-argenta","7":"product_cat-recambios-fiat","8":"product_cat-recambios-fiat-ritmo","10":"first","11":"instock","12":"taxable","13":"shipping-taxable","14":"purchasable","15":"product-type-simple"},"_links":{"self":[{"href":"https:\/\/galicianparts.com\/shop\/wp-json\/wp\/v2\/product\/88766"}],"collection":[{"href":"https:\/\/galicianparts.com\/shop\/wp-json\/wp\/v2\/product"}],"about":[{"href":"https:\/\/galicianparts.com\/shop\/wp-json\/wp\/v2\/types\/product"}],"wp:featuredmedia":[{"embeddable":true,"href":"https:\/\/galicianparts.com\/shop\/wp-json\/wp\/v2\/media\/88767"}],"wp:attachment":[{"href":"https:\/\/galicianparts.com\/shop\/wp-json\/wp\/v2\/media?parent=88766"}],"wp:term":[{"taxonomy":"product_cat","embeddable":true,"href":"https:\/\/galicianparts.com\/shop\/wp-json\/wp\/v2\/product_cat?post=88766"},{"taxonomy":"product_tag","embeddable":true,"href":"https:\/\/galicianparts.com\/shop\/wp-json\/wp\/v2\/product_tag?post=88766"}],"curies":[{"name":"wp","href":"https:\/\/api.w.org\/{rel}","templated":true}]}}