{"id":8878,"date":"2020-11-21T12:42:30","date_gmt":"2020-11-21T10:42:30","guid":{"rendered":"https:\/\/galicianparts.com\/shop\/producto\/77364169-kit-pastillas-freno-trasero-fiat-croma-2005-2011-original\/"},"modified":"2021-05-05T13:48:30","modified_gmt":"2021-05-05T11:48:30","slug":"77364169-kit-pastillas-freno-trasero-fiat-croma-2005-2011-original","status":"publish","type":"product","link":"https:\/\/galicianparts.com\/shop\/producto\/77364169-kit-pastillas-freno-trasero-fiat-croma-2005-2011-original\/","title":{"rendered":"77364169 Kit pastillas freno trasero Fiat Croma (2005-2011) ORIGINAL"},"content":{"rendered":"<p>Juego, set de pastillas de freno traseras de:<br \/>\nFIAT Croma II (194) (1796 &#8211; 2387 , 115 &#8211; 200 CV)<br \/>\n1.8 16V, A\u00f1o 12.2005 &#8211; &#8230;, 1796 ccm, 140 CV<br \/>\n1.9 D Multijet, A\u00f1o 06.2005 &#8211; &#8230;, 1910 ccm, 115 CV<br \/>\n1.9 D Multijet, A\u00f1o 06.2005 &#8211; 12.2011, 1910 ccm, 120 CV<br \/>\n1.9 D Multijet, A\u00f1o 12.2005 &#8211; &#8230;, 1910 ccm, 136 CV<br \/>\n1.9 D Multijet, A\u00f1o 06.2005 &#8211; 12.2011, 1910 ccm, 150 CV<br \/>\n2.2 16V, A\u00f1o 06.2005 &#8211; &#8230;, 2198 ccm, 147 CV<br \/>\n2.4 D Multijet, A\u00f1o 06.2005 &#8211; &#8230;, 2387 ccm, 200 CV<\/p>\n<p>LA PIEZA ES NUEVA Y ORIGINAL.<\/p>\n","protected":false},"excerpt":{"rendered":"<p>Juego, set de pastillas de freno traseras de: FIAT Croma II (194) (1796 &#8211; 2387 , 115 &#8211; 200 CV) 1.8 16V, A\u00f1o 12.2005 &#8211; &#8230;, 1796 ccm, 140 CV 1.9 D Multijet, A\u00f1o 06.2005 &#8211; &#8230;, 1910 ccm, 115 CV 1.9 D Multijet, A\u00f1o 06.2005 &#8211; 12.2011, 1910 ccm, 120 CV 1.9 D Multijet, [&hellip;]<\/p>\n","protected":false},"featured_media":8879,"template":"","meta":{"_seopress_robots_primary_cat":"","_seopress_titles_title":"","_seopress_titles_desc":"","_seopress_robots_index":""},"product_cat":[86,20],"product_tag":[],"class_list":{"0":"post-8878","1":"product","2":"type-product","3":"status-publish","4":"has-post-thumbnail","6":"product_cat-recambios-fiat-croma","7":"product_cat-recambios-fiat","9":"first","10":"outofstock","11":"taxable","12":"shipping-taxable","13":"purchasable","14":"product-type-simple"},"_links":{"self":[{"href":"https:\/\/galicianparts.com\/shop\/wp-json\/wp\/v2\/product\/8878"}],"collection":[{"href":"https:\/\/galicianparts.com\/shop\/wp-json\/wp\/v2\/product"}],"about":[{"href":"https:\/\/galicianparts.com\/shop\/wp-json\/wp\/v2\/types\/product"}],"wp:featuredmedia":[{"embeddable":true,"href":"https:\/\/galicianparts.com\/shop\/wp-json\/wp\/v2\/media\/8879"}],"wp:attachment":[{"href":"https:\/\/galicianparts.com\/shop\/wp-json\/wp\/v2\/media?parent=8878"}],"wp:term":[{"taxonomy":"product_cat","embeddable":true,"href":"https:\/\/galicianparts.com\/shop\/wp-json\/wp\/v2\/product_cat?post=8878"},{"taxonomy":"product_tag","embeddable":true,"href":"https:\/\/galicianparts.com\/shop\/wp-json\/wp\/v2\/product_tag?post=8878"}],"curies":[{"name":"wp","href":"https:\/\/api.w.org\/{rel}","templated":true}]}}