{"id":88841,"date":"2024-07-10T13:10:35","date_gmt":"2024-07-10T11:10:35","guid":{"rendered":"https:\/\/galicianparts.com\/shop\/producto\/82437325-manguito-intercooler-lancia-thema-td-fiat-croma-td-nuevo-original\/"},"modified":"2024-07-10T13:12:04","modified_gmt":"2024-07-10T11:12:04","slug":"82437325-manguito-intercooler-lancia-thema-td-fiat-croma-td-nuevo-original","status":"publish","type":"product","link":"https:\/\/galicianparts.com\/shop\/producto\/82437325-manguito-intercooler-lancia-thema-td-fiat-croma-td-nuevo-original\/","title":{"rendered":"82437325 Manguito intercooler Lancia Thema TD \/Fiat Croma TD NUEVO ORIGINAL"},"content":{"rendered":"<p>Tubo del turbo al intercooler de:<br \/>\nLargo: 292 mm<br \/>\nDi\u00e1metro interior: 60 mm<\/p>\n<p>FIAT Croma I Hatchback (154)<br \/>\n1900 Turbo D i.d. (154.LL, 154.PL), A\u00f1o 08.1987 &#8211; 10.1992, 1929 ccm, 90 cv<br \/>\n2.5 TD, A\u00f1o 12.1985 &#8211; 08.1989, 2445 ccm, 101 cv<\/p>\n<p>LANCIA Thema (834)<br \/>\n2.4 2500 Turbo D, A\u00f1o 11.1984 &#8211; 09.1988, 2445 ccm, 101 cv<br \/>\n2.5 Turbo DS, A\u00f1o 06.1988 &#8211; 05.1992, 2499 ccm, 115 cv<br \/>\n2.5 Turbo DS, A\u00f1o 05.1988 &#8211; 07.1992, 2500 ccm, 105 cv<\/p>\n<p>LA PIEZA ES NUEVA Y ORIGINAL.<\/p>\n","protected":false},"excerpt":{"rendered":"<p>Tubo del turbo al intercooler de: Largo: 292 mm Di\u00e1metro interior: 60 mm FIAT Croma I Hatchback (154) 1900 Turbo D i.d. (154.LL, 154.PL), A\u00f1o 08.1987 &#8211; 10.1992, 1929 ccm, 90 cv 2.5 TD, A\u00f1o 12.1985 &#8211; 08.1989, 2445 ccm, 101 cv LANCIA Thema (834) 2.4 2500 Turbo D, A\u00f1o 11.1984 &#8211; 09.1988, 2445 ccm, [&hellip;]<\/p>\n","protected":false},"featured_media":88844,"template":"","meta":{"_seopress_robots_primary_cat":"","_seopress_titles_title":"","_seopress_titles_desc":"","_seopress_robots_index":""},"product_cat":[86,20,21,124],"product_tag":[],"class_list":{"0":"post-88841","1":"product","2":"type-product","3":"status-publish","4":"has-post-thumbnail","6":"product_cat-recambios-fiat-croma","7":"product_cat-recambios-fiat","8":"product_cat-recambios-lancia","9":"product_cat-recambios-lancia-thema","11":"first","12":"instock","13":"taxable","14":"shipping-taxable","15":"purchasable","16":"product-type-simple"},"_links":{"self":[{"href":"https:\/\/galicianparts.com\/shop\/wp-json\/wp\/v2\/product\/88841"}],"collection":[{"href":"https:\/\/galicianparts.com\/shop\/wp-json\/wp\/v2\/product"}],"about":[{"href":"https:\/\/galicianparts.com\/shop\/wp-json\/wp\/v2\/types\/product"}],"wp:featuredmedia":[{"embeddable":true,"href":"https:\/\/galicianparts.com\/shop\/wp-json\/wp\/v2\/media\/88844"}],"wp:attachment":[{"href":"https:\/\/galicianparts.com\/shop\/wp-json\/wp\/v2\/media?parent=88841"}],"wp:term":[{"taxonomy":"product_cat","embeddable":true,"href":"https:\/\/galicianparts.com\/shop\/wp-json\/wp\/v2\/product_cat?post=88841"},{"taxonomy":"product_tag","embeddable":true,"href":"https:\/\/galicianparts.com\/shop\/wp-json\/wp\/v2\/product_tag?post=88841"}],"curies":[{"name":"wp","href":"https:\/\/api.w.org\/{rel}","templated":true}]}}