{"id":88881,"date":"2024-07-15T10:04:41","date_gmt":"2024-07-15T08:04:41","guid":{"rendered":"https:\/\/galicianparts.com\/shop\/producto\/4479282-rotula-anclaje-cable-acelerador-fiat-uno-turbo-1989-1993-nueva-original\/"},"modified":"2024-10-24T19:55:00","modified_gmt":"2024-10-24T17:55:00","slug":"4479282-rotula-anclaje-cable-acelerador-fiat-uno-turbo-1989-1993-nueva-original","status":"publish","type":"product","link":"https:\/\/galicianparts.com\/shop\/producto\/4479282-rotula-anclaje-cable-acelerador-fiat-uno-turbo-1989-1993-nueva-original\/","title":{"rendered":"4479282 R\u00f3tula anclaje cable acelerador Fiat Uno Turbo (1989-1993) NUEVA ORIGINAL"},"content":{"rendered":"<p>Tirante de pl\u00e1stico del soporte del cable del acelerador en la mariposa de inyecci\u00f3n de:<br \/>\nM\u00e9trica: 5<br \/>\nLargo total: 54 mm<\/p>\n<p>FIAT &#8211; MT UNO TURBO R\/89 (1989-1993)<\/p>\n<p>LA PIEZA ES NUEVA Y ORIGINAL.<\/p>\n","protected":false},"excerpt":{"rendered":"<p>Tirante de pl\u00e1stico del soporte del cable del acelerador en la mariposa de inyecci\u00f3n de: M\u00e9trica: 5 Largo total: 54 mm FIAT &#8211; MT UNO TURBO R\/89 (1989-1993) LA PIEZA ES NUEVA Y ORIGINAL.<\/p>\n","protected":false},"featured_media":88884,"template":"","meta":{"_seopress_robots_primary_cat":"","_seopress_titles_title":"","_seopress_titles_desc":"","_seopress_robots_index":""},"product_cat":[20,114],"product_tag":[],"class_list":{"0":"post-88881","1":"product","2":"type-product","3":"status-publish","4":"has-post-thumbnail","6":"product_cat-recambios-fiat","7":"product_cat-recambios-fiat-uno","9":"first","10":"outofstock","11":"taxable","12":"shipping-taxable","13":"purchasable","14":"product-type-simple"},"_links":{"self":[{"href":"https:\/\/galicianparts.com\/shop\/wp-json\/wp\/v2\/product\/88881"}],"collection":[{"href":"https:\/\/galicianparts.com\/shop\/wp-json\/wp\/v2\/product"}],"about":[{"href":"https:\/\/galicianparts.com\/shop\/wp-json\/wp\/v2\/types\/product"}],"wp:featuredmedia":[{"embeddable":true,"href":"https:\/\/galicianparts.com\/shop\/wp-json\/wp\/v2\/media\/88884"}],"wp:attachment":[{"href":"https:\/\/galicianparts.com\/shop\/wp-json\/wp\/v2\/media?parent=88881"}],"wp:term":[{"taxonomy":"product_cat","embeddable":true,"href":"https:\/\/galicianparts.com\/shop\/wp-json\/wp\/v2\/product_cat?post=88881"},{"taxonomy":"product_tag","embeddable":true,"href":"https:\/\/galicianparts.com\/shop\/wp-json\/wp\/v2\/product_tag?post=88881"}],"curies":[{"name":"wp","href":"https:\/\/api.w.org\/{rel}","templated":true}]}}