{"id":88894,"date":"2024-07-15T10:43:31","date_gmt":"2024-07-15T08:43:31","guid":{"rendered":"https:\/\/galicianparts.com\/shop\/producto\/9944688-apoyo-muelle-bomba-direccion-alfa-romeo-155-164-nuevo-original\/"},"modified":"2024-07-15T10:46:24","modified_gmt":"2024-07-15T08:46:24","slug":"9944688-apoyo-muelle-bomba-direccion-alfa-romeo-155-164-nuevo-original","status":"publish","type":"product","link":"https:\/\/galicianparts.com\/shop\/producto\/9944688-apoyo-muelle-bomba-direccion-alfa-romeo-155-164-nuevo-original\/","title":{"rendered":"9944688 Apoyo muelle bomba direcci\u00f3n Alfa Romeo 155 \/164 NUEVO ORIGINAL"},"content":{"rendered":"<p>Soporte del resorte interior de la bomba de servodirecci\u00f3n de:<br \/>\nLargo: 31 mm<br \/>\nDi\u00e1metro v\u00e1stago: 9 mm<br \/>\nDi\u00e1metro plato: 15 mm<\/p>\n<p>ALFA ROMEO &#8211; U5 155 ASPIRATO (1992-1996) 1.7 T.S. \/ 1.8 T.S. \/ 2.0 T.S. 8 VAL.<br \/>\nALFA ROMEO &#8211; W1 164 FL\/92 (1992-1997) 2000 T.S.<br \/>\nALFA ROMEO &#8211; W1 164 FL\/92 (1992-1997) 3000 6V Q.V. 24VAL \/ 3000 6V Q.V. 24VAL GD<br \/>\nALFA ROMEO &#8211; W2 164 SUPER (1992-1997) 2000 T.SPARK<br \/>\nALFA ROMEO &#8211; W2 164 SUPER (1992-1997) 3000 V6 24V \/ 3000 V6 24V (CEE-F2) \/ 3000 V6 24V BR<br \/>\nALFA ROMEO &#8211; R4 164 USA MY.94-95 (1993-1995)<\/p>\n<p>LA PIEZA ES NUEVA Y ORIGINAL.<\/p>\n","protected":false},"excerpt":{"rendered":"<p>Soporte del resorte interior de la bomba de servodirecci\u00f3n de: Largo: 31 mm Di\u00e1metro v\u00e1stago: 9 mm Di\u00e1metro plato: 15 mm ALFA ROMEO &#8211; U5 155 ASPIRATO (1992-1996) 1.7 T.S. \/ 1.8 T.S. \/ 2.0 T.S. 8 VAL. ALFA ROMEO &#8211; W1 164 FL\/92 (1992-1997) 2000 T.S. ALFA ROMEO &#8211; W1 164 FL\/92 (1992-1997) 3000 [&hellip;]<\/p>\n","protected":false},"featured_media":88895,"template":"","meta":{"_seopress_robots_primary_cat":"","_seopress_titles_title":"","_seopress_titles_desc":"","_seopress_robots_index":""},"product_cat":[48,54,16],"product_tag":[],"class_list":{"0":"post-88894","1":"product","2":"type-product","3":"status-publish","4":"has-post-thumbnail","6":"product_cat-recambios-alfa-romeo-155","7":"product_cat-recambios-alfa-romeo-164","8":"product_cat-recambios-alfa-romeo","10":"first","11":"instock","12":"taxable","13":"shipping-taxable","14":"purchasable","15":"product-type-simple"},"_links":{"self":[{"href":"https:\/\/galicianparts.com\/shop\/wp-json\/wp\/v2\/product\/88894"}],"collection":[{"href":"https:\/\/galicianparts.com\/shop\/wp-json\/wp\/v2\/product"}],"about":[{"href":"https:\/\/galicianparts.com\/shop\/wp-json\/wp\/v2\/types\/product"}],"wp:featuredmedia":[{"embeddable":true,"href":"https:\/\/galicianparts.com\/shop\/wp-json\/wp\/v2\/media\/88895"}],"wp:attachment":[{"href":"https:\/\/galicianparts.com\/shop\/wp-json\/wp\/v2\/media?parent=88894"}],"wp:term":[{"taxonomy":"product_cat","embeddable":true,"href":"https:\/\/galicianparts.com\/shop\/wp-json\/wp\/v2\/product_cat?post=88894"},{"taxonomy":"product_tag","embeddable":true,"href":"https:\/\/galicianparts.com\/shop\/wp-json\/wp\/v2\/product_tag?post=88894"}],"curies":[{"name":"wp","href":"https:\/\/api.w.org\/{rel}","templated":true}]}}