{"id":88909,"date":"2024-07-15T13:32:22","date_gmt":"2024-07-15T11:32:22","guid":{"rendered":"https:\/\/galicianparts.com\/shop\/producto\/14196870-pack-2-chavetas-valvula-lancia-delta-integrale-thema-fiat-alfa-original\/"},"modified":"2024-07-15T13:34:11","modified_gmt":"2024-07-15T11:34:11","slug":"14196870-pack-2-chavetas-valvula-lancia-delta-integrale-thema-fiat-alfa-original","status":"publish","type":"product","link":"https:\/\/galicianparts.com\/shop\/producto\/14196870-pack-2-chavetas-valvula-lancia-delta-integrale-thema-fiat-alfa-original\/","title":{"rendered":"14196870 Pack 2 chavetas v\u00e1lvula Lancia Delta Integrale \/Thema \/Fiat \/Alfa ORIGINAL"},"content":{"rendered":"<p>Juego, set de dos chavetas de sujeci\u00f3n de las v\u00e1lvulas de admisi\u00f3n y escape de:<br \/>\nFIAT &#8211; 1V BRAVA (1995-1998) 1930 DS EM 08<br \/>\nFIAT &#8211; 1U BRAVO (1995-1998) 1930 DS EM 08-65CV<br \/>\nFIAT &#8211; MZ CROMA CHT FL.90 (1990-1992)<br \/>\nFIAT &#8211; MY CROMA IE-IE TB. FL.90 (1990-1996) 2000 8V EM.04 IE WEBER \/ 2000 8V USA&#8217;83 (MOT.154C3) \/ 2000 8V TURBO EM.04 \/ 2000 8V TURBO USA&#8217;83 \/ 2000 8V USA&#8217;83 (MOT.834B) \/ 2000 8V EM.04 IE BOSCH (SA) \/ 2000 8V EM.04 IE BOSCH (CSI-DZ)<br \/>\nFIAT &#8211; MJ CROMA TURBO DS FL.90 (1990-1996) 1930 (154C6.000) \/ 1930 (154D1.000)<br \/>\nFIAT &#8211; 2B DUNA (1986-1990) 1100 BZ \/ 1300 BZ<br \/>\nFIAT &#8211; 2B DUNA (1986-1990) 1700 DS<br \/>\nFIAT &#8211; XP ELBA CSL (1991-1996) 1300 CARB.<br \/>\nFIAT &#8211; XP ELBA CSL (1991-1996) 1500 SPI USA&#8217;83<br \/>\nFIAT &#8211; XP ELBA CSL (1991-1996) 1372 SPI USA&#8217;83 (MONOJETRONIC) \/ 1580 SPI USA&#8217;83 (MONOJETRONIC) \/ 1372 SPI CEE F2 (MONOMOTRONIC) \/ 1580 SPI CEE F2 (MONOMOTRONIC)<br \/>\nFIAT &#8211; XP ELBA CSL (1991-1996) 1697 DS<br \/>\nFIAT &#8211; XR MILLE (1994-1995) 1000 SPI<br \/>\nFIAT &#8211; XR MILLE (1994-1995) 1697 DS<br \/>\nFIAT &#8211; XS MILLE CLIP (1995-1997) 994 SPI<br \/>\nFIAT &#8211; XS MILLE CLIP (1995-1997) 1372 SPI<br \/>\nFIAT &#8211; XS MILLE CLIP (1995-1997) 1697 DS<br \/>\nFIAT &#8211; 1X PALIO 2V EXTRA EUROPA (1997-2002) 1372 SPI EM.04 \/ 1372 SPI CF2(TR)<br \/>\nFIAT &#8211; 1X PALIO 2V EXTRA EUROPA (1997-2002) 1697 DS EM.08<br \/>\nFIAT &#8211; 1X PALIO 2V EXTRA EUROPA (1997-2002) 994 MPI CF2<br \/>\nFIAT &#8211; 2H PALIO 2V EXTRA EUROPA REST. 2002 (2002-2011) 1697\u00a0TD\u00a0CF2<br \/>\nFIAT &#8211; 3D PALIO 2V REST.2 (2005-2011) 1697\u00a0TB\/DS\u00a0CF2<br \/>\nFIAT &#8211; 1Y PALIO WE EXTRA EUROPA (1997-2002) 1372 SPI CF2 (PL) \/ 1372 SPI EM.04 \/ 1372 SPI CF2 (TR)<br \/>\nFIAT &#8211; 1Y PALIO WE EXTRA EUROPA (1997-2002) 1697 TDS SOFT ECE08\/CF1 46KW \/ 1697 TDS SOFT CF2 51KW \/ 1697 TDS ECE08 53 KW<br \/>\nFIAT &#8211; 2K PALIO WE EXTRA EUROPA REST. 2002 (2002-2008) 1697\u00a0TD\u00a0CF2<br \/>\nFIAT &#8211; 3F PALIO WEEKEND REST.2 (2005-2009) 1697\u00a0TB\/DS\u00a0CF2<br \/>\nFIAT &#8211; PY PALIO\/WEEKEND EUROPA (1997-2002) 1697 TDS SW<br \/>\nFIAT &#8211; 2P PANDA DS (1986-1993)<br \/>\nFIAT &#8211; NV PUNTO (1993-1997) 1.6 MPI<br \/>\nFIAT &#8211; PF PUNTO CABRIO (1994-1997) 1580 MPI<br \/>\nFIAT &#8211; NX PUNTO D-TD (1993-1997)<br \/>\nFIAT &#8211; 1B PUNTO TB.DS. GAMMA&#8217;97 (1997-1999)<br \/>\nFIAT &#8211; 2A SIENA EXTRA EUROPA (1997-2002) 1372 SPI CF2(PL) \/ 1372 SPI EM.04 \/ 1372 SPI CF2(TR-ET)<br \/>\nFIAT &#8211; 2A SIENA EXTRA EUROPA (1997-2002) 1697 DS EM.08<br \/>\nFIAT &#8211; 2A SIENA EXTRA EUROPA (1997-2002) 1697 TDS SOFT ECE08 \/ 1697 TDS SOFT CF2<br \/>\nFIAT &#8211; 2L SIENA EXTRA EUROPA REST.(2002-2012) 1697\u00a0TD\u00a0CF2<br \/>\nFIAT &#8211; 3E SIENA REST.2 (2005-2011) 1697\u00a0TB\/DS\u00a0CF2<br \/>\nFIAT &#8211; MV TEMPRA 1370-1580 (1989-1993)<br \/>\nFIAT &#8211; MW TEMPRA 1750-2000 (1989-1993)<br \/>\nFIAT &#8211; MX TEMPRA DIESEL-TURBO D. (1989-1993)<br \/>\nFIAT &#8211; NY TEMPRA MAQ.93 1370-1580 (&#8217;93-&#8217;96)<br \/>\nFIAT &#8211; NZ TEMPRA MAQ.93 1750-2000 (&#8217;93-&#8217;96)<br \/>\nFIAT &#8211; NJ TEMPRA MQ.93 D-TD (1993-1996)<br \/>\nFIAT &#8211; ME TIPO (1987-1993) 1370 CARB.(69CV) \/ 1370 CARB.(76CV) \/ 1370 CARB.DAV-15 \/ 1370 SPI \/ 1580 CARB. (81CV) \/ 1580 CARB. (85CV) \/ 1580 SPI (78CV) \/ 1580 SPI (75CV)<br \/>\nFIAT &#8211; NG TIPO 1750-2000 (1990-1993)<br \/>\nFIAT &#8211; MF TIPO DIESEL-T.DS. (1987-1993)<br \/>\nFIAT &#8211; NT TIPO MAQ.93 D-TD (1993-1995)<br \/>\nFIAT &#8211; NS TIPO MQ.93 (1993-1995) 1372 SPI MONOJETRONIC \/ 1372 CARB. \/ 1580 SPI \/ 1580 SPI SELECTA \/ 1580 CARB.(95 RON) \/ 1372 SPI MM<br \/>\nFIAT &#8211; NU TIPO MQ.93 (1993-1995) 1750 105CV (77KW) \/ 2000 8V \/ 1750 USA&#8217;83 90CV (66KW) \/ 2000 8V (BRASIL) \/ 1750 CEE F2 97CV (71KW) \/ 1750 CEE F2 90CV (66KW)<br \/>\nFIAT &#8211; ML UNO CS (1988-1990) 1100 GASOLINA<br \/>\nFIAT &#8211; ML UNO CS (1988-1990) 1700 DIESEL(149) \/ 1700 DIESEL(146)<br \/>\nFIAT &#8211; MU UNO DIESEL R\/89 (1989-1995) 1300 ASPIRADO<br \/>\nFIAT &#8211; MU UNO DIESEL R\/89 (1989-1995) 1367 TURBO<br \/>\nFIAT &#8211; MU UNO DIESEL R\/89 (1989-1995) 1697 ASPIRADO \/ 1930 ASPIRADO<br \/>\nFIAT &#8211; 1D UNO MONDO (1995-2010) 1370 CARB.<br \/>\nFIAT &#8211; 1D UNO MONDO (1995-2010) 1697 DS EM08<br \/>\nFIAT &#8211; 1D UNO MONDO (1995-2010) 1697 ASPIRATED DIESEL<br \/>\nFIAT &#8211; MS UNO R\/89 (1989-1995) 1116 \/ 1370 SPI \/ 1370 SPI USA&#8217;83 \/ 1370 DAV-15 \/ 1500 SPI USA&#8217;83 \/ 1370 CARB.<br \/>\nFIAT &#8211; MS UNO R\/89 (1989-1995) 1116 TREND<br \/>\nFIAT &#8211; MR UNO R\/89 (1989-1995) 994 CARB. \/ 994 SPI<br \/>\nALFA ROMEO &#8211; U1 145 (1994-1996) 1930 TB\/DS EM.08 \/ 1930 TB\/DS CEE FASE 2<br \/>\nALFA ROMEO &#8211; T5 145 GAMMA 97 (1997-1999) 1930 T.DS. CEE FASE 2 \/ 1930 T.DS. EM08 ARGENTINA<br \/>\nALFA ROMEO &#8211; U2 146 (1995-1996) 1930 T.DS EM 08 \/ 1930 T.DS CEE FASE 2<br \/>\nALFA ROMEO &#8211; T6 146 GAMMA 97 (1997-1999) 1930 T.DS. CEE FASE 2 \/ 1930 T.DS. EM08 ARGENTINA<br \/>\nALFA ROMEO &#8211; T4 155 GAMMA 96 DS (1996-1997) 1930 TD<br \/>\nALFA ROMEO &#8211; U6 155 TURBO BZ-DS (1992-1996) 1930 TD<br \/>\nALFA ROMEO &#8211; K2 164 TURBO BZ.(1987-1992) 2.0 4 CIL.<br \/>\nLANCIA &#8211; RY DEDRA BENZINA (1989-1994) 1600 \/ 1600 USA&#8217;83 MONOJETRONIC \/ 1600 USA&#8217;83 MONOJMORONIC<br \/>\nLANCIA &#8211; RY DEDRA BENZINA (1989-1994) 1800 \/ 1800 USA&#8217;83 105CV (77KW) \/ 2000 \/ 2000 USA&#8217;83 \/ 1800 CC.(USA 83) 90CV (66KW)<br \/>\nLANCIA &#8211; SL DEDRA FL.94 (1994-1999) 1580 MPI 8V \/ 1580 SPI<br \/>\nLANCIA &#8211; SL DEDRA FL.94 (1994-1999) 1750 MPI \/ 2000 MPI C. AUT.<br \/>\nLANCIA &#8211; SN DEDRA FL.94 T.DS (1994-1999)<br \/>\nLANCIA &#8211; RJ DEDRA IE.TB.INTEGRALE (1990-1994)<br \/>\nLANCIA &#8211; RZ DEDRA TURBO DIESEL (1989-1994)<br \/>\nLANCIA &#8211; RT DELTA 4WD (1986-1991) 2000 8V \/ 2000 8V COMP.MIGLIORATA \/ 2000 8V USA 83<br \/>\nLANCIA &#8211; SA DELTA EVOLUZIONE (1991-1994) 2000 8V USA83<br \/>\nLANCIA &#8211; TB DELTA R.86 (1986-1992) 1100 CARB \/ 1300 CARB \/ 1500 CARB<br \/>\nLANCIA &#8211; TB DELTA R.86 (1986-1992) 1600 MPI \/ 1600 SPI USA 83 \/ 1600 MPI TB \/ 1600 MPI TB USA 83<br \/>\nLANCIA &#8211; TB DELTA R.86 (1986-1992) 1930 TB\/DS<br \/>\nLANCIA &#8211; SF N.DELTA (1993-1999) 1372 SPI\u00bbMJ\u00bb \/ 1580 8V \/ 1372 SPI\u00bbMM\u00bb CEE F2<br \/>\nLANCIA &#8211; SF N.DELTA (1993-1999) 1750 105CV (77KW) \/ 1750 90CV (66KW) \/ 1750 CEE F2 97CV (71KW) \/ 1750 CEE F2 90CV (66KW)<br \/>\nLANCIA &#8211; SQ N.DELTA TB\/DS (1994-1999)<br \/>\nLANCIA &#8211; SZ THEMA R.88 (1988-1992) 2000 8V EM.04 \/ 2000 8V USA\/83 \/ 2000 TB 8V USA\/83<br \/>\nLANCIA &#8211; SE THEMA I.E. 8V FL.92 (1992-1994)<br \/>\nLANCIA &#8211; SU Y (1995-2000) 1370 12V 80CV (59 KW) \/ 1370 12V 75CV (55KW)<br \/>\nLANCIA &#8211; ZL Y10 FL.89 (1988-1992) 1300 MPI \/ 1300 MPI USA&#8217;83<br \/>\nLANCIA &#8211; ZM Y10 R.92 (1992-1995) 1300 MPI<br \/>\nFIAT PROFESSIONAL &#8211; PE DUCATO&#8217;94 DIESEL (1994-2002) 1930 DS \/ 1930 TD \/ 1930 TD CAT<br \/>\nFIAT PROFESSIONAL &#8211; 2M FIORINO (1991-1993) 1116 CARB \/ 1300 CARB<br \/>\nFIAT PROFESSIONAL &#8211; 2M FIORINO (1991-1993) 1500 SPI USA&#8217;83<br \/>\nFIAT PROFESSIONAL &#8211; 3A FIORINO EXPORT (2004-2008) 1697 ASPIRATED DIESEL<br \/>\nFIAT PROFESSIONAL &#8211; 2N FIORINO RL (1993-2000) 1372 SPI \/ 1580 SPI \/ 1372 SPI CF2 \/ 1580 SPI CF2<br \/>\nFIAT PROFESSIONAL &#8211; 2N FIORINO RL (1993-2000) 1301 CARB.<br \/>\nFIAT PROFESSIONAL &#8211; 2N FIORINO RL (1993-2000) 1697 DS \/ 1697 TB-DS<br \/>\nFIAT PROFESSIONAL &#8211; NA NUOVO DUCATO DS.R.90 (1990-1994) 1930 \/ 1930 TURBO<br \/>\nFIAT PROFESSIONAL &#8211; PL SCUDO (1995-2004) 1580 BZ<br \/>\nFIAT PROFESSIONAL &#8211; 1G STRADA (1999-2005) 1697 TDS<br \/>\nFIAT PROFESSIONAL &#8211; 3G STRADA REST. 2 (2005-2011) 1697 TB-DS CF2<br \/>\nFIAT PROFESSIONAL &#8211; NC TALENTO R.90 (1990-1994) DIESEL<br \/>\nCITROEN &#8211; C25 (1990-1994) 1930 \/ 1930 TURBO<br \/>\nCITROEN &#8211; JUMPY (1995-2004) 1580 BZ<br \/>\nPEUGEOT &#8211; J5 (1990-1994) 1930 \/ 1930 TURBO<br \/>\nPEUGEOT &#8211; EXPERT (1995-2004) 1580 BZ<\/p>\n<p>LA PIEZA ES NUEVA Y ORIGINAL.<\/p>\n","protected":false},"excerpt":{"rendered":"<p>Juego, set de dos chavetas de sujeci\u00f3n de las v\u00e1lvulas de admisi\u00f3n y escape de: FIAT &#8211; 1V BRAVA (1995-1998) 1930 DS EM 08 FIAT &#8211; 1U BRAVO (1995-1998) 1930 DS EM 08-65CV FIAT &#8211; MZ CROMA CHT FL.90 (1990-1992) FIAT &#8211; MY CROMA IE-IE TB. FL.90 (1990-1996) 2000 8V EM.04 IE WEBER \/ 2000 [&hellip;]<\/p>\n","protected":false},"featured_media":88910,"template":"","meta":{"_seopress_robots_primary_cat":"","_seopress_titles_title":"","_seopress_titles_desc":"","_seopress_robots_index":""},"product_cat":[45,46,48,54,16,25,81,82,132,23,86,117,118,88,89,90,156,20,91,157,138,21,98,99,24,101,104,107,109,110,111,124,112,114,64,126,127],"product_tag":[],"class_list":{"0":"post-88909","1":"product","2":"type-product","3":"status-publish","4":"has-post-thumbnail","6":"product_cat-recambios-alfa-romeo-145","7":"product_cat-recambios-alfa-romeo-146","8":"product_cat-recambios-alfa-romeo-155","9":"product_cat-recambios-alfa-romeo-164","10":"product_cat-recambios-alfa-romeo","11":"product_cat-recambios-autobianchi","12":"product_cat-recambios-fiat-brava","13":"product_cat-recambios-fiat-bravo","14":"product_cat-recambios-citroen-c25","15":"product_cat-recambios-citroen","16":"product_cat-recambios-fiat-croma","17":"product_cat-recambios-lancia-dedra","18":"product_cat-recambios-lancia-delta","19":"product_cat-recambios-fiat-ducato","20":"product_cat-recambios-fiat-duna","21":"product_cat-recambios-fiat-elba","22":"product_cat-recambios-peugeot-expert","23":"product_cat-recambios-fiat","24":"product_cat-recambios-fiat-fiorino","25":"product_cat-recambios-peugeot-j5","26":"product_cat-recambios-citroen-jumpy","27":"product_cat-recambios-lancia","28":"product_cat-recambios-fiat-palio","29":"product_cat-recambios-fiat-panda","30":"product_cat-recambios-peugeot","31":"product_cat-recambios-fiat-punto","32":"product_cat-recambios-fiat-scudo","33":"product_cat-recambios-fiat-siena","34":"product_cat-recambios-fiat-strada","35":"product_cat-recambios-fiat-talento","36":"product_cat-recambios-fiat-tempra","37":"product_cat-recambios-lancia-thema","38":"product_cat-recambios-fiat-tipo","39":"product_cat-recambios-fiat-uno","40":"product_cat-recambios-autobianchi-y10","41":"product_cat-recambios-lancia-y10","42":"product_cat-recambios-lancia-ypsilon","44":"first","45":"instock","46":"taxable","47":"shipping-taxable","48":"purchasable","49":"product-type-simple"},"_links":{"self":[{"href":"https:\/\/galicianparts.com\/shop\/wp-json\/wp\/v2\/product\/88909"}],"collection":[{"href":"https:\/\/galicianparts.com\/shop\/wp-json\/wp\/v2\/product"}],"about":[{"href":"https:\/\/galicianparts.com\/shop\/wp-json\/wp\/v2\/types\/product"}],"wp:featuredmedia":[{"embeddable":true,"href":"https:\/\/galicianparts.com\/shop\/wp-json\/wp\/v2\/media\/88910"}],"wp:attachment":[{"href":"https:\/\/galicianparts.com\/shop\/wp-json\/wp\/v2\/media?parent=88909"}],"wp:term":[{"taxonomy":"product_cat","embeddable":true,"href":"https:\/\/galicianparts.com\/shop\/wp-json\/wp\/v2\/product_cat?post=88909"},{"taxonomy":"product_tag","embeddable":true,"href":"https:\/\/galicianparts.com\/shop\/wp-json\/wp\/v2\/product_tag?post=88909"}],"curies":[{"name":"wp","href":"https:\/\/api.w.org\/{rel}","templated":true}]}}