{"id":88977,"date":"2024-07-16T12:41:47","date_gmt":"2024-07-16T10:41:47","guid":{"rendered":"https:\/\/galicianparts.com\/shop\/producto\/60551905-tubo-superior-radiador-calefaccion-alfa-romeo-33-1990-1994-original\/"},"modified":"2025-06-25T11:36:50","modified_gmt":"2025-06-25T09:36:50","slug":"60551905-tubo-superior-radiador-calefaccion-alfa-romeo-33-1990-1994-original","status":"publish","type":"product","link":"https:\/\/galicianparts.com\/shop\/producto\/60551905-tubo-superior-radiador-calefaccion-alfa-romeo-33-1990-1994-original\/","title":{"rendered":"60551905 Tubo superior radiador calefacci\u00f3n Alfa Romeo 33 (1990-1994) ORIGINAL"},"content":{"rendered":"<p>Manguito superior del radiador del m\u00f3dulo de la calefacci\u00f3n de:<br \/>\nALFA ROMEO &#8211; W5 33 CARB.\/DS (1990-1994)<br \/>\nALFA ROMEO &#8211; W5 33 CARB.\/DS (1990-1994) 1.2 CARB \/ 1.3 CARB \/ 1.5 CARB<br \/>\nALFA ROMEO &#8211; W6 33 I.E. 8\/16 VALV. (1990-1994)<\/p>\n<p>LA PIEZA ES NUEVA Y ORIGINAL.<\/p>\n","protected":false},"excerpt":{"rendered":"<p>Manguito superior del radiador del m\u00f3dulo de la calefacci\u00f3n de: ALFA ROMEO &#8211; W5 33 CARB.\/DS (1990-1994) ALFA ROMEO &#8211; W5 33 CARB.\/DS (1990-1994) 1.2 CARB \/ 1.3 CARB \/ 1.5 CARB ALFA ROMEO &#8211; W6 33 I.E. 8\/16 VALV. (1990-1994) LA PIEZA ES NUEVA Y ORIGINAL.<\/p>\n","protected":false},"featured_media":88981,"template":"","meta":{"_seopress_robots_primary_cat":"","_seopress_titles_title":"","_seopress_titles_desc":"","_seopress_robots_index":""},"product_cat":[43,16],"product_tag":[],"class_list":{"0":"post-88977","1":"product","2":"type-product","3":"status-publish","4":"has-post-thumbnail","6":"product_cat-recambios-alfa-romeo-33","7":"product_cat-recambios-alfa-romeo","9":"first","10":"instock","11":"taxable","12":"shipping-taxable","13":"purchasable","14":"product-type-simple"},"_links":{"self":[{"href":"https:\/\/galicianparts.com\/shop\/wp-json\/wp\/v2\/product\/88977"}],"collection":[{"href":"https:\/\/galicianparts.com\/shop\/wp-json\/wp\/v2\/product"}],"about":[{"href":"https:\/\/galicianparts.com\/shop\/wp-json\/wp\/v2\/types\/product"}],"wp:featuredmedia":[{"embeddable":true,"href":"https:\/\/galicianparts.com\/shop\/wp-json\/wp\/v2\/media\/88981"}],"wp:attachment":[{"href":"https:\/\/galicianparts.com\/shop\/wp-json\/wp\/v2\/media?parent=88977"}],"wp:term":[{"taxonomy":"product_cat","embeddable":true,"href":"https:\/\/galicianparts.com\/shop\/wp-json\/wp\/v2\/product_cat?post=88977"},{"taxonomy":"product_tag","embeddable":true,"href":"https:\/\/galicianparts.com\/shop\/wp-json\/wp\/v2\/product_tag?post=88977"}],"curies":[{"name":"wp","href":"https:\/\/api.w.org\/{rel}","templated":true}]}}