{"id":89198,"date":"2024-07-24T10:15:55","date_gmt":"2024-07-24T08:15:55","guid":{"rendered":"https:\/\/galicianparts.com\/shop\/producto\/7764997-tubo-radiador-calefaccion-fiat-panda-1-0-1-1-spi-1991-2003-original\/"},"modified":"2025-05-12T22:33:35","modified_gmt":"2025-05-12T20:33:35","slug":"7764997-tubo-radiador-calefaccion-fiat-panda-1-0-1-1-spi-1991-2003-original","status":"publish","type":"product","link":"https:\/\/galicianparts.com\/shop\/producto\/7764997-tubo-radiador-calefaccion-fiat-panda-1-0-1-1-spi-1991-2003-original\/","title":{"rendered":"7764997 Tubo radiador calefacci\u00f3n Fiat Panda 1.0-1.1 SPI (1991-2003) ORIGINAL"},"content":{"rendered":"<p>Manguito del bloque de motor a la inyecci\u00f3n y a la toma superior del radiador del m\u00f3dulo de la calefacci\u00f3n de:<br \/>\nFIAT &#8211; 1S PANDA 4X2 MAQ 91 (1991-2003) 1000 SPI USA 83 WEBER \/ 1000 SPI CF2<br \/>\nFIAT &#8211; 1S PANDA 4X2 MAQ 91 (1991-2003) 1100 SPI USA 83 \/ 1100 SPI CF2<br \/>\nFIAT &#8211; 1T PANDA 4X4 MAQ 91 (1991-2003) 1100 SPI USA 83 \/ 1100 SPI CF2<\/p>\n<p>LA PIEZA ES NUEVA Y ORIGINAL.<\/p>\n","protected":false},"excerpt":{"rendered":"<p>Manguito del bloque de motor a la inyecci\u00f3n y a la toma superior del radiador del m\u00f3dulo de la calefacci\u00f3n de: FIAT &#8211; 1S PANDA 4X2 MAQ 91 (1991-2003) 1000 SPI USA 83 WEBER \/ 1000 SPI CF2 FIAT &#8211; 1S PANDA 4X2 MAQ 91 (1991-2003) 1100 SPI USA 83 \/ 1100 SPI CF2 FIAT [&hellip;]<\/p>\n","protected":false},"featured_media":89199,"template":"","meta":{"_seopress_robots_primary_cat":"","_seopress_titles_title":"","_seopress_titles_desc":"","_seopress_robots_index":""},"product_cat":[20,99],"product_tag":[],"class_list":{"0":"post-89198","1":"product","2":"type-product","3":"status-publish","4":"has-post-thumbnail","6":"product_cat-recambios-fiat","7":"product_cat-recambios-fiat-panda","9":"first","10":"outofstock","11":"taxable","12":"shipping-taxable","13":"purchasable","14":"product-type-simple"},"_links":{"self":[{"href":"https:\/\/galicianparts.com\/shop\/wp-json\/wp\/v2\/product\/89198"}],"collection":[{"href":"https:\/\/galicianparts.com\/shop\/wp-json\/wp\/v2\/product"}],"about":[{"href":"https:\/\/galicianparts.com\/shop\/wp-json\/wp\/v2\/types\/product"}],"wp:featuredmedia":[{"embeddable":true,"href":"https:\/\/galicianparts.com\/shop\/wp-json\/wp\/v2\/media\/89199"}],"wp:attachment":[{"href":"https:\/\/galicianparts.com\/shop\/wp-json\/wp\/v2\/media?parent=89198"}],"wp:term":[{"taxonomy":"product_cat","embeddable":true,"href":"https:\/\/galicianparts.com\/shop\/wp-json\/wp\/v2\/product_cat?post=89198"},{"taxonomy":"product_tag","embeddable":true,"href":"https:\/\/galicianparts.com\/shop\/wp-json\/wp\/v2\/product_tag?post=89198"}],"curies":[{"name":"wp","href":"https:\/\/api.w.org\/{rel}","templated":true}]}}