{"id":89211,"date":"2024-07-24T10:48:58","date_gmt":"2024-07-24T08:48:58","guid":{"rendered":"https:\/\/galicianparts.com\/shop\/producto\/790028-set-2-juntas-cilindro-tambor-freno-lancia-delta-hf-tb-fiat-panda-uno-126-original\/"},"modified":"2024-07-24T10:58:06","modified_gmt":"2024-07-24T08:58:06","slug":"790028-set-2-juntas-cilindro-tambor-freno-lancia-delta-hf-tb-fiat-panda-uno-126-original","status":"publish","type":"product","link":"https:\/\/galicianparts.com\/shop\/producto\/790028-set-2-juntas-cilindro-tambor-freno-lancia-delta-hf-tb-fiat-panda-uno-126-original\/","title":{"rendered":"790028 Set 2 juntas cilindro tambor freno Lancia Delta HF TB \/Fiat Panda \/Uno \/126 ORIGINAL"},"content":{"rendered":"<p>Juego, pack de 2 juntas del bomb\u00edn del tambor de freno de las ruedas traseras de:<br \/>\nDi\u00e1metro interior: 11 mm<br \/>\nDi\u00e1metro exterior: 19 mm<br \/>\nEspesor: 4 mm<\/p>\n<p>FIAT &#8211; MD 126 BIS (1987-1999)<br \/>\nFIAT &#8211; NM CINQUECENTO (1992-1998)<br \/>\nFIAT &#8211; 1S PANDA 4X2 MAQ 91 (1991-2003)<br \/>\nFIAT &#8211; LV PANDA 4X2 RL\/86 (1985-1991)<br \/>\nFIAT &#8211; 1T PANDA 4X4 MAQ 91 (1991-2003)<br \/>\nFIAT &#8211; 2R PANDA 4X4 R\/86 (1985-1991)<br \/>\nFIAT &#8211; 2P PANDA DS (1986-1993)<br \/>\nFIAT &#8211; MU UNO DIESEL R\/89 (1989-1995)<br \/>\nFIAT &#8211; MS UNO R\/89 1.1-1370-1.5 (1989-1995)<br \/>\nFIAT &#8211; MR UNO R\/89 900-1.0-1.1 (1989-1995)<br \/>\nLANCIA &#8211; TB DELTA R.86 (1986-1992) 1600 MPI \/ 1600 SPI USA 83<br \/>\nLANCIA &#8211; TB DELTA R.86 HF TURBO (1986-1992) 1600 MPI TB \/ 1600 MPI TB USA 83<br \/>\nLANCIA &#8211; ZL Y10 FL.89 (1988-1992)<br \/>\nAUTOBIANCHI &#8211; Y10 (1988-1992)<\/p>\n<p>LA PIEZA ES NUEVA Y ORIGINAL.<\/p>\n","protected":false},"excerpt":{"rendered":"<p>Juego, pack de 2 juntas del bomb\u00edn del tambor de freno de las ruedas traseras de: Di\u00e1metro interior: 11 mm Di\u00e1metro exterior: 19 mm Espesor: 4 mm FIAT &#8211; MD 126 BIS (1987-1999) FIAT &#8211; NM CINQUECENTO (1992-1998) FIAT &#8211; 1S PANDA 4X2 MAQ 91 (1991-2003) FIAT &#8211; LV PANDA 4X2 RL\/86 (1985-1991) FIAT &#8211; [&hellip;]<\/p>\n","protected":false},"featured_media":89214,"template":"","meta":{"_seopress_robots_primary_cat":"","_seopress_titles_title":"","_seopress_titles_desc":"","_seopress_robots_index":""},"product_cat":[67,25,84,118,20,21,99,114,126,64],"product_tag":[],"class_list":{"0":"post-89211","1":"product","2":"type-product","3":"status-publish","4":"has-post-thumbnail","6":"product_cat-recambios-fiat-126","7":"product_cat-recambios-autobianchi","8":"product_cat-recambios-fiat-cinquecento","9":"product_cat-recambios-lancia-delta","10":"product_cat-recambios-fiat","11":"product_cat-recambios-lancia","12":"product_cat-recambios-fiat-panda","13":"product_cat-recambios-fiat-uno","14":"product_cat-recambios-lancia-y10","15":"product_cat-recambios-autobianchi-y10","17":"first","18":"instock","19":"taxable","20":"shipping-taxable","21":"purchasable","22":"product-type-simple"},"_links":{"self":[{"href":"https:\/\/galicianparts.com\/shop\/wp-json\/wp\/v2\/product\/89211"}],"collection":[{"href":"https:\/\/galicianparts.com\/shop\/wp-json\/wp\/v2\/product"}],"about":[{"href":"https:\/\/galicianparts.com\/shop\/wp-json\/wp\/v2\/types\/product"}],"wp:featuredmedia":[{"embeddable":true,"href":"https:\/\/galicianparts.com\/shop\/wp-json\/wp\/v2\/media\/89214"}],"wp:attachment":[{"href":"https:\/\/galicianparts.com\/shop\/wp-json\/wp\/v2\/media?parent=89211"}],"wp:term":[{"taxonomy":"product_cat","embeddable":true,"href":"https:\/\/galicianparts.com\/shop\/wp-json\/wp\/v2\/product_cat?post=89211"},{"taxonomy":"product_tag","embeddable":true,"href":"https:\/\/galicianparts.com\/shop\/wp-json\/wp\/v2\/product_tag?post=89211"}],"curies":[{"name":"wp","href":"https:\/\/api.w.org\/{rel}","templated":true}]}}