{"id":89256,"date":"2024-07-30T09:38:57","date_gmt":"2024-07-30T07:38:57","guid":{"rendered":"https:\/\/galicianparts.com\/shop\/producto\/7763865-pack-2-silentblocks-ballesta-fiat-ducato-citroen-c25-peugeot-j5-original\/"},"modified":"2025-09-08T13:21:00","modified_gmt":"2025-09-08T11:21:00","slug":"7763865-pack-2-silentblocks-ballesta-fiat-ducato-citroen-c25-peugeot-j5-original","status":"publish","type":"product","link":"https:\/\/galicianparts.com\/shop\/producto\/7763865-pack-2-silentblocks-ballesta-fiat-ducato-citroen-c25-peugeot-j5-original\/","title":{"rendered":"7763865 Pack 2 silentblocks ballesta Fiat Ducato \/Citro\u00ebn C25 \/Peugeot J5 ORIGINAL"},"content":{"rendered":"<p>Juego, set de dos silentblocks de la suspensi\u00f3n trasera de ballesta de:<br \/>\nDi\u00e1metro interior: 18 mm<br \/>\nDi\u00e1metro exterior: 30 mm<br \/>\nAltura: 20 mm<\/p>\n<p>FIAT PROFESSIONAL &#8211; ND DUCATO 4X4 R.90 (1990-1994)<br \/>\nFIAT PROFESSIONAL &#8211; NB NUOVO DUCATO BZ R.90 (1990-1994)<br \/>\nFIAT PROFESSIONAL &#8211; NA NUOVO DUCATO DS.R.90 (1990-1994)<br \/>\nFIAT PROFESSIONAL &#8211; NC TALENTO R.90 (1990-1994)<br \/>\nCITROEN &#8211; C25 (1990-1994)<br \/>\nPEUGEOT &#8211; J5 (1990-1994)<\/p>\n<p>LA PIEZA ES NUEVA Y ORIGINAL.<\/p>\n","protected":false},"excerpt":{"rendered":"<p>Juego, set de dos silentblocks de la suspensi\u00f3n trasera de ballesta de: Di\u00e1metro interior: 18 mm Di\u00e1metro exterior: 30 mm Altura: 20 mm FIAT PROFESSIONAL &#8211; ND DUCATO 4X4 R.90 (1990-1994) FIAT PROFESSIONAL &#8211; NB NUOVO DUCATO BZ R.90 (1990-1994) FIAT PROFESSIONAL &#8211; NA NUOVO DUCATO DS.R.90 (1990-1994) FIAT PROFESSIONAL &#8211; NC TALENTO R.90 (1990-1994) [&hellip;]<\/p>\n","protected":false},"featured_media":89257,"template":"","meta":{"_seopress_robots_primary_cat":"","_seopress_titles_title":"","_seopress_titles_desc":"","_seopress_robots_index":""},"product_cat":[132,23,88,20,157,24,110],"product_tag":[],"class_list":{"0":"post-89256","1":"product","2":"type-product","3":"status-publish","4":"has-post-thumbnail","6":"product_cat-recambios-citroen-c25","7":"product_cat-recambios-citroen","8":"product_cat-recambios-fiat-ducato","9":"product_cat-recambios-fiat","10":"product_cat-recambios-peugeot-j5","11":"product_cat-recambios-peugeot","12":"product_cat-recambios-fiat-talento","14":"first","15":"outofstock","16":"taxable","17":"shipping-taxable","18":"purchasable","19":"product-type-simple"},"_links":{"self":[{"href":"https:\/\/galicianparts.com\/shop\/wp-json\/wp\/v2\/product\/89256"}],"collection":[{"href":"https:\/\/galicianparts.com\/shop\/wp-json\/wp\/v2\/product"}],"about":[{"href":"https:\/\/galicianparts.com\/shop\/wp-json\/wp\/v2\/types\/product"}],"wp:featuredmedia":[{"embeddable":true,"href":"https:\/\/galicianparts.com\/shop\/wp-json\/wp\/v2\/media\/89257"}],"wp:attachment":[{"href":"https:\/\/galicianparts.com\/shop\/wp-json\/wp\/v2\/media?parent=89256"}],"wp:term":[{"taxonomy":"product_cat","embeddable":true,"href":"https:\/\/galicianparts.com\/shop\/wp-json\/wp\/v2\/product_cat?post=89256"},{"taxonomy":"product_tag","embeddable":true,"href":"https:\/\/galicianparts.com\/shop\/wp-json\/wp\/v2\/product_tag?post=89256"}],"curies":[{"name":"wp","href":"https:\/\/api.w.org\/{rel}","templated":true}]}}