{"id":89265,"date":"2024-07-30T10:07:16","date_gmt":"2024-07-30T08:07:16","guid":{"rendered":"https:\/\/galicianparts.com\/shop\/producto\/7713417-tubo-inferior-deposito-refrigerante-m-1-7d-fiat-fiorino-uno-elba-original\/"},"modified":"2024-07-30T10:09:11","modified_gmt":"2024-07-30T08:09:11","slug":"7713417-tubo-inferior-deposito-refrigerante-m-1-7d-fiat-fiorino-uno-elba-original","status":"publish","type":"product","link":"https:\/\/galicianparts.com\/shop\/producto\/7713417-tubo-inferior-deposito-refrigerante-m-1-7d-fiat-fiorino-uno-elba-original\/","title":{"rendered":"7713417 Tubo inferior dep\u00f3sito refrigerante M 1.7D Fiat Fiorino \/Uno \/Elba ORIGINAL"},"content":{"rendered":"<p>Manguito inferior del vaso de expansi\u00f3n al tubo de la bomba de agua y termostato de:<br \/>\nLargo: 585 mm<br \/>\nDi\u00e1metro interior: 17 mm<br \/>\nDi\u00e1metro exterior: 24 mm<\/p>\n<p>FIAT &#8211; XP ELBA CSL (1991-1996) 1697 DS<br \/>\nFIAT &#8211; XR MILLE (1994-1995) 1697 DS<br \/>\nFIAT &#8211; ML UNO CS (1988-1990) 1700 DIESEL (149) \/ 1700 DIESEL (146)<br \/>\nFIAT PROFESSIONAL &#8211; 2M FIORINO (1991-1993) 1697 DS (149 B3) \/ 1697 DS (146 B2) \/ 1697 DS USA &#8217;83<br \/>\nFIAT PROFESSIONAL &#8211; 2N FIORINO RL (1993-2000) 1697 DS<\/p>\n<p>LA PIEZA ES NUEVA Y ORIGINAL.<\/p>\n","protected":false},"excerpt":{"rendered":"<p>Manguito inferior del vaso de expansi\u00f3n al tubo de la bomba de agua y termostato de: Largo: 585 mm Di\u00e1metro interior: 17 mm Di\u00e1metro exterior: 24 mm FIAT &#8211; XP ELBA CSL (1991-1996) 1697 DS FIAT &#8211; XR MILLE (1994-1995) 1697 DS FIAT &#8211; ML UNO CS (1988-1990) 1700 DIESEL (149) \/ 1700 DIESEL (146) [&hellip;]<\/p>\n","protected":false},"featured_media":89269,"template":"","meta":{"_seopress_robots_primary_cat":"","_seopress_titles_title":"","_seopress_titles_desc":"","_seopress_robots_index":""},"product_cat":[90,20,91,114],"product_tag":[],"class_list":{"0":"post-89265","1":"product","2":"type-product","3":"status-publish","4":"has-post-thumbnail","6":"product_cat-recambios-fiat-elba","7":"product_cat-recambios-fiat","8":"product_cat-recambios-fiat-fiorino","9":"product_cat-recambios-fiat-uno","11":"first","12":"instock","13":"taxable","14":"shipping-taxable","15":"purchasable","16":"product-type-simple"},"_links":{"self":[{"href":"https:\/\/galicianparts.com\/shop\/wp-json\/wp\/v2\/product\/89265"}],"collection":[{"href":"https:\/\/galicianparts.com\/shop\/wp-json\/wp\/v2\/product"}],"about":[{"href":"https:\/\/galicianparts.com\/shop\/wp-json\/wp\/v2\/types\/product"}],"wp:featuredmedia":[{"embeddable":true,"href":"https:\/\/galicianparts.com\/shop\/wp-json\/wp\/v2\/media\/89269"}],"wp:attachment":[{"href":"https:\/\/galicianparts.com\/shop\/wp-json\/wp\/v2\/media?parent=89265"}],"wp:term":[{"taxonomy":"product_cat","embeddable":true,"href":"https:\/\/galicianparts.com\/shop\/wp-json\/wp\/v2\/product_cat?post=89265"},{"taxonomy":"product_tag","embeddable":true,"href":"https:\/\/galicianparts.com\/shop\/wp-json\/wp\/v2\/product_tag?post=89265"}],"curies":[{"name":"wp","href":"https:\/\/api.w.org\/{rel}","templated":true}]}}