{"id":8935,"date":"2020-11-23T14:42:57","date_gmt":"2020-11-23T12:42:57","guid":{"rendered":"https:\/\/galicianparts.com\/shop\/producto\/51729649-tubo-valvula-de-presion-aire-fiat-stilo-2003-2007-nuevo-original\/"},"modified":"2020-11-23T14:47:45","modified_gmt":"2020-11-23T12:47:45","slug":"51729649-tubo-valvula-de-presion-aire-fiat-stilo-2003-2007-nuevo-original","status":"publish","type":"product","link":"https:\/\/galicianparts.com\/shop\/producto\/51729649-tubo-valvula-de-presion-aire-fiat-stilo-2003-2007-nuevo-original\/","title":{"rendered":"51729649 Tubo v\u00e1lvula de presi\u00f3n aire Fiat Stilo (2003-2007) NUEVO ORIGINAL"},"content":{"rendered":"<p>Manguito de la electrov\u00e1lvula del acelerador, de presi\u00f3n de aire de admisi\u00f3n y emisiones de FIAT &#8211; 2V STILO F.L.L. 2003 (2003-2007).<br \/>\nLA PIEZA ES NUEVA Y ORIGINAL.<\/p>\n","protected":false},"excerpt":{"rendered":"<p>Manguito de la electrov\u00e1lvula del acelerador, de presi\u00f3n de aire de admisi\u00f3n y emisiones de FIAT &#8211; 2V STILO F.L.L. 2003 (2003-2007). LA PIEZA ES NUEVA Y ORIGINAL.<\/p>\n","protected":false},"featured_media":8936,"template":"","meta":{"_seopress_robots_primary_cat":"","_seopress_titles_title":"","_seopress_titles_desc":"","_seopress_robots_index":""},"product_cat":[20,108],"product_tag":[],"class_list":{"0":"post-8935","1":"product","2":"type-product","3":"status-publish","4":"has-post-thumbnail","6":"product_cat-recambios-fiat","7":"product_cat-recambios-fiat-stilo","9":"first","10":"instock","11":"taxable","12":"shipping-taxable","13":"purchasable","14":"product-type-simple"},"_links":{"self":[{"href":"https:\/\/galicianparts.com\/shop\/wp-json\/wp\/v2\/product\/8935"}],"collection":[{"href":"https:\/\/galicianparts.com\/shop\/wp-json\/wp\/v2\/product"}],"about":[{"href":"https:\/\/galicianparts.com\/shop\/wp-json\/wp\/v2\/types\/product"}],"wp:featuredmedia":[{"embeddable":true,"href":"https:\/\/galicianparts.com\/shop\/wp-json\/wp\/v2\/media\/8936"}],"wp:attachment":[{"href":"https:\/\/galicianparts.com\/shop\/wp-json\/wp\/v2\/media?parent=8935"}],"wp:term":[{"taxonomy":"product_cat","embeddable":true,"href":"https:\/\/galicianparts.com\/shop\/wp-json\/wp\/v2\/product_cat?post=8935"},{"taxonomy":"product_tag","embeddable":true,"href":"https:\/\/galicianparts.com\/shop\/wp-json\/wp\/v2\/product_tag?post=8935"}],"curies":[{"name":"wp","href":"https:\/\/api.w.org\/{rel}","templated":true}]}}