{"id":89353,"date":"2024-07-31T09:39:13","date_gmt":"2024-07-31T07:39:13","guid":{"rendered":"https:\/\/galicianparts.com\/shop\/producto\/7568755-cable-acelerador-m-1-9-td-fiat-ritmo-regata-nuevo-original\/"},"modified":"2024-07-31T09:40:32","modified_gmt":"2024-07-31T07:40:32","slug":"7568755-cable-acelerador-m-1-9-td-fiat-ritmo-regata-nuevo-original","status":"publish","type":"product","link":"https:\/\/galicianparts.com\/shop\/producto\/7568755-cable-acelerador-m-1-9-td-fiat-ritmo-regata-nuevo-original\/","title":{"rendered":"7568755 Cable acelerador M 1.9 TD Fiat Ritmo \/Regata NUEVO ORIGINAL"},"content":{"rendered":"<p>Cable del acelerador de:<br \/>\nLargo: 1015 mm<\/p>\n<p>FIAT Regata (138)<br \/>\n1.9 Turbodi\u00e9sel 80, A\u00f1o 05.1986 &#8211; 07.1989, 1929 ccm, 80 cv<br \/>\nFIAT Ritmo I Hatchback (138)<br \/>\n1.9 TD, A\u00f1o 12.1985 &#8211; 12.1987, 1929 ccm, 80 cv<\/p>\n<p>LA PIEZA ES NUEVA Y ORIGINAL.<\/p>\n","protected":false},"excerpt":{"rendered":"<p>Cable del acelerador de: Largo: 1015 mm FIAT Regata (138) 1.9 Turbodi\u00e9sel 80, A\u00f1o 05.1986 &#8211; 07.1989, 1929 ccm, 80 cv FIAT Ritmo I Hatchback (138) 1.9 TD, A\u00f1o 12.1985 &#8211; 12.1987, 1929 ccm, 80 cv LA PIEZA ES NUEVA Y ORIGINAL.<\/p>\n","protected":false},"featured_media":89356,"template":"","meta":{"_seopress_robots_primary_cat":"","_seopress_titles_title":"","_seopress_titles_desc":"","_seopress_robots_index":""},"product_cat":[20,102,103],"product_tag":[],"class_list":{"0":"post-89353","1":"product","2":"type-product","3":"status-publish","4":"has-post-thumbnail","6":"product_cat-recambios-fiat","7":"product_cat-recambios-fiat-regata","8":"product_cat-recambios-fiat-ritmo","10":"first","11":"instock","12":"taxable","13":"shipping-taxable","14":"purchasable","15":"product-type-simple"},"_links":{"self":[{"href":"https:\/\/galicianparts.com\/shop\/wp-json\/wp\/v2\/product\/89353"}],"collection":[{"href":"https:\/\/galicianparts.com\/shop\/wp-json\/wp\/v2\/product"}],"about":[{"href":"https:\/\/galicianparts.com\/shop\/wp-json\/wp\/v2\/types\/product"}],"wp:featuredmedia":[{"embeddable":true,"href":"https:\/\/galicianparts.com\/shop\/wp-json\/wp\/v2\/media\/89356"}],"wp:attachment":[{"href":"https:\/\/galicianparts.com\/shop\/wp-json\/wp\/v2\/media?parent=89353"}],"wp:term":[{"taxonomy":"product_cat","embeddable":true,"href":"https:\/\/galicianparts.com\/shop\/wp-json\/wp\/v2\/product_cat?post=89353"},{"taxonomy":"product_tag","embeddable":true,"href":"https:\/\/galicianparts.com\/shop\/wp-json\/wp\/v2\/product_tag?post=89353"}],"curies":[{"name":"wp","href":"https:\/\/api.w.org\/{rel}","templated":true}]}}