{"id":89372,"date":"2024-07-31T10:43:44","date_gmt":"2024-07-31T08:43:44","guid":{"rendered":"https:\/\/galicianparts.com\/shop\/producto\/4827688-centrador-bloque-y-culata-lancia-thema-2-5-td-1990-1992-nuevo-original\/"},"modified":"2024-07-31T10:46:13","modified_gmt":"2024-07-31T08:46:13","slug":"4827688-centrador-bloque-y-culata-lancia-thema-2-5-td-1990-1992-nuevo-original","status":"publish","type":"product","link":"https:\/\/galicianparts.com\/shop\/producto\/4827688-centrador-bloque-y-culata-lancia-thema-2-5-td-1990-1992-nuevo-original\/","title":{"rendered":"4827688 Centrador bloque y culata Lancia Thema 2.5 TD (1990-1992) NUEVO ORIGINAL"},"content":{"rendered":"<p>Pasador, bul\u00f3n del bloque y de la culata del motor de:<br \/>\nDi\u00e1metro 1: 13 mm<br \/>\nDi\u00e1metro 2: 10 mm<br \/>\nLargo: 16 mm<\/p>\n<p>LANCIA &#8211; SZ THEMA R.88 (1990-1992) 2500 TB\/DS (8144.97) \/ 2500 TB\/DS (8144.97S) EM.08<\/p>\n<p>LA PIEZA ES NUEVA Y ORIGINAL.<\/p>\n","protected":false},"excerpt":{"rendered":"<p>Pasador, bul\u00f3n del bloque y de la culata del motor de: Di\u00e1metro 1: 13 mm Di\u00e1metro 2: 10 mm Largo: 16 mm LANCIA &#8211; SZ THEMA R.88 (1990-1992) 2500 TB\/DS (8144.97) \/ 2500 TB\/DS (8144.97S) EM.08 LA PIEZA ES NUEVA Y ORIGINAL.<\/p>\n","protected":false},"featured_media":89375,"template":"","meta":{"_seopress_robots_primary_cat":"","_seopress_titles_title":"","_seopress_titles_desc":"","_seopress_robots_index":""},"product_cat":[21,124],"product_tag":[],"class_list":{"0":"post-89372","1":"product","2":"type-product","3":"status-publish","4":"has-post-thumbnail","6":"product_cat-recambios-lancia","7":"product_cat-recambios-lancia-thema","9":"first","10":"instock","11":"taxable","12":"shipping-taxable","13":"purchasable","14":"product-type-simple"},"_links":{"self":[{"href":"https:\/\/galicianparts.com\/shop\/wp-json\/wp\/v2\/product\/89372"}],"collection":[{"href":"https:\/\/galicianparts.com\/shop\/wp-json\/wp\/v2\/product"}],"about":[{"href":"https:\/\/galicianparts.com\/shop\/wp-json\/wp\/v2\/types\/product"}],"wp:featuredmedia":[{"embeddable":true,"href":"https:\/\/galicianparts.com\/shop\/wp-json\/wp\/v2\/media\/89375"}],"wp:attachment":[{"href":"https:\/\/galicianparts.com\/shop\/wp-json\/wp\/v2\/media?parent=89372"}],"wp:term":[{"taxonomy":"product_cat","embeddable":true,"href":"https:\/\/galicianparts.com\/shop\/wp-json\/wp\/v2\/product_cat?post=89372"},{"taxonomy":"product_tag","embeddable":true,"href":"https:\/\/galicianparts.com\/shop\/wp-json\/wp\/v2\/product_tag?post=89372"}],"curies":[{"name":"wp","href":"https:\/\/api.w.org\/{rel}","templated":true}]}}