{"id":89478,"date":"2024-08-01T11:44:33","date_gmt":"2024-08-01T09:44:33","guid":{"rendered":"https:\/\/galicianparts.com\/shop\/producto\/4174355-pack-4-retenes-valvulas-fiat-ritmo-127-131-ducato-lancia-alfa-seat-original\/"},"modified":"2024-12-24T12:30:12","modified_gmt":"2024-12-24T10:30:12","slug":"4174355-pack-4-retenes-valvulas-fiat-ritmo-127-131-ducato-lancia-alfa-seat-original","status":"publish","type":"product","link":"https:\/\/galicianparts.com\/shop\/producto\/4174355-pack-4-retenes-valvulas-fiat-ritmo-127-131-ducato-lancia-alfa-seat-original\/","title":{"rendered":"4174355 Pack 4 retenes v\u00e1lvulas Fiat Ritmo \/127 \/131 \/Ducato \/Lancia \/Alfa \/Seat ORIGINAL"},"content":{"rendered":"<p>Juego, set de cuatro retenes de las v\u00e1lvulas del motor de:<br \/>\nDi\u00e1metro interior: 8 mm<br \/>\nAltura: 10 mm<\/p>\n<p>FIAT Regata (138)<br \/>\n1.7 Di\u00e9sel 60, A\u00f1o 09.1983 &#8211; 12.1986, 1714 ccm, 58 cv<br \/>\n1.9 Di\u00e9sel 65, A\u00f1o 04.1984 &#8211; 07.1989, 1929 ccm, 65 cv<br \/>\n1.3 70, A\u00f1o 09.1983 &#8211; 07.1986, 1301 ccm, 68 cv<br \/>\n1.5 75, A\u00f1o 12.1983 &#8211; 07.1989, 1498 ccm, 75 cv<br \/>\n1.5 85, A\u00f1o 05.1985 &#8211; 12.1987, 1498 ccm, 79 cv<br \/>\n1.5 Super 85, A\u00f1o 09.1983 &#8211; 04.1985, 1498 ccm, 82 cv<br \/>\nFIAT X 1\/9 (128)<br \/>\n1.3, A\u00f1o 10.1975 &#8211; 06.1978, 1290 ccm, 73 cv<br \/>\n1.3, A\u00f1o 05.1973 &#8211; 12.1979, 1290 ccm, 75 cv<br \/>\n1.5 (128AS1_), A\u00f1o 11.1978 &#8211; 12.1989, 1498 ccm, 85 cv<br \/>\nFIAT Ritmo I Cabrio<br \/>\n1.6 100, A\u00f1o 10.1985 &#8211; 12.1987, 1585 ccm, 105 cv<br \/>\n1.5 80, A\u00f1o 03.1983 &#8211; 12.1986, 1498 ccm, 82 cv<br \/>\n1.5 80, A\u00f1o 01.1980 &#8211; 07.1989, 1498 ccm, 86 cv<br \/>\nFIAT Ritmo I Hatchback (138)<br \/>\n1.0, A\u00f1o 09.1978 &#8211; 09.1982, 1049 ccm, 60 cv<br \/>\n1.1, A\u00f1o 10.1982 &#8211; 12.1987, 1116 ccm, 55 cv<br \/>\n1.1, A\u00f1o 04.1985 &#8211; 12.1987, 1116 ccm, 58 cv<br \/>\n1.3, A\u00f1o 01.1978 &#8211; 08.1985, 1301 ccm, 65 cv<br \/>\n1.3, A\u00f1o 01.1983 &#8211; 04.1985, 1301 ccm, 68 cv<br \/>\n1.3, A\u00f1o 01.1981 &#8211; 09.1982, 1301 ccm, 75 cv<br \/>\n1.5, A\u00f1o 01.1978 &#8211; 12.1988, 1498 ccm, 75 cv<br \/>\n1.5, A\u00f1o 08.1985 &#8211; 05.1987, 1498 ccm, 79 cv<br \/>\n1.5, A\u00f1o 01.1983 &#8211; 12.1987, 1498 ccm, 82 cv<br \/>\n1.5, A\u00f1o 01.1981 &#8211; 05.1987, 1498 ccm, 85 cv<br \/>\n1.6, A\u00f1o 12.1985 &#8211; 12.1987, 1585 ccm, 90 cv<br \/>\n1.6, A\u00f1o 05.1981 &#8211; 12.1987, 1585 ccm, 105 cv<br \/>\n1.7 Diesel, A\u00f1o 10.1979 &#8211; 09.1982, 1714 ccm, 55 cv<br \/>\nFIAT 124 Sport Spider (124)<br \/>\n1500 Sport (BS), A\u00f1o 01.1966 &#8211; 12.1972, 1438 ccm, 90 cv<br \/>\n1600 Sport (BS1), A\u00f1o 11.1969 &#8211; 08.1973, 1608 ccm, 100 cv<br \/>\n1600 Sport (BS1), A\u00f1o 01.1969 &#8211; 12.1974, 1608 ccm, 110 cv<br \/>\n1600 Sport (CS), A\u00f1o 01.1969 &#8211; 12.1974, 1608 ccm, 104 cv<br \/>\n1800 Sport (CS1), A\u00f1o 01.1972 &#8211; 12.1977, 1756 ccm, 118 cv<br \/>\nFIAT 127 Hatchback (127)<br \/>\n1.0, A\u00f1o 04.1977 &#8211; 12.1986, 1049 ccm, 50 cv<br \/>\n1.0 Sport, A\u00f1o 07.1978 &#8211; 02.1982, 1049 ccm, 70 cv<br \/>\n1.3 Sport, A\u00f1o 12.1981 &#8211; 05.1983, 1301 ccm, 75 cv<br \/>\nFIAT 128 Coup\u00e9 (128)<br \/>\n1.1, A\u00f1o 03.1972 &#8211; 02.1981, 1116 ccm, 64 cv<br \/>\n1.1, A\u00f1o 08.1975 &#8211; 02.1981, 1116 ccm, 65 cv<br \/>\n1.3, A\u00f1o 03.1972 &#8211; 12.1979, 1290 ccm, 75 cv<br \/>\n1.3 Berlinetta, A\u00f1o 06.1975 &#8211; 12.1979, 1290 ccm, 73 cv<br \/>\nFIAT 128 Berlina (128)<br \/>\n1.1, A\u00f1o 02.1975 &#8211; 09.1981, 1116 ccm, 45 cv<br \/>\n1.1 (128A), A\u00f1o 03.1969 &#8211; 12.1984, 1116 ccm, 55 cv<br \/>\n1.3 (128A), A\u00f1o 08.1974 &#8211; 12.1984, 1290 ccm, 60 cv<br \/>\n1.3 Rally (128A), A\u00f1o 07.1971 &#8211; 02.1976, 1290 ccm, 67 cv<br \/>\nFIAT 131 Berlina (131)<br \/>\n1.3 Mirafiori, A\u00f1o 10.1974 &#8211; 09.1981, 1297 ccm, 54 cv<br \/>\n1.3 Super Mirafiori, A\u00f1o 03.1978 &#8211; 12.1980, 1297 ccm, 78 cv<br \/>\n1.4 Mirafiori, A\u00f1o 11.1980 &#8211; 01.1984, 1367 ccm, 70 cv<br \/>\n1.4 Super Mirafiori, A\u00f1o 04.1981 &#8211; 12.1983, 1367 ccm, 75 cv<br \/>\n1.6, A\u00f1o 11.1976 &#8211; 12.1984, 1585 ccm, 85 cv<br \/>\n1.6 (131A1), A\u00f1o 10.1974 &#8211; 09.1981, 1585 ccm, 75 cv<br \/>\n1.6 Super, A\u00f1o 03.1978 &#8211; 01.1984, 1585 ccm, 97 cv<br \/>\n1.6 Super Mirafiori, A\u00f1o 03.1979 &#8211; 03.1982, 1585 ccm, 98 cv<br \/>\n2.0 Abarth Rally, A\u00f1o 01.1976 &#8211; 07.1980, 1995 ccm, 140 cv<br \/>\n2.0 Racing, A\u00f1o 06.1978 &#8211; 12.1981, 1995 ccm, 115 cv<br \/>\nFIAT 131 Familiare \/ Panorama (131)<br \/>\n1.3 Mirafiori (131AF), A\u00f1o 03.1975 &#8211; 12.1978, 1297 ccm, 54 cv<br \/>\n1.4 Mirafiori, A\u00f1o 11.1981 &#8211; 01.1984, 1367 ccm, 70 cv<br \/>\n1.6, A\u00f1o 11.1980 &#8211; 12.1984, 1585 ccm, 85 cv<br \/>\n1.6 CL, A\u00f1o 03.1975 &#8211; 12.1978, 1585 ccm, 75 cv<br \/>\n1.6 Super, A\u00f1o 12.1979 &#8211; 12.1981, 1585 ccm, 97 cv<br \/>\nFIAT Croma I Hatchback (154)<br \/>\n1.6, A\u00f1o 12.1985 &#8211; 12.1990, 1585 ccm, 83 cv<br \/>\n1.9 TD i.d., A\u00f1o 11.1992 &#8211; 12.1996, 1929 ccm, 94 cv<br \/>\n1900 Turbo D i.d. (154.LL, 154.PL), A\u00f1o 08.1987 &#8211; 10.1992, 1929 ccm, 90 cv<br \/>\n2.0 CHT, A\u00f1o 12.1985 &#8211; 02.1989, 1995 ccm, 90 cv<br \/>\n2.0 i.e. Turbo, A\u00f1o 12.1985 &#8211; 06.1990, 1995 ccm, 155 cv<br \/>\nFIAT Ducato II Furg\u00f3n (230L)<br \/>\n1.9 D, A\u00f1o 03.1994 &#8211; 04.2002, 1929 ccm, 69 cv<br \/>\n1.9 TD, A\u00f1o 03.1994 &#8211; 04.2002, 1929 ccm, 82 cv<br \/>\n1.9 TD CAT, A\u00f1o 08.1994 &#8211; 04.2002, 1929 ccm, 80 cv<br \/>\n2.0, A\u00f1o 03.1994 &#8211; 04.2002, 1998 ccm, 109 cv<br \/>\n2.0 4&#215;4, A\u00f1o 11.1994 &#8211; 04.2002, 1998 ccm, 109 cv<br \/>\nFIAT Argenta (132)<br \/>\n1.6, A\u00f1o 04.1981 &#8211; 12.1985, 1585 ccm, 98 cv<br \/>\n2, A\u00f1o 06.1978 &#8211; 12.1985, 1995 ccm, 113 cv<br \/>\n2.0 i.e., A\u00f1o 06.1981 &#8211; 07.1986, 1995 ccm, 122 cv<br \/>\nFIAT Tempra (159)<br \/>\n1.9 D, A\u00f1o 07.1991 &#8211; 08.1996, 1929 ccm, 65 cv<br \/>\n1.9 TD, A\u00f1o 07.1992 &#8211; 08.1996, 1929 ccm, 80 cv<br \/>\n1.9 TD, A\u00f1o 05.1990 &#8211; 08.1996, 1929 ccm, 90 cv<br \/>\nFIAT Panda I Hatchback (141)<br \/>\n1.3 D, A\u00f1o 04.1986 &#8211; 12.1992, 1302 ccm, 37 cv<br \/>\nFIAT Tipo Hatchback (160)<br \/>\n1.7 D, A\u00f1o 01.1988 &#8211; 10.1994, 1697 ccm, 58 cv<br \/>\n1.9 D, A\u00f1o 07.1991 &#8211; 08.1995, 1929 ccm, 65 cv<br \/>\n1.9 TD, A\u00f1o 03.1992 &#8211; 06.1993, 1929 ccm, 80 cv<br \/>\n1.9 TD, A\u00f1o 09.1990 &#8211; 04.1995, 1929 ccm, 90 cv<br \/>\nFIAT Fiorino Furg\u00f3n (127)<br \/>\n1.0, A\u00f1o 01.1980 &#8211; 12.1987, 1049 ccm, 50 cv<br \/>\nFIAT Fiorino II Furg\u00f3n (146)<br \/>\n60 1.1, A\u00f1o 05.1988 &#8211; 12.1993, 1116 ccm, 54 cv<br \/>\n60 1.7 D, A\u00f1o 05.1988 &#8211; 10.1996, 1697 ccm, 57 cv<br \/>\n60 1.7 D, A\u00f1o 05.1988 &#8211; 05.2000, 1698 ccm, 60 cv<br \/>\n70 1.3, A\u00f1o 01.1988 &#8211; 12.1994, 1301 ccm, 67 cv<br \/>\nFIAT Fiorino I Furg\u00f3n (147)<br \/>\n1.0, A\u00f1o 01.1980 &#8211; 12.1987, 1049 ccm, 50 cv<br \/>\n1.0, A\u00f1o 12.1986 &#8211; 04.1988, 1049 ccm, 56 cv<br \/>\n1.1 60, A\u00f1o 11.1986 &#8211; 04.1988, 1116 ccm, 55 cv<br \/>\n1.3 D, A\u00f1o 03.1982 &#8211; 01.1988, 1288 ccm, 45 cv<br \/>\nFIAT Punto I Hatchback (176)<br \/>\n1.7 D, A\u00f1o 04.1994 &#8211; 09.1997, 1698 ccm, 57 cv<br \/>\n1.7 TD, A\u00f1o 01.1994 &#8211; 09.1999, 1698 ccm, 69 cv<br \/>\n1.7 TD, A\u00f1o 01.1994 &#8211; 09.1999, 1698 ccm, 71 cv<br \/>\n1.7 TD (176AT), A\u00f1o 09.1996 &#8211; 09.1999, 1698 ccm, 63 cv<br \/>\nFIAT Uno Hatchback (146)<br \/>\n1.0, A\u00f1o 05.1993 &#8211; 06.2001, 994 ccm, 57 cv<br \/>\n1.3 Super di\u00e9sel, A\u00f1o 06.1983 &#8211; 03.1992, 1302 ccm, 45 cv<br \/>\n1.9 D, A\u00f1o 09.1989 &#8211; 03.1994, 1929 ccm, 60 cv<br \/>\n1.1 50, A\u00f1o 01.1986 &#8211; 12.1989, 1116 ccm, 50 cv<br \/>\n1.1 55, A\u00f1o 01.1983 &#8211; 08.1989, 1116 ccm, 54 cv<br \/>\n1.1 60, A\u00f1o 05.1985 &#8211; 08.1989, 1116 ccm, 58 cv<br \/>\n1.7 Di\u00e9sel 60, A\u00f1o 07.1986 &#8211; 08.1989, 1698 ccm, 60 cv<br \/>\n60 Diesel 1.7 (146E), A\u00f1o 09.1989 &#8211; 12.1993, 1698 ccm, 57 cv<br \/>\n1.3 70, A\u00f1o 05.1985 &#8211; 08.1989, 1302 ccm, 65 cv<br \/>\n1.3 70, A\u00f1o 01.1983 &#8211; 04.1985, 1302 ccm, 68 cv<br \/>\n1.4 TD 70, A\u00f1o 10.1986 &#8211; 10.1990, 1367 ccm, 71 cv<br \/>\n75 i.e. 1.5, A\u00f1o 10.1985 &#8211; 12.1993, 1498 ccm, 75 cv<br \/>\nFIAT 238-Serie Bus<br \/>\n1.4, A\u00f1o 09.1966 &#8211; 06.1976, 1440 ccm, 46 cv<br \/>\nFIAT 242-Serie Furg\u00f3n<br \/>\n1.6, A\u00f1o 10.1975 &#8211; 07.1982, 1585 ccm, 63 cv<br \/>\n1.9, A\u00f1o 10.1975 &#8211; 07.1982, 1995 ccm, 69 cv<br \/>\nFIAT Brava Hatchback (182)<br \/>\n1.9 D, A\u00f1o 10.1995 &#8211; 10.2001, 1929 ccm, 65 cv<br \/>\nFIAT Bravo I Hatchback (182)<br \/>\n1.9 D, A\u00f1o 10.1995 &#8211; 10.2001, 1929 ccm, 65 cv<br \/>\nFIAT Ducato I Furg\u00f3n (290)<br \/>\n1.9 D, A\u00f1o 07.1990 &#8211; 03.1994, 1929 ccm, 71 cv<br \/>\n1.9 TD, A\u00f1o 03.1989 &#8211; 03.1994, 1929 ccm, 82 cv<br \/>\nFIAT 124 (124)<br \/>\n1200 (124A), A\u00f1o 09.1967 &#8211; 07.1975, 1197 ccm, 65 cv<br \/>\n1400 Special, A\u00f1o 12.1968 &#8211; 12.1972, 1438 ccm, 70 cv<br \/>\n1400 Special (124A), A\u00f1o 01.1971 &#8211; 07.1975, 1438 ccm, 75 cv<br \/>\nFIAT 124 Coup\u00e9 (124)<br \/>\n1.4 Sport, A\u00f1o 06.1967 &#8211; 10.1972, 1438 ccm, 90 cv<br \/>\n1.6 Sport, A\u00f1o 08.1972 &#8211; 12.1975, 1592 ccm, 104 cv<br \/>\n1600 Sport, A\u00f1o 08.1972 &#8211; 02.1976, 1592 ccm, 108 cv<br \/>\n1.8 Sport, A\u00f1o 01.1973 &#8211; 02.1976, 1756 ccm, 118 cv<br \/>\nFIAT 128 Familiare (128)<br \/>\n1.1, A\u00f1o 02.1975 &#8211; 02.1981, 1116 ccm, 45 cv<br \/>\n1.1, A\u00f1o 10.1969 &#8211; 10.1982, 1116 ccm, 55 cv<br \/>\n1.3, A\u00f1o 12.1974 &#8211; 10.1982, 1290 ccm, 60 cv<br \/>\nFIAT 125 Berlina (125)<br \/>\n1.6, A\u00f1o 07.1967 &#8211; 03.1974, 1608 ccm, 90 cv<br \/>\n1.6 (TA), A\u00f1o 10.1968 &#8211; 10.1973, 1608 ccm, 100 cv<br \/>\nFIAT 127 Panorama (127)<br \/>\n1.0, A\u00f1o 01.1977 &#8211; 12.1986, 1049 ccm, 50 cv<br \/>\nFIAT Ducato I Panorama (290)<br \/>\n1.9 D, A\u00f1o 07.1990 &#8211; 03.1994, 1929 ccm, 71 cv<br \/>\n1.9 TD, A\u00f1o 07.1990 &#8211; 03.1994, 1929 ccm, 82 cv<br \/>\nFIAT Ducato II Bus (230)<br \/>\n1.9 D Combinato, A\u00f1o 06.1995 &#8211; 04.2002, 1929 ccm, 69 cv<br \/>\n1.9 TD Combinato, A\u00f1o 08.1994 &#8211; 04.2002, 1929 ccm, 80 cv<br \/>\n1.9 TD Panorama\/Combinato, A\u00f1o 03.1994 &#8211; 04.2002, 1929 ccm, 82 cv<br \/>\n2.0 4&#215;4, A\u00f1o 11.1994 &#8211; 11.2001, 1998 ccm, 109 cv<br \/>\n2.0 Panorama\/Combinato, A\u00f1o 03.1994 &#8211; 04.2002, 1998 ccm, 109 cv<br \/>\nFIAT Ducato I (280)<br \/>\n1.9 D, A\u00f1o 01.1988 &#8211; 08.1990, 1929 ccm, 71 cv<br \/>\n1.9 TD, A\u00f1o 03.1989 &#8211; 08.1990, 1929 ccm, 82 cv<br \/>\nFIAT Palio I Weekend (178)<br \/>\n1.7 TD, A\u00f1o 04.1996 &#8211; 03.2001, 1698 ccm, 70 cv<br \/>\nFIAT Duna (146)<br \/>\n1.7 DS, A\u00f1o 01.1987 &#8211; 12.1991, 1698 ccm, 60 cv<br \/>\n60 1.1, A\u00f1o 01.1987 &#8211; 12.1991, 1116 ccm, 58 cv<br \/>\n70 1.3, A\u00f1o 01.1987 &#8211; 12.1991, 1301 ccm, 67 cv<br \/>\nFIAT 132 (132_)<br \/>\n1.6, A\u00f1o 01.1976 &#8211; 12.1982, 1585 ccm, 98 cv<br \/>\n1.6, A\u00f1o 04.1972 &#8211; 01.1976, 1592 ccm, 98 cv<br \/>\n2.0, A\u00f1o 01.1976 &#8211; 06.1981, 1995 ccm, 113 cv<br \/>\n2.0 i.e., A\u00f1o 01.1980 &#8211; 12.1982, 1995 ccm, 122 cv<br \/>\nFIAT Ducato II Cami\u00f3n de plataforma\/Chasis (230)<br \/>\n1.9 D, A\u00f1o 03.1994 &#8211; 04.2002, 1929 ccm, 69 cv<br \/>\n1.9 TD, A\u00f1o 03.1994 &#8211; 04.2002, 1929 ccm, 82 cv<br \/>\n1.9 TD CAT, A\u00f1o 08.1994 &#8211; 04.2002, 1929 ccm, 80 cv<br \/>\n2.0, A\u00f1o 03.1994 &#8211; 04.2002, 1998 ccm, 109 cv<br \/>\nFIAT Strada Pick-up (178)<br \/>\n1.7 TD, A\u00f1o 06.1999 &#8211; 12.2006, 1698 ccm, 69 cv<br \/>\nFIAT 242 Bus (242_)<br \/>\n1.6, A\u00f1o 10.1975 &#8211; 07.1982, 1585 ccm, 63 cv<br \/>\n1.9, A\u00f1o 10.1975 &#8211; 07.1982, 1995 ccm, 69 cv<br \/>\nFIAT Fiorino II Pick-up (146)<br \/>\n1.7 D, A\u00f1o 10.1993 &#8211; 10.1999, 1697 ccm, 57 cv<br \/>\n1.7 D, A\u00f1o 05.1988 &#8211; 10.1999, 1698 ccm, 60 cv<br \/>\nFIAT Elba Familiar<br \/>\n1.3, A\u00f1o 04.1986 &#8211; 12.1993, 1297 ccm, 58 cv<br \/>\n1.7 D, A\u00f1o 04.1989 &#8211; 12.1996, 1698 ccm, 58 cv<br \/>\nFIAT Talento Furg\u00f3n (290)<br \/>\n1.9 D, A\u00f1o 03.1989 &#8211; 03.1994, 1929 ccm, 71 cv<\/p>\n<p>LANCIA Dedra Berlina (835)<br \/>\n1.9 TDS, A\u00f1o 04.1989 &#8211; 07.1999, 1929 ccm, 90 cv<br \/>\nLANCIA Delta I (831)<br \/>\n1.1, A\u00f1o 01.1986 &#8211; 12.1990, 1116 ccm, 64 cv<br \/>\n1.3, A\u00f1o 09.1979 &#8211; 08.1992, 1301 ccm, 75 cv<br \/>\n1.5, A\u00f1o 09.1979 &#8211; 12.1992, 1498 ccm, 86 cv<br \/>\n1.6 GT (831AB.06), A\u00f1o 11.1982 &#8211; 04.1986, 1585 ccm, 105 cv<br \/>\n1.6 HF Turbo (831AB.0), A\u00f1o 10.1983 &#8211; 12.1986, 1585 ccm, 131 cv<br \/>\n1.9 Turbo DS, A\u00f1o 10.1986 &#8211; 12.1989, 1929 ccm, 80 cv<br \/>\nLANCIA Delta II (836)<br \/>\n1.9 TD, A\u00f1o 10.1994 &#8211; 08.1999, 1929 ccm, 90 cv<br \/>\nLANCIA Prisma (831)<br \/>\n1.5 (831AB), A\u00f1o 09.1985 &#8211; 02.1992, 1498 ccm, 75 cv<br \/>\n1.5 (831AB), A\u00f1o 05.1986 &#8211; 07.1989, 1498 ccm, 80 cv<br \/>\n1.6 (831AB), A\u00f1o 08.1986 &#8211; 02.1992, 1585 ccm, 99 cv<br \/>\n1.6 (831AB), A\u00f1o 01.1983 &#8211; 04.1986, 1585 ccm, 105 cv<br \/>\n1.6 i.e. (831AB), A\u00f1o 05.1986 &#8211; 12.1989, 1585 ccm, 109 cv<br \/>\n1.6 i.e. Super (831AB), A\u00f1o 05.1987 &#8211; 12.1989, 1585 ccm, 90 cv<br \/>\n2.0 i.e. A las 4 ruedas (831AB), A\u00f1o 04.1986 &#8211; 12.1989, 1995 ccm, 115 cv<br \/>\nLANCIA Dedra Familiar (835)<br \/>\n1.9 TDS, A\u00f1o 07.1994 &#8211; 07.1999, 1929 ccm, 90 cv<br \/>\nLANCIA Y10 (156)<br \/>\n1.0 (156C), A\u00f1o 03.1985 &#8211; 07.1989, 1049 ccm, 56 cv<\/p>\n<p>ALFA ROMEO 145 (930)<br \/>\n1.9 TD (930.A4), A\u00f1o 10.1994 &#8211; 02.1999, 1929 ccm, 90 cv<br \/>\nALFA ROMEO 155 (167)<br \/>\n1.9 TD (167.A3B, 167.A3), A\u00f1o 04.1993 &#8211; 12.1997, 1929 ccm, 90 cv<br \/>\nALFA ROMEO 146 (930)<br \/>\n1.9 TD (930.B4A), A\u00f1o 12.1994 &#8211; 02.1999, 1929 ccm, 90 cv<\/p>\n<p>AUTOBIANCHI Y10 Hatchback<br \/>\n1.0, A\u00f1o 03.1985 &#8211; 10.1995, 1049 ccm, 56 cv<\/p>\n<p>SEAT Ronda (022A)<br \/>\n1.2, A\u00f1o 10.1984 &#8211; 12.1986, 1193 ccm, 60 cv<br \/>\n1.2, A\u00f1o 08.1983 &#8211; 05.1985, 1197 ccm, 64 cv<br \/>\n1.6, A\u00f1o 08.1983 &#8211; 09.1985, 1592 ccm, 92 cv<br \/>\n1.7 Di\u00e9sel, A\u00f1o 06.1982 &#8211; 12.1986, 1714 ccm, 54 cv<br \/>\n1.7 Di\u00e9sel, A\u00f1o 06.1982 &#8211; 12.1986, 1714 ccm, 56 cv<br \/>\nSEAT Ibiza I Hatchback (021A)<br \/>\n1.7 D, A\u00f1o 06.1984 &#8211; 05.1993, 1714 ccm, 54 cv<br \/>\n1.7 D, A\u00f1o 08.1990 &#8211; 05.1993, 1714 ccm, 57 cv<br \/>\nSEAT Ritmo (138)<br \/>\n1.7 D, A\u00f1o 10.1979 &#8211; 09.1983, 1714 ccm, 56 cv<\/p>\n<p>CITRO\u00cbN Xantia (X1, X2)<br \/>\n1.6 i, A\u00f1o 03.1993 &#8211; 03.2001, 1580 ccm, 88 cv<br \/>\n1.8 i, A\u00f1o 04.1997 &#8211; 04.2003, 1761 ccm, 90 cv<br \/>\n1.8 i, A\u00f1o 03.1993 &#8211; 01.1998, 1761 ccm, 101 cv<br \/>\n2.0 i, A\u00f1o 03.1993 &#8211; 04.2003, 1998 ccm, 121 cv<br \/>\nCITRO\u00cbN XM I (Y3)<br \/>\n2.0 i, A\u00f1o 05.1989 &#8211; 06.1994, 1998 ccm, 121 cv<br \/>\nCITRO\u00cbN C15 Furgoneta<br \/>\n1.1, A\u00f1o 10.1984 &#8211; 12.1996, 1124 ccm, 48 cv<br \/>\n1.3, A\u00f1o 07.1987 &#8211; 05.1988, 1294 ccm, 64 cv<\/p>\n<p>PEUGEOT 205 II Hatchback<br \/>\n1.1 XA, A\u00f1o 07.1987 &#8211; 10.1988, 1118 ccm, 54 cv<br \/>\n1.2, A\u00f1o 01.1987 &#8211; 12.1990, 1204 ccm, 64 cv<br \/>\n1.3, A\u00f1o 08.1990 &#8211; 07.1992, 1294 ccm, 64 cv<br \/>\nPEUGEOT 309 I Hatchback<br \/>\n1.1, A\u00f1o 10.1985 &#8211; 07.1989, 1118 ccm, 54 cv<br \/>\n1.3, A\u00f1o 10.1985 &#8211; 07.1989, 1294 ccm, 64 cv<br \/>\n1.5, A\u00f1o 06.1987 &#8211; 12.1989, 1442 ccm, 86 cv<br \/>\n1.6, A\u00f1o 10.1985 &#8211; 07.1989, 1580 ccm, 80 cv<br \/>\n1.6, A\u00f1o 01.1986 &#8211; 07.1989, 1592 ccm, 94 cv<br \/>\n1.6, A\u00f1o 07.1986 &#8211; 06.1989, 1580 ccm, 113 cv<\/p>\n<p>LA PIEZA ES NUEVA Y ORIGINAL.<\/p>\n","protected":false},"excerpt":{"rendered":"<p>Juego, set de cuatro retenes de las v\u00e1lvulas del motor de: Di\u00e1metro interior: 8 mm Altura: 10 mm FIAT Regata (138) 1.7 Di\u00e9sel 60, A\u00f1o 09.1983 &#8211; 12.1986, 1714 ccm, 58 cv 1.9 Di\u00e9sel 65, A\u00f1o 04.1984 &#8211; 07.1989, 1929 ccm, 65 cv 1.3 70, A\u00f1o 09.1983 &#8211; 07.1986, 1301 ccm, 68 cv 1.5 75, [&hellip;]<\/p>\n","protected":false},"featured_media":89479,"template":"","meta":{"_seopress_robots_primary_cat":"","_seopress_titles_title":"","_seopress_titles_desc":"","_seopress_robots_index":""},"product_cat":[65,66,68,69,70,71,45,46,48,235,209,73,149,16,79,25,81,82,131,23,86,117,118,88,89,90,20,91,162,21,98,99,24,123,101,103,198,165,26,109,110,111,112,114,206,141,142,64,126],"product_tag":[],"class_list":{"0":"post-89478","1":"product","2":"type-product","3":"status-publish","4":"has-post-thumbnail","6":"product_cat-recambios-fiat-124","7":"product_cat-recambios-fiat-125","8":"product_cat-recambios-fiat-127","9":"product_cat-recambios-fiat-128","10":"product_cat-recambios-fiat-131","11":"product_cat-recambios-fiat-132","12":"product_cat-recambios-alfa-romeo-145","13":"product_cat-recambios-alfa-romeo-146","14":"product_cat-recambios-alfa-romeo-155","15":"product_cat-recambios-peugeot-205","16":"product_cat-recambios-fiat-238","17":"product_cat-recambios-fiat-242","18":"product_cat-recambios-peugeot-309","19":"product_cat-recambios-alfa-romeo","20":"product_cat-recambios-fiat-argenta","21":"product_cat-recambios-autobianchi","22":"product_cat-recambios-fiat-brava","23":"product_cat-recambios-fiat-bravo","24":"product_cat-recambios-citroen-c15","25":"product_cat-recambios-citroen","26":"product_cat-recambios-fiat-croma","27":"product_cat-recambios-lancia-dedra","28":"product_cat-recambios-lancia-delta","29":"product_cat-recambios-fiat-ducato","30":"product_cat-recambios-fiat-duna","31":"product_cat-recambios-fiat-elba","32":"product_cat-recambios-fiat","33":"product_cat-recambios-fiat-fiorino","34":"product_cat-recambios-seat-ibiza","35":"product_cat-recambios-lancia","36":"product_cat-recambios-fiat-palio","37":"product_cat-recambios-fiat-panda","38":"product_cat-recambios-peugeot","39":"product_cat-recambios-lancia-prisma","40":"product_cat-recambios-fiat-punto","41":"product_cat-recambios-fiat-ritmo","42":"product_cat-recambios-seat-ritmo","43":"product_cat-recambios-seat-ronda","44":"product_cat-recambios-seat","45":"product_cat-recambios-fiat-strada","46":"product_cat-recambios-fiat-talento","47":"product_cat-recambios-fiat-tempra","48":"product_cat-recambios-fiat-tipo","49":"product_cat-recambios-fiat-uno","50":"product_cat-recambios-fiat-x1-9","51":"product_cat-recambios-citroen-xantia","52":"product_cat-recambios-citroen-xm","53":"product_cat-recambios-autobianchi-y10","54":"product_cat-recambios-lancia-y10","56":"first","57":"instock","58":"taxable","59":"shipping-taxable","60":"purchasable","61":"product-type-simple"},"_links":{"self":[{"href":"https:\/\/galicianparts.com\/shop\/wp-json\/wp\/v2\/product\/89478"}],"collection":[{"href":"https:\/\/galicianparts.com\/shop\/wp-json\/wp\/v2\/product"}],"about":[{"href":"https:\/\/galicianparts.com\/shop\/wp-json\/wp\/v2\/types\/product"}],"wp:featuredmedia":[{"embeddable":true,"href":"https:\/\/galicianparts.com\/shop\/wp-json\/wp\/v2\/media\/89479"}],"wp:attachment":[{"href":"https:\/\/galicianparts.com\/shop\/wp-json\/wp\/v2\/media?parent=89478"}],"wp:term":[{"taxonomy":"product_cat","embeddable":true,"href":"https:\/\/galicianparts.com\/shop\/wp-json\/wp\/v2\/product_cat?post=89478"},{"taxonomy":"product_tag","embeddable":true,"href":"https:\/\/galicianparts.com\/shop\/wp-json\/wp\/v2\/product_tag?post=89478"}],"curies":[{"name":"wp","href":"https:\/\/api.w.org\/{rel}","templated":true}]}}