{"id":89579,"date":"2024-08-02T13:09:50","date_gmt":"2024-08-02T11:09:50","guid":{"rendered":"https:\/\/galicianparts.com\/shop\/producto\/82406612-tope-anclaje-izq-cable-cerradura-capo-fiat-croma-1992-1996-nuevo-original\/"},"modified":"2024-08-02T13:11:58","modified_gmt":"2024-08-02T11:11:58","slug":"82406612-tope-anclaje-izq-cable-cerradura-capo-fiat-croma-1992-1996-nuevo-original","status":"publish","type":"product","link":"https:\/\/galicianparts.com\/shop\/producto\/82406612-tope-anclaje-izq-cable-cerradura-capo-fiat-croma-1992-1996-nuevo-original\/","title":{"rendered":"82406612 Tope anclaje izq. cable cerradura cap\u00f3 Fiat Croma (1992-1996) NUEVO ORIGINAL"},"content":{"rendered":"<p>Tope de pl\u00e1stico, gu\u00eda del soporte izquierdo del cable de la cerradura del cap\u00f3 delantero de:<br \/>\nLargo: 35 mm<br \/>\nDi\u00e1metro: 10 mm<\/p>\n<p>FIAT &#8211; MY CROMA IE-IE TB. FL.90 (1992-1996)<br \/>\nFIAT &#8211; MJ CROMA TURBO DS FL.90 (1992-1996)<\/p>\n<p>LA PIEZA ES NUEVA Y ORIGINAL.<\/p>\n","protected":false},"excerpt":{"rendered":"<p>Tope de pl\u00e1stico, gu\u00eda del soporte izquierdo del cable de la cerradura del cap\u00f3 delantero de: Largo: 35 mm Di\u00e1metro: 10 mm FIAT &#8211; MY CROMA IE-IE TB. FL.90 (1992-1996) FIAT &#8211; MJ CROMA TURBO DS FL.90 (1992-1996) LA PIEZA ES NUEVA Y ORIGINAL.<\/p>\n","protected":false},"featured_media":89583,"template":"","meta":{"_seopress_robots_primary_cat":"","_seopress_titles_title":"","_seopress_titles_desc":"","_seopress_robots_index":""},"product_cat":[86,20],"product_tag":[],"class_list":{"0":"post-89579","1":"product","2":"type-product","3":"status-publish","4":"has-post-thumbnail","6":"product_cat-recambios-fiat-croma","7":"product_cat-recambios-fiat","9":"first","10":"instock","11":"taxable","12":"shipping-taxable","13":"purchasable","14":"product-type-simple"},"_links":{"self":[{"href":"https:\/\/galicianparts.com\/shop\/wp-json\/wp\/v2\/product\/89579"}],"collection":[{"href":"https:\/\/galicianparts.com\/shop\/wp-json\/wp\/v2\/product"}],"about":[{"href":"https:\/\/galicianparts.com\/shop\/wp-json\/wp\/v2\/types\/product"}],"wp:featuredmedia":[{"embeddable":true,"href":"https:\/\/galicianparts.com\/shop\/wp-json\/wp\/v2\/media\/89583"}],"wp:attachment":[{"href":"https:\/\/galicianparts.com\/shop\/wp-json\/wp\/v2\/media?parent=89579"}],"wp:term":[{"taxonomy":"product_cat","embeddable":true,"href":"https:\/\/galicianparts.com\/shop\/wp-json\/wp\/v2\/product_cat?post=89579"},{"taxonomy":"product_tag","embeddable":true,"href":"https:\/\/galicianparts.com\/shop\/wp-json\/wp\/v2\/product_tag?post=89579"}],"curies":[{"name":"wp","href":"https:\/\/api.w.org\/{rel}","templated":true}]}}