{"id":89585,"date":"2024-08-02T13:22:21","date_gmt":"2024-08-02T11:22:21","guid":{"rendered":"https:\/\/galicianparts.com\/shop\/producto\/60805082-tapon-d-28mm-tapa-carter-m-1-7-16v-alfa-145-146-nuevo-original\/"},"modified":"2024-08-02T13:26:12","modified_gmt":"2024-08-02T11:26:12","slug":"60805082-tapon-d-28mm-tapa-carter-m-1-7-16v-alfa-145-146-nuevo-original","status":"publish","type":"product","link":"https:\/\/galicianparts.com\/shop\/producto\/60805082-tapon-d-28mm-tapa-carter-m-1-7-16v-alfa-145-146-nuevo-original\/","title":{"rendered":"60805082 Tap\u00f3n D 28mm tapa c\u00e1rter M 1.7 16V Alfa 145 \/146 NUEVO ORIGINAL"},"content":{"rendered":"<p>Tap\u00f3n de la tapa del c\u00e1rter de la bomba de aceite de:<br \/>\nDi\u00e1metro: 28 mm<br \/>\nAlto: 9 mm<\/p>\n<p>ALFA ROMEO &#8211; U1 145 (1994-1996) 1.7 16V<br \/>\nALFA ROMEO &#8211; U2 146 (1995-1996) 1.7 16V<\/p>\n<p>LA PIEZA ES NUEVA Y ORIGINAL.<\/p>\n","protected":false},"excerpt":{"rendered":"<p>Tap\u00f3n de la tapa del c\u00e1rter de la bomba de aceite de: Di\u00e1metro: 28 mm Alto: 9 mm ALFA ROMEO &#8211; U1 145 (1994-1996) 1.7 16V ALFA ROMEO &#8211; U2 146 (1995-1996) 1.7 16V LA PIEZA ES NUEVA Y ORIGINAL.<\/p>\n","protected":false},"featured_media":89586,"template":"","meta":{"_seopress_robots_primary_cat":"","_seopress_titles_title":"","_seopress_titles_desc":"","_seopress_robots_index":""},"product_cat":[45,46,16],"product_tag":[],"class_list":{"0":"post-89585","1":"product","2":"type-product","3":"status-publish","4":"has-post-thumbnail","6":"product_cat-recambios-alfa-romeo-145","7":"product_cat-recambios-alfa-romeo-146","8":"product_cat-recambios-alfa-romeo","10":"first","11":"instock","12":"taxable","13":"shipping-taxable","14":"purchasable","15":"product-type-simple"},"_links":{"self":[{"href":"https:\/\/galicianparts.com\/shop\/wp-json\/wp\/v2\/product\/89585"}],"collection":[{"href":"https:\/\/galicianparts.com\/shop\/wp-json\/wp\/v2\/product"}],"about":[{"href":"https:\/\/galicianparts.com\/shop\/wp-json\/wp\/v2\/types\/product"}],"wp:featuredmedia":[{"embeddable":true,"href":"https:\/\/galicianparts.com\/shop\/wp-json\/wp\/v2\/media\/89586"}],"wp:attachment":[{"href":"https:\/\/galicianparts.com\/shop\/wp-json\/wp\/v2\/media?parent=89585"}],"wp:term":[{"taxonomy":"product_cat","embeddable":true,"href":"https:\/\/galicianparts.com\/shop\/wp-json\/wp\/v2\/product_cat?post=89585"},{"taxonomy":"product_tag","embeddable":true,"href":"https:\/\/galicianparts.com\/shop\/wp-json\/wp\/v2\/product_tag?post=89585"}],"curies":[{"name":"wp","href":"https:\/\/api.w.org\/{rel}","templated":true}]}}