{"id":89627,"date":"2024-08-05T10:08:43","date_gmt":"2024-08-05T08:08:43","guid":{"rendered":"https:\/\/galicianparts.com\/shop\/producto\/82472578-bombilla-mandos-calefaccion-lancia-dedra-fiat-tempra-nueva-original\/"},"modified":"2024-08-05T10:12:33","modified_gmt":"2024-08-05T08:12:33","slug":"82472578-bombilla-mandos-calefaccion-lancia-dedra-fiat-tempra-nueva-original","status":"publish","type":"product","link":"https:\/\/galicianparts.com\/shop\/producto\/82472578-bombilla-mandos-calefaccion-lancia-dedra-fiat-tempra-nueva-original\/","title":{"rendered":"82472578 Bombilla mandos calefacci\u00f3n Lancia Dedra \/Fiat Tempra NUEVA ORIGINAL"},"content":{"rendered":"<p>Portal\u00e1mparas con bombilla de los controles del m\u00f3dulo de la calefacci\u00f3n de:<br \/>\nIntensidad: 67 MA<\/p>\n<p>FIAT &#8211; MV TEMPRA 1370-1580 (1989-1993) AUTOMATIC HEATER<br \/>\nFIAT &#8211; MV TEMPRA 1370-1580 (1989-1993)<br \/>\nFIAT &#8211; MW TEMPRA 1750-2000 (1989-1993) AUTOMATIC HEATER<br \/>\nFIAT &#8211; MW TEMPRA 1750-2000 (1989-1993)<br \/>\nFIAT &#8211; MX TEMPRA DIESEL-TURBO D. (1989-1993) AUTOMATIC HEATER<br \/>\nFIAT &#8211; MX TEMPRA DIESEL-TURBO D. (1989-1993)<br \/>\nFIAT &#8211; NY TEMPRA MAQ.93 1370-1580 (&#8217;93-&#8217;96) AUTOMATIC HEATER<br \/>\nFIAT &#8211; NY TEMPRA MAQ.93 (&#8217;93-&#8217;96) 1580 SPI \u00abB\u00bb \/ 1580 SPI SELECTA \/ 1580 CARB. \/ 1580 MPI \u00abGM\u00bb \/ 1372 SPI MM \/ 1580 CARB. 91RON<br \/>\nFIAT &#8211; NZ TEMPRA MAQ.93 1750-2000 (&#8217;93-&#8217;96) AUTOMATIC HEATER<br \/>\nFIAT &#8211; NZ TEMPRA MAQ.93 1750-2000 (&#8217;93-&#8217;96)<\/p>\n<p>LA PIEZA ES NUEVA Y ORIGINAL.<\/p>\n","protected":false},"excerpt":{"rendered":"<p>Portal\u00e1mparas con bombilla de los controles del m\u00f3dulo de la calefacci\u00f3n de: Intensidad: 67 MA FIAT &#8211; MV TEMPRA 1370-1580 (1989-1993) AUTOMATIC HEATER FIAT &#8211; MV TEMPRA 1370-1580 (1989-1993) FIAT &#8211; MW TEMPRA 1750-2000 (1989-1993) AUTOMATIC HEATER FIAT &#8211; MW TEMPRA 1750-2000 (1989-1993) FIAT &#8211; MX TEMPRA DIESEL-TURBO D. (1989-1993) AUTOMATIC HEATER FIAT &#8211; MX [&hellip;]<\/p>\n","protected":false},"featured_media":89628,"template":"","meta":{"_seopress_robots_primary_cat":"","_seopress_titles_title":"","_seopress_titles_desc":"","_seopress_robots_index":""},"product_cat":[117,20,21,111],"product_tag":[],"class_list":{"0":"post-89627","1":"product","2":"type-product","3":"status-publish","4":"has-post-thumbnail","6":"product_cat-recambios-lancia-dedra","7":"product_cat-recambios-fiat","8":"product_cat-recambios-lancia","9":"product_cat-recambios-fiat-tempra","11":"first","12":"instock","13":"taxable","14":"shipping-taxable","15":"purchasable","16":"product-type-simple"},"_links":{"self":[{"href":"https:\/\/galicianparts.com\/shop\/wp-json\/wp\/v2\/product\/89627"}],"collection":[{"href":"https:\/\/galicianparts.com\/shop\/wp-json\/wp\/v2\/product"}],"about":[{"href":"https:\/\/galicianparts.com\/shop\/wp-json\/wp\/v2\/types\/product"}],"wp:featuredmedia":[{"embeddable":true,"href":"https:\/\/galicianparts.com\/shop\/wp-json\/wp\/v2\/media\/89628"}],"wp:attachment":[{"href":"https:\/\/galicianparts.com\/shop\/wp-json\/wp\/v2\/media?parent=89627"}],"wp:term":[{"taxonomy":"product_cat","embeddable":true,"href":"https:\/\/galicianparts.com\/shop\/wp-json\/wp\/v2\/product_cat?post=89627"},{"taxonomy":"product_tag","embeddable":true,"href":"https:\/\/galicianparts.com\/shop\/wp-json\/wp\/v2\/product_tag?post=89627"}],"curies":[{"name":"wp","href":"https:\/\/api.w.org\/{rel}","templated":true}]}}