{"id":89638,"date":"2024-08-05T10:54:14","date_gmt":"2024-08-05T08:54:14","guid":{"rendered":"https:\/\/galicianparts.com\/shop\/producto\/5923363-guia-puerta-trasera-fiat-ducato-90-94-citroen-c25-peugeot-j5-original\/"},"modified":"2024-08-05T10:56:30","modified_gmt":"2024-08-05T08:56:30","slug":"5923363-guia-puerta-trasera-fiat-ducato-90-94-citroen-c25-peugeot-j5-original","status":"publish","type":"product","link":"https:\/\/galicianparts.com\/shop\/producto\/5923363-guia-puerta-trasera-fiat-ducato-90-94-citroen-c25-peugeot-j5-original\/","title":{"rendered":"5923363 Gu\u00eda puerta trasera Fiat Ducato (90-94) Citro\u00ebn C25 \/Peugeot J5 ORIGINAL"},"content":{"rendered":"<p>Centrador de las puertas posteriores de:<br \/>\nM\u00e9trica: 8<br \/>\nDi\u00e1metro bul\u00f3n: 8 mm<br \/>\nLargo total: 45 mm<\/p>\n<p>FIAT PROFESSIONAL &#8211; ND DUCATO 4X4 R.90 (1990-1994) WINDOWED REAR DOORS<br \/>\nFIAT PROFESSIONAL &#8211; NB NUOVO DUCATO BZ R.90 (1990-1994) FURGON \/ CREW CABIN<br \/>\nFIAT PROFESSIONAL &#8211; NB NUOVO DUCATO BZ R.90 (1990-1994)<br \/>\nFIAT PROFESSIONAL &#8211; NB NUOVO DUCATO BZ R.90 (1990-1994) TECHO REALZADO<br \/>\nFIAT PROFESSIONAL &#8211; NA NUOVO DUCATO DS.R.90 (1990-1994) FURGON \/ CREW CABIN<br \/>\nFIAT PROFESSIONAL &#8211; NA NUOVO DUCATO DS.R.90 (1990-1994)<br \/>\nFIAT PROFESSIONAL &#8211; NA NUOVO DUCATO DS.R.90 (1990-1994) TECHO REALZADO<br \/>\nFIAT PROFESSIONAL &#8211; NC TALENTO R.90 (1990-1994) WINDOWED REAR DOORS<br \/>\nCITROEN &#8211; C25 (1990-1994)<br \/>\nPEUGEOT &#8211; J5 (1990-1994)<\/p>\n<p>LA PIEZA ES NUEVA Y ORIGINAL.<\/p>\n","protected":false},"excerpt":{"rendered":"<p>Centrador de las puertas posteriores de: M\u00e9trica: 8 Di\u00e1metro bul\u00f3n: 8 mm Largo total: 45 mm FIAT PROFESSIONAL &#8211; ND DUCATO 4X4 R.90 (1990-1994) WINDOWED REAR DOORS FIAT PROFESSIONAL &#8211; NB NUOVO DUCATO BZ R.90 (1990-1994) FURGON \/ CREW CABIN FIAT PROFESSIONAL &#8211; NB NUOVO DUCATO BZ R.90 (1990-1994) FIAT PROFESSIONAL &#8211; NB NUOVO DUCATO [&hellip;]<\/p>\n","protected":false},"featured_media":89640,"template":"","meta":{"_seopress_robots_primary_cat":"","_seopress_titles_title":"","_seopress_titles_desc":"","_seopress_robots_index":""},"product_cat":[132,23,88,20,157,24,110],"product_tag":[],"class_list":{"0":"post-89638","1":"product","2":"type-product","3":"status-publish","4":"has-post-thumbnail","6":"product_cat-recambios-citroen-c25","7":"product_cat-recambios-citroen","8":"product_cat-recambios-fiat-ducato","9":"product_cat-recambios-fiat","10":"product_cat-recambios-peugeot-j5","11":"product_cat-recambios-peugeot","12":"product_cat-recambios-fiat-talento","14":"first","15":"instock","16":"taxable","17":"shipping-taxable","18":"purchasable","19":"product-type-simple"},"_links":{"self":[{"href":"https:\/\/galicianparts.com\/shop\/wp-json\/wp\/v2\/product\/89638"}],"collection":[{"href":"https:\/\/galicianparts.com\/shop\/wp-json\/wp\/v2\/product"}],"about":[{"href":"https:\/\/galicianparts.com\/shop\/wp-json\/wp\/v2\/types\/product"}],"wp:featuredmedia":[{"embeddable":true,"href":"https:\/\/galicianparts.com\/shop\/wp-json\/wp\/v2\/media\/89640"}],"wp:attachment":[{"href":"https:\/\/galicianparts.com\/shop\/wp-json\/wp\/v2\/media?parent=89638"}],"wp:term":[{"taxonomy":"product_cat","embeddable":true,"href":"https:\/\/galicianparts.com\/shop\/wp-json\/wp\/v2\/product_cat?post=89638"},{"taxonomy":"product_tag","embeddable":true,"href":"https:\/\/galicianparts.com\/shop\/wp-json\/wp\/v2\/product_tag?post=89638"}],"curies":[{"name":"wp","href":"https:\/\/api.w.org\/{rel}","templated":true}]}}