{"id":89654,"date":"2024-08-05T13:10:08","date_gmt":"2024-08-05T11:10:08","guid":{"rendered":"https:\/\/galicianparts.com\/shop\/producto\/7670683-tope-anclaje-superior-tirante-bandeja-fiat-punto-gt-uno-tb-alfa-lancia-original\/"},"modified":"2024-08-05T13:11:57","modified_gmt":"2024-08-05T11:11:57","slug":"7670683-tope-anclaje-superior-tirante-bandeja-fiat-punto-gt-uno-tb-alfa-lancia-original","status":"publish","type":"product","link":"https:\/\/galicianparts.com\/shop\/producto\/7670683-tope-anclaje-superior-tirante-bandeja-fiat-punto-gt-uno-tb-alfa-lancia-original\/","title":{"rendered":"7670683 Tope anclaje superior tirante bandeja Fiat Punto GT \/Uno TB \/Alfa \/Lancia ORIGINAL"},"content":{"rendered":"<p>Clip de color negro de soporte superior del tirante de la tapa del maletero de:<br \/>\nDi\u00e1metro orificio: 6 mm<br \/>\nDi\u00e1metro bul\u00f3n: 5 mm<\/p>\n<p>FIAT &#8211; 2Y GRANDE PUNTO (2005-2008)<br \/>\nFIAT &#8211; 4C GRANDE PUNTO (2008-2009)<br \/>\nFIAT &#8211; 3X GRANDE PUNTO ACTUAL (2009-2013)<br \/>\nFIAT &#8211; 3S GRANDE PUNTO INTERN. INDIA (2008-2014)<br \/>\nFIAT &#8211; 0D GRANDE PUNTO INTERN. INDIA FL2014 (2014-&#8230;.)<br \/>\nFIAT &#8211; XS MILLE CLIP (1995-1997)<br \/>\nFIAT &#8211; 33 NUOVA PANDA (2012-&#8230;.)<br \/>\nFIAT &#8211; 51 NUOVA PUNTO MY2012 (2012-2013)<br \/>\nFIAT &#8211; 1X PALIO 2V EXTRA EUROPA (1997-2002)<br \/>\nFIAT &#8211; 2H PALIO 2V EXTRA EUROPA REST. 2002 (2002-2011)<br \/>\nFIAT &#8211; 3D PALIO 2V REST.2 (2005-2011)<br \/>\nFIAT &#8211; PY PALIO\/WEEKEND EUROPA (1997-2002)<br \/>\nFIAT &#8211; NV PUNTO 55-60-75-90 (1993-1997)<br \/>\nFIAT &#8211; 1N PUNTO BZ (1999-2003)<br \/>\nFIAT &#8211; 1A PUNTO BZ. GAMMA &#8217;97 (1997-1999)<br \/>\nFIAT &#8211; NX PUNTO D-TD (1993-1997)<br \/>\nFIAT &#8211; 1P PUNTO DS (1999-2003)<br \/>\nFIAT &#8211; 3J PUNTO EVO (2009-2011)<br \/>\nFIAT &#8211; 2U PUNTO FL.&#8217;03 (2003-2010)<br \/>\nFIAT &#8211; NW PUNTO GT (1993-1997)<br \/>\nFIAT &#8211; 6U PUNTO MY 2013 (2013-&#8230;.)<br \/>\nFIAT &#8211; 1B PUNTO TB.DS. GAMMA&#8217;97 (1997-1999)<br \/>\nFIAT &#8211; MU UNO DIESEL R\/89 (1989-1995)<br \/>\nFIAT &#8211; 1D UNO MONDO (1995-2010)<br \/>\nFIAT &#8211; MS UNO R\/89 1.1-1370-1.5 (1989-1995)<br \/>\nFIAT &#8211; MR UNO R\/89 900-1.0-1.1 (1989-1995)<br \/>\nFIAT &#8211; MT UNO TURBO R\/89 (1989-1993)<br \/>\nALFA ROMEO &#8211; X6 ALFA MITO (2008-2011)<br \/>\nALFA ROMEO &#8211; QZ MITO MY2011 (2011-2013)<br \/>\nALFA ROMEO &#8211; 10 MITO MY2013 (2013-&#8230;.)<br \/>\nLANCIA &#8211; TK NEW YPSILON (2011-&#8230;.)<br \/>\nLANCIA &#8211; SU Y (1995-2000)<br \/>\nLANCIA &#8211; TA Y FL.2000 (2000-2003)<br \/>\nLANCIA &#8211; TE YPSILON (2003-2009)<br \/>\nLANCIA &#8211; TI YPSILON (2009-2011)<br \/>\nABARTH &#8211; 4A GRANDE PUNTO ABARTH (2007-2010)<br \/>\nABARTH &#8211; 81 NUOVA PUNTO ABARTH MY2012 (2012-2013)<br \/>\nABARTH &#8211; 4B PUNTO EVO ABARTH (2010-2012)<\/p>\n<p>LA PIEZA ES NUEVA Y ORIGINAL.<\/p>\n","protected":false},"excerpt":{"rendered":"<p>Clip de color negro de soporte superior del tirante de la tapa del maletero de: Di\u00e1metro orificio: 6 mm Di\u00e1metro bul\u00f3n: 5 mm FIAT &#8211; 2Y GRANDE PUNTO (2005-2008) FIAT &#8211; 4C GRANDE PUNTO (2008-2009) FIAT &#8211; 3X GRANDE PUNTO ACTUAL (2009-2013) FIAT &#8211; 3S GRANDE PUNTO INTERN. INDIA (2008-2014) FIAT &#8211; 0D GRANDE PUNTO [&hellip;]<\/p>\n","protected":false},"featured_media":89655,"template":"","meta":{"_seopress_robots_primary_cat":"","_seopress_titles_title":"","_seopress_titles_desc":"","_seopress_robots_index":""},"product_cat":[16,20,92,21,47,98,99,101,114,127],"product_tag":[],"class_list":{"0":"post-89654","1":"product","2":"type-product","3":"status-publish","4":"has-post-thumbnail","6":"product_cat-recambios-alfa-romeo","7":"product_cat-recambios-fiat","8":"product_cat-recambios-fiat-grande-punto","9":"product_cat-recambios-lancia","10":"product_cat-recambios-alfa-romeo-mito","11":"product_cat-recambios-fiat-palio","12":"product_cat-recambios-fiat-panda","13":"product_cat-recambios-fiat-punto","14":"product_cat-recambios-fiat-uno","15":"product_cat-recambios-lancia-ypsilon","17":"first","18":"instock","19":"taxable","20":"shipping-taxable","21":"purchasable","22":"product-type-simple"},"_links":{"self":[{"href":"https:\/\/galicianparts.com\/shop\/wp-json\/wp\/v2\/product\/89654"}],"collection":[{"href":"https:\/\/galicianparts.com\/shop\/wp-json\/wp\/v2\/product"}],"about":[{"href":"https:\/\/galicianparts.com\/shop\/wp-json\/wp\/v2\/types\/product"}],"wp:featuredmedia":[{"embeddable":true,"href":"https:\/\/galicianparts.com\/shop\/wp-json\/wp\/v2\/media\/89655"}],"wp:attachment":[{"href":"https:\/\/galicianparts.com\/shop\/wp-json\/wp\/v2\/media?parent=89654"}],"wp:term":[{"taxonomy":"product_cat","embeddable":true,"href":"https:\/\/galicianparts.com\/shop\/wp-json\/wp\/v2\/product_cat?post=89654"},{"taxonomy":"product_tag","embeddable":true,"href":"https:\/\/galicianparts.com\/shop\/wp-json\/wp\/v2\/product_tag?post=89654"}],"curies":[{"name":"wp","href":"https:\/\/api.w.org\/{rel}","templated":true}]}}