{"id":89687,"date":"2024-08-06T09:42:00","date_gmt":"2024-08-06T07:42:00","guid":{"rendered":"https:\/\/galicianparts.com\/shop\/producto\/9567504880-kit-capuchon-homocinetica-palier-fiat-scudo-ulysse-lancia-z-citroen-peugeot-original\/"},"modified":"2025-07-09T10:59:22","modified_gmt":"2025-07-09T08:59:22","slug":"9567504880-kit-capuchon-homocinetica-palier-fiat-scudo-ulysse-lancia-z-citroen-peugeot-original","status":"publish","type":"product","link":"https:\/\/galicianparts.com\/shop\/producto\/9567504880-kit-capuchon-homocinetica-palier-fiat-scudo-ulysse-lancia-z-citroen-peugeot-original\/","title":{"rendered":"9567504880 Kit capuch\u00f3n homocin\u00e9tica palier Fiat Scudo \/Ulysse \/Lancia Z \/Citro\u00ebn \/Peugeot ORIGINAL"},"content":{"rendered":"<p>Juego, set del guardapolvos de la junta homocin\u00e9tica de los ejes de transmisi\u00f3n de:<br \/>\nLargo: 112 mm<br \/>\nDi\u00e1metro 1: 29 mm<br \/>\nDi\u00e1metro 2: 97 mm<\/p>\n<p>FIAT Ulysse I (220)<br \/>\n2.0 JTD, A\u00f1o 10.1999 &#8211; 08.2002, 1997 ccm, 109 cv<br \/>\nFIAT Ulysse II (179)<br \/>\n2.0 JTD, A\u00f1o 08.2002 &#8211; 08.2006, 1997 ccm, 109 cv<br \/>\n2.2 JTD, A\u00f1o 08.2002 &#8211; 08.2006, 2179 ccm, 128 cv<br \/>\n3.0, A\u00f1o 08.2002 &#8211; 06.2011, 2946 ccm, 204 cv<br \/>\nFIAT Scudo I (220)<br \/>\n1.9 TD, A\u00f1o 02.1996 &#8211; 12.2006, 1905 ccm, 92 cv<br \/>\n1.9 TD Eco, A\u00f1o 02.1996 &#8211; 12.2006, 1905 ccm, 90 cv<br \/>\n2.0 JTD, A\u00f1o 01.2004 &#8211; 12.2006, 1997 ccm, 94 cv<br \/>\n2.0 JTD, A\u00f1o 12.1999 &#8211; 12.2006, 1997 ccm, 109 cv<br \/>\n2.0 JTD 16V, A\u00f1o 05.1999 &#8211; 12.2006, 1997 ccm, 109 cv<\/p>\n<p>LANCIA Zeta (220)<br \/>\n2.0 JTD (220.AR5, 220.AN5), A\u00f1o 09.1999 &#8211; 09.2002, 1997 ccm, 109 cv<br \/>\n2.0 JTD 16V (220.AR5OOL), A\u00f1o 04.2001 &#8211; 10.2003, 1997 ccm, 110 cv<br \/>\n2.0 Turbo, A\u00f1o 05.1995 &#8211; 09.2002, 1998 ccm, 147 cv<br \/>\n2.1 TD, A\u00f1o 05.1996 &#8211; 09.1999, 2088 ccm, 109 cv<br \/>\nLANCIA Phedra (179)<br \/>\n2.0 JTD (179.AXE1A), A\u00f1o 07.2003 &#8211; 11.2010, 1997 ccm, 107 cv<br \/>\n2.0 JTD, A\u00f1o 09.2002 &#8211; 11.2010, 1997 ccm, 109 cv<br \/>\n2.2 JTD, A\u00f1o 09.2002 &#8211; 11.2010, 2179 ccm, 128 cv<br \/>\n3.0 V6 (179.BXD11), A\u00f1o 09.2002 &#8211; 11.2010, 2946 ccm, 204 cv<\/p>\n<p>CITRO\u00cbN Evasion Monovolumen (22, U6)<br \/>\n1.9 TD, A\u00f1o 11.1994 &#8211; 07.2002, 1905 ccm, 90 cv<br \/>\n1.9 TD, A\u00f1o 10.1995 &#8211; 12.1998, 1905 ccm, 92 cv<br \/>\n2.0, A\u00f1o 06.1994 &#8211; 07.2002, 1998 ccm, 121 cv<br \/>\n2.0 16V, A\u00f1o 05.1998 &#8211; 04.2000, 1998 ccm, 132 cv<br \/>\n2.0 HDI, A\u00f1o 08.1999 &#8211; 07.2002, 1997 ccm, 109 cv<br \/>\n2.0 HDI, A\u00f1o 08.1999 &#8211; 07.2002, 1997 ccm, 110 cv<br \/>\n2.0 HDI 16V, A\u00f1o 09.1999 &#8211; 07.2002, 1997 ccm, 109 cv<br \/>\n2.0 Turbo C.T., A\u00f1o 06.1994 &#8211; 07.2002, 1998 ccm, 147 cv<br \/>\n2.1 TD, A\u00f1o 05.1996 &#8211; 07.2002, 2088 ccm, 109 cv<br \/>\nCITRO\u00cbN Jumpy I<br \/>\n1.9 DT, A\u00f1o 10.1995 &#8211; 08.2000, 1905 ccm, 88 cv<br \/>\n1.9 TD, A\u00f1o 10.1995 &#8211; 08.2000, 1905 ccm, 90 cv<br \/>\n1.9 TD, A\u00f1o 10.1995 &#8211; 08.2000, 1905 ccm, 92 cv<br \/>\n2.0 16V HDi 110, A\u00f1o 01.2002 &#8211; 10.2006, 1997 ccm, 109 cv<br \/>\n2.0 HDi 110, A\u00f1o 10.2001 &#8211; 10.2006, 1997 ccm, 109 cv<br \/>\n2.0 HDi 95, A\u00f1o 10.1999 &#8211; 10.2006, 1997 ccm, 94 cv<br \/>\nCITRO\u00cbN C8 II (A\u00f1o 07.2002 &#8211; &#8230;)<br \/>\n2.0 HDi, A\u00f1o 07.2002 &#8211; &#8230;, 1997 ccm, 107 cv<br \/>\n2.0 HDi, A\u00f1o 07.2002 &#8211; &#8230;, 1997 ccm, 110 cv<br \/>\n2.2, A\u00f1o 07.2002 &#8211; &#8230;, 2230 ccm, 158 cv<br \/>\n2.2 HDi, A\u00f1o 07.2002 &#8211; &#8230;, 2179 ccm, 128 cv<br \/>\n3.0 V6, A\u00f1o 07.2002 &#8211; &#8230;, 2946 ccm, 204 cv<\/p>\n<p>PEUGEOT 806<br \/>\n1.9 TD, A\u00f1o 07.1995 &#8211; 08.2002, 1905 ccm, 90 cv<br \/>\n2.0 16V, A\u00f1o 05.1998 &#8211; 09.2000, 1998 ccm, 132 cv<br \/>\n2.0 HDI, A\u00f1o 08.1999 &#8211; 08.2002, 1997 ccm, 109 cv<br \/>\n2.0 HDI 16V, A\u00f1o 08.1999 &#8211; 08.2002, 1997 ccm, 109 cv<br \/>\n2.0 Turbo, A\u00f1o 06.1994 &#8211; 08.2002, 1998 ccm, 147 cv<br \/>\n2.1 td 12V, A\u00f1o 06.1996 &#8211; 08.1999, 2088 ccm, 109 cv<br \/>\nPEUGEOT Expert I (224)<br \/>\n2.0, A\u00f1o 07.2000 &#8211; 12.2006, 1997 ccm, 136 cv<br \/>\n2.0 HDi, A\u00f1o 10.2000 &#8211; 10.2006, 1997 ccm, 94 cv<br \/>\n2.0 HDI, A\u00f1o 07.2000 &#8211; 12.2006, 1997 ccm, 109 cv<br \/>\n2.0 HDI 16V, A\u00f1o 07.2000 &#8211; 12.2006, 1997 ccm, 109 cv<br \/>\nPEUGEOT 807 MPV<br \/>\n2.2, A\u00f1o 06.2002 &#8211; &#8230;, 2230 ccm, 158 cv<br \/>\n2.2 HDi, A\u00f1o 06.2002 &#8211; &#8230;, 2179 ccm, 128 cv<br \/>\n3.0 V6, A\u00f1o 06.2002 &#8211; &#8230;, 2946 ccm, 204 cv<\/p>\n<p>LA PIEZA ES NUEVA Y ORIGINAL.<\/p>\n","protected":false},"excerpt":{"rendered":"<p>Juego, set del guardapolvos de la junta homocin\u00e9tica de los ejes de transmisi\u00f3n de: Largo: 112 mm Di\u00e1metro 1: 29 mm Di\u00e1metro 2: 97 mm FIAT Ulysse I (220) 2.0 JTD, A\u00f1o 10.1999 &#8211; 08.2002, 1997 ccm, 109 cv FIAT Ulysse II (179) 2.0 JTD, A\u00f1o 08.2002 &#8211; 08.2006, 1997 ccm, 109 cv 2.2 JTD, [&hellip;]<\/p>\n","protected":false},"featured_media":89688,"template":"","meta":{"_seopress_robots_primary_cat":"","_seopress_titles_title":"","_seopress_titles_desc":"","_seopress_robots_index":""},"product_cat":[189,182,181,23,188,156,20,138,21,24,122,104,113,128],"product_tag":[],"class_list":{"0":"post-89687","1":"product","2":"type-product","3":"status-publish","4":"has-post-thumbnail","6":"product_cat-recambios-peugeot-806","7":"product_cat-recambios-peugeot-807","8":"product_cat-recambios-citroen-c8","9":"product_cat-recambios-citroen","10":"product_cat-recambios-citroen-evasion","11":"product_cat-recambios-peugeot-expert","12":"product_cat-recambios-fiat","13":"product_cat-recambios-citroen-jumpy","14":"product_cat-recambios-lancia","15":"product_cat-recambios-peugeot","16":"product_cat-recambios-lancia-phedra","17":"product_cat-recambios-fiat-scudo","18":"product_cat-recambios-fiat-ulysse","19":"product_cat-recambios-lancia-z","21":"first","22":"instock","23":"taxable","24":"shipping-taxable","25":"purchasable","26":"product-type-simple"},"_links":{"self":[{"href":"https:\/\/galicianparts.com\/shop\/wp-json\/wp\/v2\/product\/89687"}],"collection":[{"href":"https:\/\/galicianparts.com\/shop\/wp-json\/wp\/v2\/product"}],"about":[{"href":"https:\/\/galicianparts.com\/shop\/wp-json\/wp\/v2\/types\/product"}],"wp:featuredmedia":[{"embeddable":true,"href":"https:\/\/galicianparts.com\/shop\/wp-json\/wp\/v2\/media\/89688"}],"wp:attachment":[{"href":"https:\/\/galicianparts.com\/shop\/wp-json\/wp\/v2\/media?parent=89687"}],"wp:term":[{"taxonomy":"product_cat","embeddable":true,"href":"https:\/\/galicianparts.com\/shop\/wp-json\/wp\/v2\/product_cat?post=89687"},{"taxonomy":"product_tag","embeddable":true,"href":"https:\/\/galicianparts.com\/shop\/wp-json\/wp\/v2\/product_tag?post=89687"}],"curies":[{"name":"wp","href":"https:\/\/api.w.org\/{rel}","templated":true}]}}