{"id":89702,"date":"2024-08-06T10:35:24","date_gmt":"2024-08-06T08:35:24","guid":{"rendered":"https:\/\/galicianparts.com\/shop\/producto\/9566933988-kit-capuchon-homocinetica-palier-fiat-scudo-ulysse-lancia-z-citroen-peugeot-original\/"},"modified":"2024-09-06T11:14:38","modified_gmt":"2024-09-06T09:14:38","slug":"9566933988-kit-capuchon-homocinetica-palier-fiat-scudo-ulysse-lancia-z-citroen-peugeot-original","status":"publish","type":"product","link":"https:\/\/galicianparts.com\/shop\/producto\/9566933988-kit-capuchon-homocinetica-palier-fiat-scudo-ulysse-lancia-z-citroen-peugeot-original\/","title":{"rendered":"9566933988 Kit capuch\u00f3n homocin\u00e9tica palier Fiat Scudo \/Ulysse \/Lancia Z \/Citro\u00ebn \/Peugeot ORIGINAL"},"content":{"rendered":"<p>Juego, set del guardapolvos de la junta homocin\u00e9tica de los ejes de transmisi\u00f3n de:<br \/>\nLargo: 83 mm<br \/>\nDi\u00e1metro 1: 29 mm<br \/>\nDi\u00e1metro 2: 95 mm<\/p>\n<p>FIAT &#8211; PG ULYSSE (1994-2002) 2000 IE TB \/ 1905 T.D.EM.08 \/ 1905 T.D.USA 87 \/ 2100 T.D. CEE FASE 2 \/ 1905 T.D. CEE FASE 2<br \/>\nLANCIA &#8211; SK \u00abZ\u00bb (1994-2002) 2000 I.E. TB. \/ 2100 T.D.CEE FASE 2<br \/>\nFIAT PROFESSIONAL &#8211; PL SCUDO (1995-2004) 1905 TURBO DS EM.09<br \/>\nCITRO\u00cbN Evasion Monovolumen (22, U6)<br \/>\n1.9 TD, A\u00f1o 11.1994 &#8211; 07.2002, 1905 ccm, 90 cv<br \/>\n1.9 TD, A\u00f1o 10.1995 &#8211; 12.1998, 1905 ccm, 92 cv<br \/>\n2.0, A\u00f1o 06.1994 &#8211; 07.2002, 1998 ccm, 121 cv<br \/>\n2.0 HDI, A\u00f1o 08.1999 &#8211; 07.2002, 1997 ccm, 109 cv<br \/>\n2.0 Turbo C.T., A\u00f1o 06.1994 &#8211; 07.2002, 1998 ccm, 147 cv<br \/>\n2.1 TD, A\u00f1o 05.1996 &#8211; 07.2002, 2088 ccm, 109 cv<br \/>\nCITRO\u00cbN Jumpy I<br \/>\n1.9 TD, A\u00f1o 10.1995 &#8211; 08.2000, 1905 ccm, 90 cv<br \/>\n1.9 TD, A\u00f1o 04.1996 &#8211; 11.2003, 1905 ccm, 92 cv<br \/>\n2.0 HDi 110, A\u00f1o 03.2000 &#8211; 10.2006, 1997 ccm, 109 cv<br \/>\n2.0 HDi 95, A\u00f1o 10.1999 &#8211; 10.2006, 1997 ccm, 94 cv<br \/>\nCITRO\u00cbN Jumpy I<br \/>\n1.9 DT, A\u00f1o 10.1995 &#8211; 08.2000, 1905 ccm, 88 cv<br \/>\n1.9 TD, A\u00f1o 10.1995 &#8211; 08.2000, 1905 ccm, 90 cv<br \/>\n1.9 TD, A\u00f1o 10.1995 &#8211; 08.2000, 1905 ccm, 92 cv<br \/>\n2.0 HDi 95, A\u00f1o 10.1999 &#8211; 10.2006, 1997 ccm, 94 cv<\/p>\n<p>PEUGEOT 806 MPV<br \/>\n1.9 TD, A\u00f1o 07.1995 &#8211; 08.2002, 1905 ccm, 90 cv<br \/>\n1.9 TD, A\u00f1o 05.1997 &#8211; 08.2002, 1905 ccm, 92 cv<br \/>\n2.0 HDI, A\u00f1o 08.1999 &#8211; 08.2002, 1997 ccm, 109 cv<br \/>\n2.0 HDI 16V, A\u00f1o 08.1999 &#8211; 08.2002, 1997 ccm, 109 cv<br \/>\n2.0 Turbo, A\u00f1o 06.1994 &#8211; 08.2002, 1998 ccm, 147 cv<br \/>\n2.1 TD 12V, A\u00f1o 06.1996 &#8211; 08.1999, 2088 ccm, 109 cv<br \/>\nPEUGEOT Expert I (224)<br \/>\n1.9 TD, A\u00f1o 02.1996 &#8211; 09.2000, 1905 ccm, 90 cv<br \/>\n1.9 TD, A\u00f1o 02.1996 &#8211; 05.1998, 1905 ccm, 92 cv<\/p>\n<p>LA PIEZA ES NUEVA Y ORIGINAL.<\/p>\n","protected":false},"excerpt":{"rendered":"<p>Juego, set del guardapolvos de la junta homocin\u00e9tica de los ejes de transmisi\u00f3n de: Largo: 83 mm Di\u00e1metro 1: 29 mm Di\u00e1metro 2: 95 mm FIAT &#8211; PG ULYSSE (1994-2002) 2000 IE TB \/ 1905 T.D.EM.08 \/ 1905 T.D.USA 87 \/ 2100 T.D. CEE FASE 2 \/ 1905 T.D. CEE FASE 2 LANCIA &#8211; SK [&hellip;]<\/p>\n","protected":false},"featured_media":89708,"template":"","meta":{"_seopress_robots_primary_cat":"","_seopress_titles_title":"","_seopress_titles_desc":"","_seopress_robots_index":""},"product_cat":[189,23,188,156,20,138,21,24,104,113,128],"product_tag":[],"class_list":{"0":"post-89702","1":"product","2":"type-product","3":"status-publish","4":"has-post-thumbnail","6":"product_cat-recambios-peugeot-806","7":"product_cat-recambios-citroen","8":"product_cat-recambios-citroen-evasion","9":"product_cat-recambios-peugeot-expert","10":"product_cat-recambios-fiat","11":"product_cat-recambios-citroen-jumpy","12":"product_cat-recambios-lancia","13":"product_cat-recambios-peugeot","14":"product_cat-recambios-fiat-scudo","15":"product_cat-recambios-fiat-ulysse","16":"product_cat-recambios-lancia-z","18":"first","19":"instock","20":"taxable","21":"shipping-taxable","22":"purchasable","23":"product-type-simple"},"_links":{"self":[{"href":"https:\/\/galicianparts.com\/shop\/wp-json\/wp\/v2\/product\/89702"}],"collection":[{"href":"https:\/\/galicianparts.com\/shop\/wp-json\/wp\/v2\/product"}],"about":[{"href":"https:\/\/galicianparts.com\/shop\/wp-json\/wp\/v2\/types\/product"}],"wp:featuredmedia":[{"embeddable":true,"href":"https:\/\/galicianparts.com\/shop\/wp-json\/wp\/v2\/media\/89708"}],"wp:attachment":[{"href":"https:\/\/galicianparts.com\/shop\/wp-json\/wp\/v2\/media?parent=89702"}],"wp:term":[{"taxonomy":"product_cat","embeddable":true,"href":"https:\/\/galicianparts.com\/shop\/wp-json\/wp\/v2\/product_cat?post=89702"},{"taxonomy":"product_tag","embeddable":true,"href":"https:\/\/galicianparts.com\/shop\/wp-json\/wp\/v2\/product_tag?post=89702"}],"curies":[{"name":"wp","href":"https:\/\/api.w.org\/{rel}","templated":true}]}}