{"id":89718,"date":"2024-08-06T11:44:15","date_gmt":"2024-08-06T09:44:15","guid":{"rendered":"https:\/\/galicianparts.com\/shop\/producto\/9564479480-kit-capuchon-lado-cambio-palier-fiat-ducato-scudo-lancia-peugeot-citroen-original\/"},"modified":"2024-09-06T13:00:21","modified_gmt":"2024-09-06T11:00:21","slug":"9564479480-kit-capuchon-lado-cambio-palier-fiat-ducato-scudo-lancia-peugeot-citroen-original","status":"publish","type":"product","link":"https:\/\/galicianparts.com\/shop\/producto\/9564479480-kit-capuchon-lado-cambio-palier-fiat-ducato-scudo-lancia-peugeot-citroen-original\/","title":{"rendered":"9564479480 Kit capuch\u00f3n lado cambio palier Fiat Ducato \/Scudo \/Lancia \/Peugeot \/Citro\u00ebn ORIGINAL"},"content":{"rendered":"<p>9403287908 Juego, set del capuch\u00f3n interior de los ejes de transmisi\u00f3n de:<br \/>\nLargo: 104 mm<br \/>\nDi\u00e1metro 1: 29 mm<br \/>\nDi\u00e1metro 2: 88 mm<\/p>\n<p>FIAT Ducato II Furg\u00f3n (230L)<br \/>\n1.9 D, A\u00f1o 04.1998 &#8211; 04.2002, 1905 ccm, 68 cv<br \/>\n1.9 D, A\u00f1o 03.1994 &#8211; 04.2002, 1929 ccm, 69 cv<br \/>\n1.9 TD, A\u00f1o 03.1994 &#8211; 04.2002, 1929 ccm, 82 cv<br \/>\n1.9 TD, A\u00f1o 04.1998 &#8211; 04.2002, 1905 ccm, 90 cv<br \/>\n1.9 TD CAT, A\u00f1o 08.1994 &#8211; 04.2002, 1929 ccm, 80 cv<br \/>\n2.0, A\u00f1o 03.1994 &#8211; 04.2002, 1998 ccm, 109 cv<br \/>\n2.0 4&#215;4, A\u00f1o 11.1994 &#8211; 04.2002, 1998 ccm, 109 cv<br \/>\n2.0 JTD, A\u00f1o 10.2001 &#8211; 04.2002, 1997 ccm, 84 cv<br \/>\n2.5 D, A\u00f1o 03.1994 &#8211; 04.2002, 2500 ccm, 84 cv<br \/>\n2.5 TD, A\u00f1o 06.1994 &#8211; 08.1998, 2499 ccm, 109 cv<br \/>\n2.5 TDI, A\u00f1o 03.1994 &#8211; 04.2002, 2500 ccm, 109 cv<br \/>\n2.5 TDI, A\u00f1o 03.1994 &#8211; 04.2002, 2500 ccm, 116 cv<br \/>\n2.8 D, A\u00f1o 05.1998 &#8211; 04.2002, 2800 ccm, 87 cv<br \/>\n2.8 D 4&#215;4, A\u00f1o 08.1998 &#8211; 04.2002, 2800 ccm, 87 cv<br \/>\n2.8 JTD, A\u00f1o 11.2000 &#8211; 04.2002, 2798 ccm, 128 cv<br \/>\n2.8 JTD 4&#215;4, A\u00f1o 11.2000 &#8211; 04.2002, 2798 ccm, 128 cv<br \/>\n2.8 TDI, A\u00f1o 10.1997 &#8211; 04.2002, 2800 ccm, 122 cv<br \/>\nFIAT Ulysse I (220)<br \/>\n1.9 TD, A\u00f1o 02.1995 &#8211; 08.2002, 1905 ccm, 90 cv<br \/>\n2.0, A\u00f1o 06.1994 &#8211; 08.2002, 1998 ccm, 121 cv<br \/>\n2.0 16V, A\u00f1o 05.1998 &#8211; 09.2000, 1998 ccm, 132 cv<br \/>\n2.0 16V (220AQ5), A\u00f1o 09.2000 &#8211; 08.2002, 1997 ccm, 136 cv<br \/>\n2.0 JTD, A\u00f1o 10.1999 &#8211; 08.2002, 1997 ccm, 109 cv<br \/>\n2.0 JTD 16V, A\u00f1o 05.1999 &#8211; 08.2002, 1997 ccm, 109 cv<br \/>\n2.0 Turbo, A\u00f1o 06.1994 &#8211; 08.2002, 1998 ccm, 147 cv<br \/>\n2.1 TD, A\u00f1o 03.1996 &#8211; 10.1999, 2088 ccm, 109 cv<br \/>\nFIAT Scudo I (220)<br \/>\n1.9 D, A\u00f1o 02.1996 &#8211; 04.1998, 1905 ccm, 69 cv<br \/>\n1.9 TD, A\u00f1o 02.1996 &#8211; 12.2006, 1905 ccm, 92 cv<br \/>\n1.9 TD Eco, A\u00f1o 02.1996 &#8211; 12.2006, 1905 ccm, 90 cv<br \/>\n2.0 JTD, A\u00f1o 01.2004 &#8211; 12.2006, 1997 ccm, 94 cv<br \/>\n2.0 JTD, A\u00f1o 12.1999 &#8211; 12.2006, 1997 ccm, 109 cv<br \/>\n2.0 JTD 16V, A\u00f1o 05.1999 &#8211; 12.2006, 1997 ccm, 109 cv<br \/>\nFIAT Ducato II (230)<br \/>\n1.9 D, A\u00f1o 04.1998 &#8211; 04.2002, 1905 ccm, 68 cv<br \/>\n1.9 D Combinato, A\u00f1o 06.1995 &#8211; 04.2002, 1929 ccm, 69 cv<br \/>\n1.9 TD, A\u00f1o 04.1998 &#8211; 04.2002, 1905 ccm, 90 cv<br \/>\n1.9 TD Combinato, A\u00f1o 08.1994 &#8211; 04.2002, 1929 ccm, 80 cv<br \/>\n1.9 TD Panorama\/Combinato, A\u00f1o 03.1994 &#8211; 04.2002, 1929 ccm, 82 cv<br \/>\n2.0 4&#215;4, A\u00f1o 11.1994 &#8211; 11.2001, 1998 ccm, 109 cv<br \/>\n2.0 JTD, A\u00f1o 10.2001 &#8211; 04.2002, 1997 ccm, 84 cv<br \/>\n2.0 Panorama\/Combinato, A\u00f1o 03.1994 &#8211; 04.2002, 1998 ccm, 109 cv<br \/>\n2.5 D Combinato, A\u00f1o 08.1994 &#8211; 04.2002, 2500 ccm, 84 cv<br \/>\n2.5 TD 4&#215;4, A\u00f1o 11.1994 &#8211; 04.1998, 2499 ccm, 109 cv<br \/>\n2.5 TDI 4&#215;4, A\u00f1o 04.1997 &#8211; 04.2002, 2500 ccm, 116 cv<br \/>\n2.5 TDI Panorama\/Combinato, A\u00f1o 07.1994 &#8211; 04.2002, 2500 ccm, 109 cv<br \/>\n2.5 TDI Panorama\/Combinato, A\u00f1o 03.1994 &#8211; 04.2002, 2499 ccm, 116 cv<br \/>\n2.8 D, A\u00f1o 02.1998 &#8211; 04.2002, 2800 ccm, 87 cv<br \/>\n2.8 JTD, A\u00f1o 11.2000 &#8211; 04.2002, 2798 ccm, 128 cv<br \/>\n2.8 JTD 4&#215;4, A\u00f1o 11.2000 &#8211; 04.2002, 2798 ccm, 128 cv<br \/>\n2.8 TDI, A\u00f1o 10.1997 &#8211; 04.2002, 2800 ccm, 122 cv<br \/>\n2.8 TDI 4&#215;4, A\u00f1o 07.1999 &#8211; 04.2002, 2800 ccm, 122 cv<br \/>\nFIAT Ducato II Bus (244)<br \/>\n2.0, A\u00f1o 12.2001 &#8211; 07.2006, 1998 ccm, 110 cv<br \/>\n2.0 4&#215;4, A\u00f1o 05.2002 &#8211; 07.2006, 1998 ccm, 110 cv<br \/>\n2.0 Bipower, A\u00f1o 11.2002 &#8211; &#8230;, 1998 ccm, 110 cv<br \/>\n2.0 JTD, A\u00f1o 12.2001 &#8211; 07.2006, 1997 ccm, 84 cv<br \/>\n2.3 JTD, A\u00f1o 12.2001 &#8211; 07.2006, 2286 ccm, 110 cv<br \/>\n2.8 JTD, A\u00f1o 12.2001 &#8211; &#8230;, 2798 ccm, 128 cv<br \/>\n2.8 JTD, A\u00f1o 04.2004 &#8211; 07.2006, 2800 ccm, 145 cv<br \/>\n2.8 JTD 4&#215;4, A\u00f1o 12.2001 &#8211; 07.2006, 2798 ccm, 128 cv<br \/>\n2.8 TD 4&#215;4, A\u00f1o 11.2003 &#8211; 07.2006, 2799 ccm, 122 cv<br \/>\nFIAT Ducato II Furg\u00f3n (244)<br \/>\n2.0, A\u00f1o 12.2001 &#8211; 07.2006, 1998 ccm, 110 cv<br \/>\n2.0 4&#215;4, A\u00f1o 05.2002 &#8211; 07.2006, 1998 ccm, 110 cv<br \/>\n2.0 Bipower, A\u00f1o 11.2002 &#8211; &#8230;, 1998 ccm, 110 cv<br \/>\n2.0 JTD, A\u00f1o 12.2001 &#8211; 07.2006, 1997 ccm, 84 cv<br \/>\n2.3 JTD, A\u00f1o 12.2001 &#8211; 07.2006, 2286 ccm, 110 cv<br \/>\n2.8 JTD, A\u00f1o 12.2001 &#8211; 12.2011, 2798 ccm, 128 cv<br \/>\n2.8 JTD 4&#215;4, A\u00f1o 12.2001 &#8211; 07.2006, 2798 ccm, 128 cv<br \/>\n2.8 JTD Power, A\u00f1o 04.2004 &#8211; 07.2006, 2800 ccm, 146 cv<br \/>\n2.8 TD, A\u00f1o 12.2001 &#8211; 07.2006, 2799 ccm, 122 cv<br \/>\nFIAT Ducato II Cami\u00f3n de plataforma\/Chasis (244)<br \/>\n2.0, A\u00f1o 04.2002 &#8211; 07.2006, 1998 ccm, 110 cv<br \/>\n2.0 JTD, A\u00f1o 12.2001 &#8211; 07.2006, 1997 ccm, 84 cv<br \/>\n2.3 JTD, A\u00f1o 12.2001 &#8211; 07.2006, 2286 ccm, 110 cv<br \/>\n2.8 JTD, A\u00f1o 12.2001 &#8211; 07.2006, 2798 ccm, 128 cv<br \/>\n2.8 JTD 4&#215;4, A\u00f1o 12.2001 &#8211; 07.2006, 2798 ccm, 128 cv<br \/>\n2.8 JTD Power, A\u00f1o 04.2004 &#8211; 07.2006, 2800 ccm, 146 cv<br \/>\nFIAT Ulysse II (179) (A\u00f1o 08.2002 &#8211; 06.2011)<br \/>\n2.0 D Multijet, A\u00f1o 05.2006 &#8211; 06.2011, 1997 ccm, 120 cv<br \/>\n2.0 D Multijet, A\u00f1o 05.2006 &#8211; 06.2011, 1997 ccm, 136 cv<br \/>\n2.0 JTD, A\u00f1o 08.2002 &#8211; 08.2006, 1997 ccm, 109 cv<br \/>\n2.2 D Multijet, A\u00f1o 03.2008 &#8211; 06.2011, 2179 ccm, 170 cv<br \/>\n2.2 JTD, A\u00f1o 08.2002 &#8211; 08.2006, 2179 ccm, 128 cv<br \/>\n2.2 JTD, A\u00f1o 03.2008 &#8211; 06.2011, 2179 ccm, 163 cv<br \/>\n3.0, A\u00f1o 08.2002 &#8211; 06.2011, 2946 ccm, 204 cv<\/p>\n<p>LANCIA Zeta (220)<br \/>\n2.0 16V, A\u00f1o 05.1998 &#8211; 07.2000, 1998 ccm, 132 cv<br \/>\n2.0 16V (220AQ5, 220AQ4), A\u00f1o 07.2000 &#8211; 09.2002, 1997 ccm, 136 cv<br \/>\n2.0 JTD (220.AR5, 220.AN5), A\u00f1o 09.1999 &#8211; 09.2002, 1997 ccm, 109 cv<br \/>\n2.0 Turbo, A\u00f1o 05.1995 &#8211; 09.2002, 1998 ccm, 147 cv<br \/>\n2.1 TD, A\u00f1o 05.1996 &#8211; 09.1999, 2088 ccm, 109 cv<br \/>\nLANCIA Phedra (179)<br \/>\n2.0 D Multijet (179.AXL1B, 179.BXL1B), A\u00f1o 07.2006 &#8211; 11.2010, 1997 ccm, 136 cv<br \/>\n2.0 JTD (179.AXE1A), A\u00f1o 07.2003 &#8211; 11.2010, 1997 ccm, 107 cv<br \/>\n2.0 JTD (179.AXH1B, 179.BXH1B), A\u00f1o 06.2006 &#8211; 11.2010, 1997 ccm, 120 cv<br \/>\n2.0 JTD, A\u00f1o 09.2002 &#8211; 11.2010, 1997 ccm, 109 cv<br \/>\n2.2 D Multijet (179.AXM1B, 179.AXP11, 179.BXM1B,&#8230;, A\u00f1o 03.2008 &#8211; 11.2010, 2179 ccm, 170 cv<br \/>\n2.2 JTD, A\u00f1o 09.2002 &#8211; 11.2010, 2179 ccm, 128 cv<br \/>\n3.0 V6 (179.BXD11), A\u00f1o 09.2002 &#8211; 11.2010, 2946 ccm, 204 cv<\/p>\n<p>CITRO\u00cbN Jumper I (230)<br \/>\n1.9 D, A\u00f1o 01.1999 &#8211; 04.2002, 1905 ccm, 69 cv<br \/>\n1.9 TD, A\u00f1o 08.1994 &#8211; 04.2002, 1905 ccm, 90 cv<br \/>\n1.9 TD, A\u00f1o 02.1994 &#8211; 04.2002, 1905 ccm, 92 cv<br \/>\n1.9 TD 4&#215;4, A\u00f1o 08.1996 &#8211; 04.2002, 1905 ccm, 92 cv<br \/>\n2.0, A\u00f1o 02.1994 &#8211; 04.2002, 1998 ccm, 109 cv<br \/>\n2.0 4&#215;4, A\u00f1o 08.1996 &#8211; 04.2002, 1998 ccm, 109 cv<br \/>\n2.5 D, A\u00f1o 08.1994 &#8211; 04.2002, 2446 ccm, 86 cv<br \/>\n2.5 D 4&#215;4, A\u00f1o 08.1996 &#8211; 04.2002, 2446 ccm, 86 cv<br \/>\n2.5 TD, A\u00f1o 08.1994 &#8211; 04.2002, 2446 ccm, 103 cv<br \/>\n2.5 TD 4&#215;4, A\u00f1o 08.1996 &#8211; 04.2002, 2446 ccm, 103 cv<br \/>\n2.5 TDi, A\u00f1o 12.1996 &#8211; 11.2000, 2446 ccm, 107 cv<br \/>\n2.5 TDI 4&#215;4, A\u00f1o 12.1996 &#8211; 11.2000, 2446 ccm, 107 cv<br \/>\n2.8 D, A\u00f1o 01.1999 &#8211; 02.2002, 2798 ccm, 87 cv<br \/>\n2.8 HDi, A\u00f1o 09.2000 &#8211; 04.2002, 2798 ccm, 128 cv<br \/>\n2.8 HDi 4&#215;4, A\u00f1o 09.2000 &#8211; 04.2002, 2798 ccm, 128 cv<br \/>\nCITRO\u00cbN XM I Hatchback (Y3)<br \/>\n2.0 i Turbo, A\u00f1o 09.1992 &#8211; 06.1994, 1998 ccm, 141 cv<br \/>\n2.1 TD 12V, A\u00f1o 05.1989 &#8211; 06.1994, 2088 ccm, 109 cv<br \/>\n3.0 V6, A\u00f1o 05.1989 &#8211; 06.1994, 2963 ccm, 167 cv<br \/>\n3.0 V6 24V, A\u00f1o 07.1990 &#8211; 06.1994, 2963 ccm, 200 cv<br \/>\nCITRO\u00cbN Evasion (22, U6)<br \/>\n1.9 TD, A\u00f1o 11.1994 &#8211; 07.2002, 1905 ccm, 90 cv<br \/>\n1.9 TD, A\u00f1o 10.1995 &#8211; 12.1998, 1905 ccm, 92 cv<br \/>\n2.0, A\u00f1o 06.1994 &#8211; 07.2002, 1998 ccm, 121 cv<br \/>\n2.0 16V, A\u00f1o 05.1998 &#8211; 04.2000, 1998 ccm, 132 cv<br \/>\n2.0 16V, A\u00f1o 05.2000 &#8211; 07.2002, 1997 ccm, 136 cv<br \/>\n2.0 HDI, A\u00f1o 08.1999 &#8211; 07.2002, 1997 ccm, 109 cv<br \/>\n2.0 HDI 16V, A\u00f1o 09.1999 &#8211; 07.2002, 1997 ccm, 109 cv<br \/>\n2.0 Turbo C.T., A\u00f1o 06.1994 &#8211; 07.2002, 1998 ccm, 147 cv<br \/>\n2.1 TD, A\u00f1o 05.1996 &#8211; 07.2002, 2088 ccm, 109 cv<br \/>\nCITRO\u00cbN Jumpy I<br \/>\n1.9 TD, A\u00f1o 10.1995 &#8211; 08.2000, 1905 ccm, 90 cv<br \/>\n1.9 TD, A\u00f1o 04.1996 &#8211; 11.2003, 1905 ccm, 92 cv<br \/>\n2.0 16V HDi 110, A\u00f1o 03.2000 &#8211; 10.2006, 1997 ccm, 109 cv<br \/>\n2.0 HDi 110, A\u00f1o 03.2000 &#8211; 10.2006, 1997 ccm, 109 cv<br \/>\n2.0 HDi 95, A\u00f1o 10.1999 &#8211; 10.2006, 1997 ccm, 94 cv<br \/>\nCITRO\u00cbN Jumpy I Furg\u00f3n<br \/>\n1.9 DT, A\u00f1o 10.1995 &#8211; 08.2000, 1905 ccm, 88 cv<br \/>\n1.9 TD, A\u00f1o 10.1995 &#8211; 08.2000, 1905 ccm, 90 cv<br \/>\n2.0 16V HDi 110, A\u00f1o 01.2002 &#8211; 10.2006, 1997 ccm, 109 cv<br \/>\n2.0 HDi 110, A\u00f1o 10.2001 &#8211; 10.2006, 1997 ccm, 109 cv<br \/>\n2.0 HDi 95, A\u00f1o 10.1999 &#8211; 10.2006, 1997 ccm, 94 cv<br \/>\nCITRO\u00cbN Jumper I Furg\u00f3n (230)<br \/>\n1.9 D, A\u00f1o 07.1999 &#8211; 04.2002, 1905 ccm, 68 cv<br \/>\n1.9 D, A\u00f1o 02.1994 &#8211; 04.2002, 1905 ccm, 69 cv<br \/>\n1.9 TD, A\u00f1o 03.1994 &#8211; 04.2002, 1905 ccm, 90 cv<br \/>\n1.9 TD, A\u00f1o 03.1994 &#8211; 04.2002, 1905 ccm, 92 cv<br \/>\n2.0, A\u00f1o 03.1994 &#8211; 04.2002, 1998 ccm, 109 cv<br \/>\n2.0 HDI, A\u00f1o 11.2001 &#8211; 04.2002, 1997 ccm, 84 cv<br \/>\n2.5 D, A\u00f1o 03.1994 &#8211; 04.2002, 2446 ccm, 86 cv<br \/>\n2.5 D 4&#215;4, A\u00f1o 03.2000 &#8211; 04.2002, 2446 ccm, 86 cv<br \/>\n2.5 DT 4&#215;4, A\u00f1o 10.1996 &#8211; 08.1997, 2446 ccm, 103 cv<br \/>\n2.5 TD, A\u00f1o 03.1994 &#8211; 04.2002, 2446 ccm, 103 cv<br \/>\n2.5 TDi, A\u00f1o 12.1996 &#8211; 11.2000, 2446 ccm, 107 cv<br \/>\n2.5 TDi 4&#215;4, A\u00f1o 03.2000 &#8211; 11.2000, 2446 ccm, 107 cv<br \/>\n2.8 HDi, A\u00f1o 09.2000 &#8211; 04.2002, 2798 ccm, 128 cv<br \/>\n2.8 HDi 4&#215;4, A\u00f1o 09.2000 &#8211; 04.2002, 2798 ccm, 128 cv<br \/>\nCITRO\u00cbN XM II Hatchback (Y4)<br \/>\n2.0 i 16V, A\u00f1o 05.1994 &#8211; 10.2000, 1998 ccm, 132 cv<br \/>\n2.0 Turbo, A\u00f1o 05.1994 &#8211; 10.2000, 1998 ccm, 147 cv<br \/>\n2.1 TD 12V, A\u00f1o 05.1994 &#8211; 10.2000, 2088 ccm, 109 cv<br \/>\n2.5 TD, A\u00f1o 05.1994 &#8211; 10.2000, 2446 ccm, 129 cv<br \/>\n3.0 V6 (UFZ (ZPJ\/Z)), A\u00f1o 05.1994 &#8211; 10.2000, 2963 ccm, 167 cv<br \/>\n3.0 V6, A\u00f1o 04.1997 &#8211; 10.2000, 2946 ccm, 190 cv<br \/>\n3.0 V6 24V, A\u00f1o 05.1994 &#8211; 10.2000, 2963 ccm, 200 cv<br \/>\nCITRO\u00cbN XM II Familiar (Y4)<br \/>\n2.0 i 16V, A\u00f1o 05.1994 &#8211; 10.2000, 1998 ccm, 132 cv<br \/>\n2.0 Turbo, A\u00f1o 05.1994 &#8211; 10.2000, 1998 ccm, 147 cv<br \/>\n2.1 TD 12V, A\u00f1o 05.1994 &#8211; 10.2000, 2088 ccm, 109 cv<br \/>\n2.5 TD, A\u00f1o 05.1994 &#8211; 10.2000, 2446 ccm, 129 cv<br \/>\n3.0 V6, A\u00f1o 05.1994 &#8211; 10.2000, 2963 ccm, 167 cv<br \/>\nCITRO\u00cbN Jumper I (244)<br \/>\n2.0, A\u00f1o 04.2002 &#8211; &#8230;, 1998 ccm, 110 cv<br \/>\n2.0 bivalent, A\u00f1o 02.2003 &#8211; &#8230;, 1998 ccm, 110 cv<br \/>\n2.0 HDi, A\u00f1o 04.2002 &#8211; &#8230;, 1997 ccm, 84 cv<br \/>\n2.2 HDi, A\u00f1o 04.2002 &#8211; &#8230;, 2179 ccm, 101 cv<br \/>\n2.8 HDi, A\u00f1o 04.2002 &#8211; &#8230;, 2798 ccm, 128 cv<br \/>\n2.8 HDi, A\u00f1o 04.2004 &#8211; 06.2006, 2798 ccm, 146 cv<br \/>\n2.8 HDi 4&#215;4, A\u00f1o 04.2002 &#8211; &#8230;, 2798 ccm, 128 cv<br \/>\nCITRO\u00cbN C8<br \/>\n2.0 HDi, A\u00f1o 07.2002 &#8211; &#8230;, 1997 ccm, 107 cv<br \/>\n2.0 HDi, A\u00f1o 07.2002 &#8211; &#8230;, 1997 ccm, 110 cv<br \/>\n2.0 HDi, A\u00f1o 07.2006 &#8211; &#8230;, 1997 ccm, 120 cv<br \/>\n2.0 HDi 135, A\u00f1o 03.2006 &#8211; &#8230;, 1997 ccm, 136 cv<br \/>\n2.0 HDi 165, A\u00f1o 03.2006 &#8211; &#8230;, 1997 ccm, 163 cv<br \/>\n2.2, A\u00f1o 07.2002 &#8211; &#8230;, 2230 ccm, 158 cv<br \/>\n2.2 HDi, A\u00f1o 07.2002 &#8211; &#8230;, 2179 ccm, 128 cv<br \/>\n2.2 HDi, A\u00f1o 06.2007 &#8211; &#8230;, 2179 ccm, 163 cv<br \/>\n2.2 HDi, A\u00f1o 06.2006 &#8211; &#8230;, 2179 ccm, 170 cv<br \/>\n3.0 V6, A\u00f1o 07.2002 &#8211; &#8230;, 2946 ccm, 204 cv<\/p>\n<p>PEUGEOT 806<br \/>\n1.8, A\u00f1o 07.1995 &#8211; 08.2002, 1761 ccm, 99 cv<br \/>\n1.9 TD, A\u00f1o 07.1995 &#8211; 08.2002, 1905 ccm, 90 cv<br \/>\n1.9 TD, A\u00f1o 05.1997 &#8211; 08.2002, 1905 ccm, 92 cv<br \/>\n2.0, A\u00f1o 06.1994 &#8211; 08.2002, 1998 ccm, 121 cv<br \/>\n2.0 16V, A\u00f1o 05.1998 &#8211; 09.2000, 1998 ccm, 132 cv<br \/>\n2.0 16V, A\u00f1o 09.2000 &#8211; 08.2002, 1997 ccm, 136 cv<br \/>\n2.0 HDI, A\u00f1o 08.1999 &#8211; 08.2002, 1997 ccm, 109 cv<br \/>\n2.0 HDI 16V, A\u00f1o 08.1999 &#8211; 08.2002, 1997 ccm, 109 cv<br \/>\n2.0 Turbo, A\u00f1o 06.1994 &#8211; 08.2002, 1998 ccm, 147 cv<br \/>\n2.1 td 12V, A\u00f1o 06.1996 &#8211; 08.1999, 2088 ccm, 109 cv<br \/>\nPEUGEOT Boxer Bus (230)<br \/>\n1.9 D, A\u00f1o 03.1994 &#8211; 04.2002, 1905 ccm, 69 cv<br \/>\n1.9 TD, A\u00f1o 08.1994 &#8211; 04.2002, 1905 ccm, 90 cv<br \/>\n1.9 TD, A\u00f1o 03.1994 &#8211; 04.2002, 1905 ccm, 92 cv<br \/>\n1.9 TD 4&#215;4, A\u00f1o 07.1996 &#8211; 04.2002, 1905 ccm, 92 cv<br \/>\n2.0 i, A\u00f1o 03.1994 &#8211; 04.2002, 1998 ccm, 109 cv<br \/>\n2.0 i 4&#215;4, A\u00f1o 08.1996 &#8211; 04.2002, 1998 ccm, 109 cv<br \/>\n2.5 D, A\u00f1o 08.1994 &#8211; 04.2002, 2446 ccm, 86 cv<br \/>\n2.5 D 4&#215;4, A\u00f1o 07.1996 &#8211; 04.2002, 2446 ccm, 86 cv<br \/>\n2.5 TD, A\u00f1o 07.1994 &#8211; 12.1997, 2446 ccm, 103 cv<br \/>\n2.5 TD 4&#215;4, A\u00f1o 07.1996 &#8211; 04.2002, 2446 ccm, 103 cv<br \/>\n2.5 TDI, A\u00f1o 01.1997 &#8211; 04.2002, 2446 ccm, 107 cv<br \/>\n2.5 TDI 4&#215;4, A\u00f1o 01.1997 &#8211; 04.2002, 2446 ccm, 107 cv<br \/>\n2.8 D, A\u00f1o 01.1999 &#8211; 02.2002, 2798 ccm, 87 cv<br \/>\n2.8 HDi, A\u00f1o 10.2000 &#8211; 11.2001, 2798 ccm, 126 cv<br \/>\n2.8 HDI, A\u00f1o 11.2000 &#8211; 04.2002, 2798 ccm, 128 cv<br \/>\n2.8 HDi 4&#215;4, A\u00f1o 10.2000 &#8211; 04.2002, 2798 ccm, 128 cv<br \/>\nPEUGEOT Boxer Furg\u00f3n (230)<br \/>\n1.9 D, A\u00f1o 07.1999 &#8211; 04.2002, 1905 ccm, 68 cv<br \/>\n1.9 D, A\u00f1o 03.1994 &#8211; 04.2002, 1905 ccm, 69 cv<br \/>\n1.9 TD, A\u00f1o 07.1999 &#8211; 04.2002, 1905 ccm, 90 cv<br \/>\n1.9 TD, A\u00f1o 03.1994 &#8211; 04.2002, 1905 ccm, 92 cv<br \/>\n2.0 HDI, A\u00f1o 08.2001 &#8211; 04.2002, 1997 ccm, 84 cv<br \/>\n2.0 i, A\u00f1o 06.1994 &#8211; 04.2002, 1998 ccm, 109 cv<br \/>\n2.5 D, A\u00f1o 03.1994 &#8211; 04.2002, 2446 ccm, 86 cv<br \/>\n2.5 D 4&#215;4, A\u00f1o 07.1999 &#8211; 04.2002, 2446 ccm, 86 cv<br \/>\n2.5 TD, A\u00f1o 03.1994 &#8211; 12.1997, 2446 ccm, 103 cv<br \/>\n2.5 TDI, A\u00f1o 01.1997 &#8211; 04.2002, 2446 ccm, 107 cv<br \/>\n2.5 TDI 4&#215;4, A\u00f1o 07.1999 &#8211; 04.2002, 2446 ccm, 107 cv<br \/>\n2.8 D, A\u00f1o 01.1999 &#8211; 02.2002, 2798 ccm, 87 cv<br \/>\n2.8 HDi, A\u00f1o 10.2000 &#8211; 11.2001, 2798 ccm, 126 cv<br \/>\n2.8 HDI, A\u00f1o 11.2000 &#8211; 04.2002, 2798 ccm, 128 cv<br \/>\n2.8 HDi 4&#215;4, A\u00f1o 10.2000 &#8211; 04.2002, 2798 ccm, 128 cv<br \/>\nPEUGEOT Boxer Cami\u00f3n de plataforma\/Chasis (230)<br \/>\n1.9 TD, A\u00f1o 06.1994 &#8211; 04.2002, 1905 ccm, 90 cv<br \/>\n1.9 TD, A\u00f1o 07.1994 &#8211; 04.2002, 1905 ccm, 92 cv<br \/>\n2.0, A\u00f1o 12.2001 &#8211; 04.2002, 1998 ccm, 110 cv<br \/>\n2.0 i, A\u00f1o 06.1994 &#8211; 04.2002, 1998 ccm, 109 cv<br \/>\n2.5 D, A\u00f1o 03.1994 &#8211; 04.2002, 2446 ccm, 86 cv<br \/>\n2.5 D 4&#215;4, A\u00f1o 07.1999 &#8211; 04.2002, 2446 ccm, 86 cv<br \/>\n2.5 TD, A\u00f1o 03.1994 &#8211; 12.1997, 2446 ccm, 103 cv<br \/>\n2.5 TDI, A\u00f1o 01.1997 &#8211; 04.2002, 2446 ccm, 107 cv<br \/>\n2.5 TDI 4&#215;4, A\u00f1o 07.1999 &#8211; 04.2002, 2446 ccm, 107 cv<br \/>\n2.8 D, A\u00f1o 01.1999 &#8211; 02.2002, 2798 ccm, 87 cv<br \/>\n2.8 HDi, A\u00f1o 10.2000 &#8211; 11.2001, 2798 ccm, 126 cv<br \/>\n2.8 HDI, A\u00f1o 11.2000 &#8211; 04.2002, 2798 ccm, 128 cv<br \/>\nPEUGEOT Boxer Bus (244)<br \/>\n2.0, A\u00f1o 12.2001 &#8211; 06.2006, 1998 ccm, 110 cv<br \/>\n2.0 BiFuel, A\u00f1o 12.2001 &#8211; 06.2006, 1998 ccm, 110 cv<br \/>\n2.0 HDi, A\u00f1o 12.2001 &#8211; 06.2006, 1997 ccm, 84 cv<br \/>\n2.2 HDi, A\u00f1o 12.2001 &#8211; 06.2006, 2179 ccm, 101 cv<br \/>\n2.8 HDi, A\u00f1o 12.2001 &#8211; 06.2006, 2798 ccm, 128 cv<br \/>\n2.8 HDi, A\u00f1o 04.2004 &#8211; &#8230;, 2798 ccm, 145 cv<br \/>\n2.8 HDi 4&#215;4, A\u00f1o 12.2001 &#8211; 06.2006, 2798 ccm, 128 cv<br \/>\nPEUGEOT Boxer (244)<br \/>\n2.0, A\u00f1o 12.2001 &#8211; 06.2006, 1998 ccm, 110 cv<br \/>\n2.0 BiFuel, A\u00f1o 12.2001 &#8211; 06.2006, 1998 ccm, 110 cv<br \/>\n2.0 HDi, A\u00f1o 04.2002 &#8211; &#8230;, 1997 ccm, 84 cv<br \/>\n2.2 HDi, A\u00f1o 12.2001 &#8211; 06.2006, 2179 ccm, 101 cv<br \/>\n2.8 HDi, A\u00f1o 12.2001 &#8211; 06.2006, 2798 ccm, 128 cv<br \/>\n2.8 HDi, A\u00f1o 04.2004 &#8211; &#8230;, 2798 ccm, 146 cv<br \/>\n2.8 HDi 4&#215;4, A\u00f1o 12.2001 &#8211; 06.2006, 2798 ccm, 128 cv<br \/>\nPEUGEOT 605 Berlina<br \/>\n2.0, A\u00f1o 02.1990 &#8211; 09.1999, 1998 ccm, 107 cv<br \/>\n2.0, A\u00f1o 06.1989 &#8211; 09.1999, 1998 ccm, 121 cv<br \/>\n2.0 16V, A\u00f1o 07.1994 &#8211; 09.1999, 1998 ccm, 132 cv<br \/>\n2.0 Turbo, A\u00f1o 07.1992 &#8211; 09.1999, 1998 ccm, 141 cv<br \/>\n2.0 Turbo, A\u00f1o 07.1991 &#8211; 09.1999, 1998 ccm, 147 cv<br \/>\n2.1 D, A\u00f1o 06.1989 &#8211; 07.1995, 2138 ccm, 82 cv<br \/>\n2.1 TD 12V, A\u00f1o 08.1994 &#8211; 09.1999, 2088 ccm, 109 cv<br \/>\n2.1 Turbodi\u00e9sel, A\u00f1o 06.1989 &#8211; 09.1999, 2088 ccm, 109 cv<br \/>\n2.5 Turbodi\u00e9sel, A\u00f1o 07.1994 &#8211; 09.1999, 2446 ccm, 129 cv<br \/>\n3.0, A\u00f1o 10.1989 &#8211; 09.1999, 2963 ccm, 167 cv<br \/>\n3.0 SV 24, A\u00f1o 08.1989 &#8211; 09.1999, 2963 ccm, 200 cv<br \/>\n3.0 V6, A\u00f1o 04.1997 &#8211; 09.1999, 2946 ccm, 190 cv<br \/>\nPEUGEOT Expert I<br \/>\n1.6, A\u00f1o 02.1996 &#8211; 09.2000, 1581 ccm, 79 cv<br \/>\n1.8, A\u00f1o 10.1996 &#8211; 09.2000, 1761 ccm, 101 cv<br \/>\n1.9 D, A\u00f1o 02.1996 &#8211; 12.1998, 1905 ccm, 70 cv<br \/>\n1.9 D 70, A\u00f1o 12.1998 &#8211; 12.2006, 1868 ccm, 69 cv<br \/>\n1.9 TD, A\u00f1o 02.1996 &#8211; 09.2000, 1905 ccm, 90 cv<br \/>\n1.9 TD, A\u00f1o 02.1996 &#8211; 05.1998, 1905 ccm, 92 cv<br \/>\n2.0, A\u00f1o 09.2002 &#8211; 12.2006, 1997 ccm, 136 cv<br \/>\n2.0 HDI, A\u00f1o 07.2000 &#8211; 12.2006, 1997 ccm, 94 cv<br \/>\n2.0 HDI, A\u00f1o 07.2000 &#8211; 12.2006, 1997 ccm, 109 cv<br \/>\n2.0 HDI 16V, A\u00f1o 07.2000 &#8211; 12.2006, 1997 ccm, 109 cv<br \/>\nPEUGEOT 807<br \/>\n2.0, A\u00f1o 06.2002 &#8211; &#8230;, 1997 ccm, 136 cv<br \/>\n2.0 16V, A\u00f1o 09.2005 &#8211; &#8230;, 1997 ccm, 140 cv<br \/>\n2.0 HDi, A\u00f1o 06.2002 &#8211; &#8230;, 1997 ccm, 107 cv<br \/>\n2.0 HDi, A\u00f1o 04.2004 &#8211; &#8230;, 1997 ccm, 109 cv<br \/>\n2.0 HDi, A\u00f1o 02.2006 &#8211; &#8230;, 1997 ccm, 120 cv<br \/>\n2.0 HDI, A\u00f1o 06.2006 &#8211; &#8230;, 1997 ccm, 136 cv<br \/>\n2.0 HDi, A\u00f1o 06.2009 &#8211; &#8230;, 1997 ccm, 163 cv<br \/>\n2.2, A\u00f1o 06.2002 &#8211; &#8230;, 2230 ccm, 158 cv<br \/>\n2.2 HDi, A\u00f1o 06.2002 &#8211; &#8230;, 2179 ccm, 128 cv<br \/>\n2.2 HDi, A\u00f1o 04.2004 &#8211; &#8230;, 2179 ccm, 136 cv<br \/>\n2.2 HDi, A\u00f1o 06.2006 &#8211; &#8230;, 2179 ccm, 163 cv<br \/>\n2.2 HDi, A\u00f1o 06.2006 &#8211; &#8230;, 2179 ccm, 170 cv<br \/>\n3.0 V6, A\u00f1o 06.2002 &#8211; &#8230;, 2946 ccm, 204 cv<\/p>\n<p>LA PIEZA ES NUEVA Y ORIGINAL.<\/p>\n","protected":false},"excerpt":{"rendered":"<p>9403287908 Juego, set del capuch\u00f3n interior de los ejes de transmisi\u00f3n de: Largo: 104 mm Di\u00e1metro 1: 29 mm Di\u00e1metro 2: 88 mm FIAT Ducato II Furg\u00f3n (230L) 1.9 D, A\u00f1o 04.1998 &#8211; 04.2002, 1905 ccm, 68 cv 1.9 D, A\u00f1o 03.1994 &#8211; 04.2002, 1929 ccm, 69 cv 1.9 TD, A\u00f1o 03.1994 &#8211; 04.2002, 1929 [&hellip;]<\/p>\n","protected":false},"featured_media":89722,"template":"","meta":{"_seopress_robots_primary_cat":"","_seopress_titles_title":"","_seopress_titles_desc":"","_seopress_robots_index":""},"product_cat":[203,189,182,155,181,23,88,188,156,20,137,138,21,24,122,104,113,142,128],"product_tag":[],"class_list":{"0":"post-89718","1":"product","2":"type-product","3":"status-publish","4":"has-post-thumbnail","6":"product_cat-recambios-peugeot-605","7":"product_cat-recambios-peugeot-806","8":"product_cat-recambios-peugeot-807","9":"product_cat-recambios-peugeot-boxer","10":"product_cat-recambios-citroen-c8","11":"product_cat-recambios-citroen","12":"product_cat-recambios-fiat-ducato","13":"product_cat-recambios-citroen-evasion","14":"product_cat-recambios-peugeot-expert","15":"product_cat-recambios-fiat","16":"product_cat-recambios-citroen-jumper","17":"product_cat-recambios-citroen-jumpy","18":"product_cat-recambios-lancia","19":"product_cat-recambios-peugeot","20":"product_cat-recambios-lancia-phedra","21":"product_cat-recambios-fiat-scudo","22":"product_cat-recambios-fiat-ulysse","23":"product_cat-recambios-citroen-xm","24":"product_cat-recambios-lancia-z","26":"first","27":"instock","28":"taxable","29":"shipping-taxable","30":"purchasable","31":"product-type-simple"},"_links":{"self":[{"href":"https:\/\/galicianparts.com\/shop\/wp-json\/wp\/v2\/product\/89718"}],"collection":[{"href":"https:\/\/galicianparts.com\/shop\/wp-json\/wp\/v2\/product"}],"about":[{"href":"https:\/\/galicianparts.com\/shop\/wp-json\/wp\/v2\/types\/product"}],"wp:featuredmedia":[{"embeddable":true,"href":"https:\/\/galicianparts.com\/shop\/wp-json\/wp\/v2\/media\/89722"}],"wp:attachment":[{"href":"https:\/\/galicianparts.com\/shop\/wp-json\/wp\/v2\/media?parent=89718"}],"wp:term":[{"taxonomy":"product_cat","embeddable":true,"href":"https:\/\/galicianparts.com\/shop\/wp-json\/wp\/v2\/product_cat?post=89718"},{"taxonomy":"product_tag","embeddable":true,"href":"https:\/\/galicianparts.com\/shop\/wp-json\/wp\/v2\/product_tag?post=89718"}],"curies":[{"name":"wp","href":"https:\/\/api.w.org\/{rel}","templated":true}]}}