{"id":89866,"date":"2024-08-08T10:42:52","date_gmt":"2024-08-08T08:42:52","guid":{"rendered":"https:\/\/galicianparts.com\/shop\/producto\/790075-pack-2-juntas-cilindro-freno-fiat-131-850-500-600-238-original\/"},"modified":"2024-08-08T10:43:32","modified_gmt":"2024-08-08T08:43:32","slug":"790075-pack-2-juntas-cilindro-freno-fiat-131-850-500-600-238-original","status":"publish","type":"product","link":"https:\/\/galicianparts.com\/shop\/producto\/790075-pack-2-juntas-cilindro-freno-fiat-131-850-500-600-238-original\/","title":{"rendered":"790075 Pack 2 juntas cilindro freno Fiat 131 \/850 \/500 \/600 \/238 ORIGINAL"},"content":{"rendered":"<p>Juego, set de dos juntas de goma del bomb\u00edn del tambor de freno de las ruedas de:<br \/>\nDi\u00e1metro exterior: 22 mm<br \/>\nDi\u00e1metro interior: 14 mm<br \/>\nAltura: 5 mm<\/p>\n<p>FIAT 131 Berlina (131)<br \/>\n1.3 Mirafiori, A\u00f1o 10.1974 &#8211; 09.1981, 1297 ccm, 54 cv<br \/>\n1.3 Mirafiori (131A), A\u00f1o 10.1974 &#8211; 12.1982, 1297 ccm, 65 cv<br \/>\n1.3 Super Mirafiori, A\u00f1o 03.1978 &#8211; 12.1980, 1297 ccm, 78 cv<br \/>\n1.4 Mirafiori, A\u00f1o 11.1980 &#8211; 01.1984, 1367 ccm, 70 cv<br \/>\n1.4 Super Mirafiori, A\u00f1o 04.1981 &#8211; 12.1983, 1367 ccm, 75 cv<br \/>\n1.6, A\u00f1o 11.1976 &#8211; 12.1984, 1585 ccm, 85 cv<br \/>\n1.6 (131A1), A\u00f1o 10.1974 &#8211; 09.1981, 1585 ccm, 75 cv<br \/>\n1.6 Super, A\u00f1o 03.1978 &#8211; 01.1984, 1585 ccm, 97 cv<br \/>\n1.6 Super Mirafiori, A\u00f1o 03.1979 &#8211; 03.1982, 1585 ccm, 98 cv<br \/>\n2.0 Abarth Rally, A\u00f1o 01.1976 &#8211; 07.1980, 1995 ccm, 140 cv<br \/>\n2.0 D, A\u00f1o 03.1978 &#8211; 03.1987, 1995 ccm, 60 cv<br \/>\n2.0 Racing, A\u00f1o 06.1978 &#8211; 12.1981, 1995 ccm, 115 cv<br \/>\n2.0 Super, A\u00f1o 01.1981 &#8211; 12.1984, 1995 ccm, 113 cv<br \/>\n2.5 D, A\u00f1o 06.1978 &#8211; 02.1984, 2445 ccm, 72 cv<br \/>\nFIAT 131 Familiare \/ Panorama (131)<br \/>\n1.3 Mirafiori (131AF), A\u00f1o 03.1975 &#8211; 12.1978, 1297 ccm, 54 cv<br \/>\n1.3 Mirafiori, A\u00f1o 03.1975 &#8211; 03.1982, 1297 ccm, 65 cv<br \/>\n1.4 Mirafiori, A\u00f1o 11.1981 &#8211; 01.1984, 1367 ccm, 70 cv<br \/>\n1.6, A\u00f1o 11.1980 &#8211; 12.1984, 1585 ccm, 85 cv<br \/>\n1.6 CL, A\u00f1o 03.1975 &#8211; 12.1978, 1585 ccm, 75 cv<br \/>\n1.6 Super, A\u00f1o 12.1979 &#8211; 12.1981, 1585 ccm, 97 cv<br \/>\n2.0 Mirafiori (131AF2), A\u00f1o 11.1980 &#8211; 12.1984, 1995 ccm, 114 cv<br \/>\n2.0 Super, A\u00f1o 01.1981 &#8211; 12.1984, 1995 ccm, 113 cv<br \/>\n2.5 S\u00faper di\u00e9sel, A\u00f1o 03.1979 &#8211; 12.1984, 2445 ccm, 72 cv<br \/>\nFIAT 500 Berlina<br \/>\n0.5 (110F), A\u00f1o 01.1965 &#8211; 12.1975, 499 ccm, 18 cv<br \/>\nFIAT 238-Serie Bus<br \/>\n1.4, A\u00f1o 09.1966 &#8211; 06.1976, 1440 ccm, 46 cv<br \/>\n1.4, A\u00f1o 10.1967 &#8211; 06.1982, 1440 ccm, 52 cv<br \/>\nFIAT 850 Spider<br \/>\n0.8, A\u00f1o 10.1965 &#8211; 10.1968, 843 ccm, 49 cv<br \/>\nFIAT 600 Berlina<br \/>\n0.8, A\u00f1o 10.1960 &#8211; 02.1971, 767 ccm, 23 cv<br \/>\nFIAT 850 Berlina<br \/>\n0.8, A\u00f1o 07.1964 &#8211; 10.1972, 843 ccm, 34 cv<br \/>\n0.8, A\u00f1o 07.1964 &#8211; 10.1972, 843 ccm, 37 cv<br \/>\n0.8 Special, A\u00f1o 03.1968 &#8211; 10.1972, 843 ccm, 48 cv<\/p>\n<p>LA PIEZA ES NUEVA Y ORIGINAL.<\/p>\n","protected":false},"excerpt":{"rendered":"<p>Juego, set de dos juntas de goma del bomb\u00edn del tambor de freno de las ruedas de: Di\u00e1metro exterior: 22 mm Di\u00e1metro interior: 14 mm Altura: 5 mm FIAT 131 Berlina (131) 1.3 Mirafiori, A\u00f1o 10.1974 &#8211; 09.1981, 1297 ccm, 54 cv 1.3 Mirafiori (131A), A\u00f1o 10.1974 &#8211; 12.1982, 1297 ccm, 65 cv 1.3 Super [&hellip;]<\/p>\n","protected":false},"featured_media":89868,"template":"","meta":{"_seopress_robots_primary_cat":"","_seopress_titles_title":"","_seopress_titles_desc":"","_seopress_robots_index":""},"product_cat":[70,209,74,75,76,20],"product_tag":[],"class_list":{"0":"post-89866","1":"product","2":"type-product","3":"status-publish","4":"has-post-thumbnail","6":"product_cat-recambios-fiat-131","7":"product_cat-recambios-fiat-238","8":"product_cat-recambios-fiat-500","9":"product_cat-recambios-fiat-600","10":"product_cat-recambios-fiat-850","11":"product_cat-recambios-fiat","13":"first","14":"instock","15":"taxable","16":"shipping-taxable","17":"purchasable","18":"product-type-simple"},"_links":{"self":[{"href":"https:\/\/galicianparts.com\/shop\/wp-json\/wp\/v2\/product\/89866"}],"collection":[{"href":"https:\/\/galicianparts.com\/shop\/wp-json\/wp\/v2\/product"}],"about":[{"href":"https:\/\/galicianparts.com\/shop\/wp-json\/wp\/v2\/types\/product"}],"wp:featuredmedia":[{"embeddable":true,"href":"https:\/\/galicianparts.com\/shop\/wp-json\/wp\/v2\/media\/89868"}],"wp:attachment":[{"href":"https:\/\/galicianparts.com\/shop\/wp-json\/wp\/v2\/media?parent=89866"}],"wp:term":[{"taxonomy":"product_cat","embeddable":true,"href":"https:\/\/galicianparts.com\/shop\/wp-json\/wp\/v2\/product_cat?post=89866"},{"taxonomy":"product_tag","embeddable":true,"href":"https:\/\/galicianparts.com\/shop\/wp-json\/wp\/v2\/product_tag?post=89866"}],"curies":[{"name":"wp","href":"https:\/\/api.w.org\/{rel}","templated":true}]}}