{"id":89902,"date":"2024-08-08T12:46:50","date_gmt":"2024-08-08T10:46:50","guid":{"rendered":"https:\/\/galicianparts.com\/shop\/producto\/46761683-kit-manguitos-modulo-calefaccion-fiat-stilo-1-9jtd-2001-2007-original\/"},"modified":"2024-09-05T17:21:24","modified_gmt":"2024-09-05T15:21:24","slug":"46761683-kit-manguitos-modulo-calefaccion-fiat-stilo-1-9jtd-2001-2007-original","status":"publish","type":"product","link":"https:\/\/galicianparts.com\/shop\/producto\/46761683-kit-manguitos-modulo-calefaccion-fiat-stilo-1-9jtd-2001-2007-original\/","title":{"rendered":"46761683 Kit manguitos m\u00f3dulo calefacci\u00f3n Fiat Stilo 1.9JTD (2001-2007) ORIGINAL"},"content":{"rendered":"<p>Pack de los tubos del m\u00f3dulo de la calefacci\u00f3n de:<br \/>\nFIAT &#8211; 2C STILO (2001-2003) 1.9 JTD 58KW\/80CV \/ 1.9 JTD 85KW\/115CV<br \/>\nFIAT &#8211; 2V STILO F.L.L. 2003 (2003-2007) 1.9 JTD 58KW\/80CV \/ 1.9\u00a0JTD\u00a08V\u00a0100\u00a0CV\/74KW \/ 1.9 JTD 85KW\/115CV<br \/>\nFIAT &#8211; 2V STILO F.L.L. 2003 (2003-2007) 1.9 JTD 58KW\/80CV \/ 1.9\u00a0JTD\u00a08V\u00a0100\u00a0CV\/74KW \/ 1.9 JTD 85KW\/115CV \/ AIRE ACONDICIONADO \/ CLIMATIZADOR\u00a0AUTOM\u00c1TICO<\/p>\n<p>LA PIEZA ES NUEVA Y ORIGINAL.<\/p>\n","protected":false},"excerpt":{"rendered":"<p>Pack de los tubos del m\u00f3dulo de la calefacci\u00f3n de: FIAT &#8211; 2C STILO (2001-2003) 1.9 JTD 58KW\/80CV \/ 1.9 JTD 85KW\/115CV FIAT &#8211; 2V STILO F.L.L. 2003 (2003-2007) 1.9 JTD 58KW\/80CV \/ 1.9\u00a0JTD\u00a08V\u00a0100\u00a0CV\/74KW \/ 1.9 JTD 85KW\/115CV FIAT &#8211; 2V STILO F.L.L. 2003 (2003-2007) 1.9 JTD 58KW\/80CV \/ 1.9\u00a0JTD\u00a08V\u00a0100\u00a0CV\/74KW \/ 1.9 JTD 85KW\/115CV \/ [&hellip;]<\/p>\n","protected":false},"featured_media":89906,"template":"","meta":{"_seopress_robots_primary_cat":"","_seopress_titles_title":"","_seopress_titles_desc":"","_seopress_robots_index":""},"product_cat":[20,108],"product_tag":[],"class_list":{"0":"post-89902","1":"product","2":"type-product","3":"status-publish","4":"has-post-thumbnail","6":"product_cat-recambios-fiat","7":"product_cat-recambios-fiat-stilo","9":"first","10":"outofstock","11":"taxable","12":"shipping-taxable","13":"purchasable","14":"product-type-simple"},"_links":{"self":[{"href":"https:\/\/galicianparts.com\/shop\/wp-json\/wp\/v2\/product\/89902"}],"collection":[{"href":"https:\/\/galicianparts.com\/shop\/wp-json\/wp\/v2\/product"}],"about":[{"href":"https:\/\/galicianparts.com\/shop\/wp-json\/wp\/v2\/types\/product"}],"wp:featuredmedia":[{"embeddable":true,"href":"https:\/\/galicianparts.com\/shop\/wp-json\/wp\/v2\/media\/89906"}],"wp:attachment":[{"href":"https:\/\/galicianparts.com\/shop\/wp-json\/wp\/v2\/media?parent=89902"}],"wp:term":[{"taxonomy":"product_cat","embeddable":true,"href":"https:\/\/galicianparts.com\/shop\/wp-json\/wp\/v2\/product_cat?post=89902"},{"taxonomy":"product_tag","embeddable":true,"href":"https:\/\/galicianparts.com\/shop\/wp-json\/wp\/v2\/product_tag?post=89902"}],"curies":[{"name":"wp","href":"https:\/\/api.w.org\/{rel}","templated":true}]}}