{"id":8997,"date":"2020-11-24T12:03:33","date_gmt":"2020-11-24T10:03:33","guid":{"rendered":"https:\/\/galicianparts.com\/shop\/producto\/98845030-rotula-de-direccion-fiat-doblo-2000-2005-nueva-original\/"},"modified":"2021-09-13T20:12:29","modified_gmt":"2021-09-13T18:12:29","slug":"98845030-rotula-de-direccion-fiat-doblo-2000-2005-nueva-original","status":"publish","type":"product","link":"https:\/\/galicianparts.com\/shop\/producto\/98845030-rotula-de-direccion-fiat-doblo-2000-2005-nueva-original\/","title":{"rendered":"98845030 R\u00f3tula de direcci\u00f3n Fiat \/ Lancia \/ Alfa Romeo NUEVA ORIGINAL"},"content":{"rendered":"<p>R\u00f3tula, articulaci\u00f3n de direcci\u00f3n de:<br \/>\nALFA ROMEO 145 (930) (A\u00f1o 10.1994 &#8211; 01.2001, 90 &#8211; 155 CV, Gas\u00f3leo, Gasolina)<br \/>\nALFA ROMEO 146 (930) (A\u00f1o 12.1994 &#8211; 01.2001, 90 &#8211; 155 CV, Gas\u00f3leo, Gasolina)<br \/>\nALFA ROMEO 155 (167) (A\u00f1o 01.1992 &#8211; 12.1997, 105 &#8211; 190 CV, Gas\u00f3leo, Gasolina)<br \/>\nALFA ROMEO GTV (916, 916C) (A\u00f1o 06.1995 &#8211; 10.2005, 144 &#8211; 240 CV, Gasolina)<br \/>\nALFA ROMEO Spider (916, 916S) (A\u00f1o 09.1994 &#8211; 04.2005, 144 &#8211; 240 CV, Gasolina)<br \/>\nFIAT Brava Hatchback (182) (A\u00f1o 10.1995 &#8211; 12.2002, 90 &#8211; 103 CV, Gasolina)<br \/>\nFIAT Coupe (175) (A\u00f1o 03.1996 &#8211; 08.2000, 131 &#8211; 154 CV, Gasolina)<br \/>\nFIAT Doblo I Cargo (223) (A\u00f1o 03.2001 &#8211; &#8230;, 63 &#8211; 120 CV, Gas\u00f3leo, Gasolina, Gasolina\/Gas natural (CNG))<br \/>\nFIAT Doblo I Familiar (119, 223) (A\u00f1o 03.2001 &#8211; &#8230;, 63 &#8211; 120 CV, Gas\u00f3leo, Gasolina, Gasolina\/Gas natural (CNG))<br \/>\nFIAT Marea Berlina (185) (A\u00f1o 09.1996 &#8211; 08.2002, 75 &#8211; 154 CV, Gas\u00f3leo, Gasolina, Gasolina\/Gas natural (CNG))<br \/>\nFIAT Marea Weekend (185) (A\u00f1o 09.1996 &#8211; 02.2003, 75 &#8211; 154 CV, Gas\u00f3leo, Gasolina)<br \/>\nFIAT Multipla (186) (A\u00f1o 04.1999 &#8211; 06.2010, 92 &#8211; 120 CV, Gas\u00f3leo, Gasolina, Gasolina\/Gas (LPG), Gasolina\/Gas natural (CNG))<br \/>\nFIAT Uno Turbo Hatchback (146) (A\u00f1o 04.1984 &#8211; 12.1996, 45 &#8211; 118 CV, Gas\u00f3leo, Gasolina)<br \/>\nLANCIA Dedra Berlina (835) (A\u00f1o 04.1989 &#8211; 07.1999, 75 &#8211; 162 CV, Gas\u00f3leo, Gasolina)<br \/>\nLANCIA Dedra Familiar (835) (A\u00f1o 07.1994 &#8211; 07.1999, 90 &#8211; 139 CV, Gas\u00f3leo, Gasolina)<br \/>\nLA PIEZA ES NUEVA Y ORIGINAL.<\/p>\n","protected":false},"excerpt":{"rendered":"<p>R\u00f3tula, articulaci\u00f3n de direcci\u00f3n de: ALFA ROMEO 145 (930) (A\u00f1o 10.1994 &#8211; 01.2001, 90 &#8211; 155 CV, Gas\u00f3leo, Gasolina) ALFA ROMEO 146 (930) (A\u00f1o 12.1994 &#8211; 01.2001, 90 &#8211; 155 CV, Gas\u00f3leo, Gasolina) ALFA ROMEO 155 (167) (A\u00f1o 01.1992 &#8211; 12.1997, 105 &#8211; 190 CV, Gas\u00f3leo, Gasolina) ALFA ROMEO GTV (916, 916C) (A\u00f1o 06.1995 &#8211; [&hellip;]<\/p>\n","protected":false},"featured_media":8998,"template":"","meta":{"_seopress_robots_primary_cat":"","_seopress_titles_title":"","_seopress_titles_desc":"","_seopress_robots_index":""},"product_cat":[45,46,48,16,81,85,117,87,20,55,21,95,96,56,114],"product_tag":[],"class_list":{"0":"post-8997","1":"product","2":"type-product","3":"status-publish","4":"has-post-thumbnail","6":"product_cat-recambios-alfa-romeo-145","7":"product_cat-recambios-alfa-romeo-146","8":"product_cat-recambios-alfa-romeo-155","9":"product_cat-recambios-alfa-romeo","10":"product_cat-recambios-fiat-brava","11":"product_cat-recambios-fiat-coupe","12":"product_cat-recambios-lancia-dedra","13":"product_cat-recambios-fiat-doblo","14":"product_cat-recambios-fiat","15":"product_cat-recambios-alfa-romeo-gtv","16":"product_cat-recambios-lancia","17":"product_cat-recambios-fiat-marea","18":"product_cat-recambios-fiat-multipla","19":"product_cat-recambios-alfa-romeo-spider","20":"product_cat-recambios-fiat-uno","22":"first","23":"outofstock","24":"taxable","25":"shipping-taxable","26":"purchasable","27":"product-type-simple"},"_links":{"self":[{"href":"https:\/\/galicianparts.com\/shop\/wp-json\/wp\/v2\/product\/8997"}],"collection":[{"href":"https:\/\/galicianparts.com\/shop\/wp-json\/wp\/v2\/product"}],"about":[{"href":"https:\/\/galicianparts.com\/shop\/wp-json\/wp\/v2\/types\/product"}],"wp:featuredmedia":[{"embeddable":true,"href":"https:\/\/galicianparts.com\/shop\/wp-json\/wp\/v2\/media\/8998"}],"wp:attachment":[{"href":"https:\/\/galicianparts.com\/shop\/wp-json\/wp\/v2\/media?parent=8997"}],"wp:term":[{"taxonomy":"product_cat","embeddable":true,"href":"https:\/\/galicianparts.com\/shop\/wp-json\/wp\/v2\/product_cat?post=8997"},{"taxonomy":"product_tag","embeddable":true,"href":"https:\/\/galicianparts.com\/shop\/wp-json\/wp\/v2\/product_tag?post=8997"}],"curies":[{"name":"wp","href":"https:\/\/api.w.org\/{rel}","templated":true}]}}