{"id":90000,"date":"2024-08-09T12:57:16","date_gmt":"2024-08-09T10:57:16","guid":{"rendered":"https:\/\/galicianparts.com\/shop\/producto\/5954785-tirante-pestillo-cerradura-trasera-izq-fiat-uno-duna-elba-nuevo-original\/"},"modified":"2024-08-09T12:58:45","modified_gmt":"2024-08-09T10:58:45","slug":"5954785-tirante-pestillo-cerradura-trasera-izq-fiat-uno-duna-elba-nuevo-original","status":"publish","type":"product","link":"https:\/\/galicianparts.com\/shop\/producto\/5954785-tirante-pestillo-cerradura-trasera-izq-fiat-uno-duna-elba-nuevo-original\/","title":{"rendered":"5954785 Tirante pestillo cerradura trasera izq. Fiat Uno \/Duna \/Elba NUEVO ORIGINAL"},"content":{"rendered":"<p>Varilla del pestillo de cierre de la cerradura de la puerta posterior izquierda de:<br \/>\nFIAT &#8211; 2B DUNA BENZINA\/DIESEL (1986-1990) BLOCAPUERTAS EL\u00c9CTRICO<br \/>\nFIAT &#8211; XP ELBA CSL (1991-1996) BLOCAPUERTAS EL\u00c9CTRICO<br \/>\nFIAT &#8211; XR MILLE (1994-1995) BLOCAPUERTAS EL\u00c9CTRICO<br \/>\nFIAT &#8211; XS MILLE CLIP (1995-1997)<br \/>\nFIAT &#8211; MU UNO DIESEL R\/89 (1989-1995)<br \/>\nFIAT &#8211; 1D UNO MONDO (1995-2010)<br \/>\nFIAT &#8211; 1D UNO MONDO (1995-2010) BASIC (MA) FL 2004<br \/>\nFIAT &#8211; MS UNO R\/89 1.1-1370-1.5 (1989-1995)<br \/>\nFIAT &#8211; MR UNO R\/89 900-1.0-1.1 (1989-1995)<\/p>\n<p>LA PIEZA ES NUEVA Y ORIGINAL.<\/p>\n","protected":false},"excerpt":{"rendered":"<p>Varilla del pestillo de cierre de la cerradura de la puerta posterior izquierda de: FIAT &#8211; 2B DUNA BENZINA\/DIESEL (1986-1990) BLOCAPUERTAS EL\u00c9CTRICO FIAT &#8211; XP ELBA CSL (1991-1996) BLOCAPUERTAS EL\u00c9CTRICO FIAT &#8211; XR MILLE (1994-1995) BLOCAPUERTAS EL\u00c9CTRICO FIAT &#8211; XS MILLE CLIP (1995-1997) FIAT &#8211; MU UNO DIESEL R\/89 (1989-1995) FIAT &#8211; 1D UNO MONDO [&hellip;]<\/p>\n","protected":false},"featured_media":90001,"template":"","meta":{"_seopress_robots_primary_cat":"","_seopress_titles_title":"","_seopress_titles_desc":"","_seopress_robots_index":""},"product_cat":[89,90,20,114],"product_tag":[],"class_list":{"0":"post-90000","1":"product","2":"type-product","3":"status-publish","4":"has-post-thumbnail","6":"product_cat-recambios-fiat-duna","7":"product_cat-recambios-fiat-elba","8":"product_cat-recambios-fiat","9":"product_cat-recambios-fiat-uno","11":"first","12":"instock","13":"taxable","14":"shipping-taxable","15":"purchasable","16":"product-type-simple"},"_links":{"self":[{"href":"https:\/\/galicianparts.com\/shop\/wp-json\/wp\/v2\/product\/90000"}],"collection":[{"href":"https:\/\/galicianparts.com\/shop\/wp-json\/wp\/v2\/product"}],"about":[{"href":"https:\/\/galicianparts.com\/shop\/wp-json\/wp\/v2\/types\/product"}],"wp:featuredmedia":[{"embeddable":true,"href":"https:\/\/galicianparts.com\/shop\/wp-json\/wp\/v2\/media\/90001"}],"wp:attachment":[{"href":"https:\/\/galicianparts.com\/shop\/wp-json\/wp\/v2\/media?parent=90000"}],"wp:term":[{"taxonomy":"product_cat","embeddable":true,"href":"https:\/\/galicianparts.com\/shop\/wp-json\/wp\/v2\/product_cat?post=90000"},{"taxonomy":"product_tag","embeddable":true,"href":"https:\/\/galicianparts.com\/shop\/wp-json\/wp\/v2\/product_tag?post=90000"}],"curies":[{"name":"wp","href":"https:\/\/api.w.org\/{rel}","templated":true}]}}