{"id":90052,"date":"2024-08-12T10:14:27","date_gmt":"2024-08-12T08:14:27","guid":{"rendered":"https:\/\/galicianparts.com\/shop\/producto\/9624596880-polea-ciguenal-m-1-9d-fiat-scudo-98-06-citroen-peugeot-nueva-original\/"},"modified":"2026-03-06T14:10:11","modified_gmt":"2026-03-06T12:10:11","slug":"9624596880-polea-ciguenal-m-1-9d-fiat-scudo-98-06-citroen-peugeot-nueva-original","status":"publish","type":"product","link":"https:\/\/galicianparts.com\/shop\/producto\/9624596880-polea-ciguenal-m-1-9d-fiat-scudo-98-06-citroen-peugeot-nueva-original\/","title":{"rendered":"9624596880 Polea cig\u00fce\u00f1al M 1.9D Fiat Scudo (98-06) Citro\u00ebn \/Peugeot NUEVA ORIGINAL"},"content":{"rendered":"<p>Dumper, polea del cig\u00fce\u00f1al de la correa de instrumentos de:<br \/>\nDi\u00e1metro: 153 mm<br \/>\nAncho: 25 mm<br \/>\nN\u00famero de nervaturas: 6<\/p>\n<p>FIAT Scudo I (220)<br \/>\n1.9 D, A\u00f1o 04.1998 &#8211; 12.2006, 1868 ccm, 69 cv<\/p>\n<p>CITRO\u00cbN C15 Furgoneta<br \/>\n1.9 D, A\u00f1o 12.2000 &#8211; 12.2005, 1868 ccm, 60 cv<br \/>\nCITRO\u00cbN Jumpy I<br \/>\n1.9 D 70, A\u00f1o 04.1998 &#8211; 11.2003, 1868 ccm, 69 cv<br \/>\nCITRO\u00cbN Berlingo \/ Berlingo First I Furgoneta (M)<br \/>\n1.9 D 70, A\u00f1o 04.1999 &#8211; 12.2011, 1868 ccm, 69 cv<br \/>\n1.9 D 70 4WD, A\u00f1o 07.1998 &#8211; 03.2006, 1868 ccm, 69 cv<br \/>\nCITRO\u00cbN Berlingo \/ Berlingo First I (MF, GJK, GFK)<br \/>\n1.9 D, A\u00f1o 07.1998 &#8211; 10.2005, 1868 ccm, 70 cv<br \/>\n1.9 D 4WD, A\u00f1o 07.1998 &#8211; 10.2005, 1868 ccm, 69 cv<br \/>\nCITRO\u00cbN Xsara Hatchback (N1)<br \/>\n1.9 D, A\u00f1o 07.1998 &#8211; 03.2005, 1868 ccm, 70 cv<\/p>\n<p>PEUGEOT 306<br \/>\n1.9 D, A\u00f1o 09.1998 &#8211; 05.2001, 1868 ccm, 69 cv<br \/>\nPEUGEOT Expert I (224)<br \/>\n1.9 D, A\u00f1o 12.2003 &#8211; 12.2006, 1868 ccm, 69 cv<br \/>\nPEUGEOT Partner I<br \/>\n1.9 D, A\u00f1o 06.1996 &#8211; 12.2015, 1868 ccm, 69 cv<br \/>\n1.9 D 4&#215;4, A\u00f1o 04.2004 &#8211; 07.2011, 1868 ccm, 69 cv<br \/>\nPEUGEOT 206 (2A\/C)<br \/>\n1.9 D, A\u00f1o 09.1998 &#8211; 11.2001, 1868 ccm, 69 cv<\/p>\n<p>LA PIEZA ES NUEVA Y ORIGINAL.<\/p>\n","protected":false},"excerpt":{"rendered":"<p>Dumper, polea del cig\u00fce\u00f1al de la correa de instrumentos de: Di\u00e1metro: 153 mm Ancho: 25 mm N\u00famero de nervaturas: 6 FIAT Scudo I (220) 1.9 D, A\u00f1o 04.1998 &#8211; 12.2006, 1868 ccm, 69 cv CITRO\u00cbN C15 Furgoneta 1.9 D, A\u00f1o 12.2000 &#8211; 12.2005, 1868 ccm, 60 cv CITRO\u00cbN Jumpy I 1.9 D 70, A\u00f1o 04.1998 [&hellip;]<\/p>\n","protected":false},"featured_media":90056,"template":"","meta":{"_seopress_robots_primary_cat":"","_seopress_titles_title":"","_seopress_titles_desc":"","_seopress_robots_index":""},"product_cat":[146,147,129,131,23,156,20,138,158,24,104,143],"product_tag":[],"class_list":{"0":"post-90052","1":"product","2":"type-product","3":"status-publish","4":"has-post-thumbnail","6":"product_cat-recambios-peugeot-206","7":"product_cat-recambios-peugeot-306","8":"product_cat-recambios-citroen-berlingo","9":"product_cat-recambios-citroen-c15","10":"product_cat-recambios-citroen","11":"product_cat-recambios-peugeot-expert","12":"product_cat-recambios-fiat","13":"product_cat-recambios-citroen-jumpy","14":"product_cat-recambios-peugeot-partner","15":"product_cat-recambios-peugeot","16":"product_cat-recambios-fiat-scudo","17":"product_cat-recambios-citroen-xsara","19":"first","20":"outofstock","21":"taxable","22":"shipping-taxable","23":"purchasable","24":"product-type-simple"},"_links":{"self":[{"href":"https:\/\/galicianparts.com\/shop\/wp-json\/wp\/v2\/product\/90052"}],"collection":[{"href":"https:\/\/galicianparts.com\/shop\/wp-json\/wp\/v2\/product"}],"about":[{"href":"https:\/\/galicianparts.com\/shop\/wp-json\/wp\/v2\/types\/product"}],"wp:featuredmedia":[{"embeddable":true,"href":"https:\/\/galicianparts.com\/shop\/wp-json\/wp\/v2\/media\/90056"}],"wp:attachment":[{"href":"https:\/\/galicianparts.com\/shop\/wp-json\/wp\/v2\/media?parent=90052"}],"wp:term":[{"taxonomy":"product_cat","embeddable":true,"href":"https:\/\/galicianparts.com\/shop\/wp-json\/wp\/v2\/product_cat?post=90052"},{"taxonomy":"product_tag","embeddable":true,"href":"https:\/\/galicianparts.com\/shop\/wp-json\/wp\/v2\/product_tag?post=90052"}],"curies":[{"name":"wp","href":"https:\/\/api.w.org\/{rel}","templated":true}]}}