{"id":90119,"date":"2024-08-13T10:29:36","date_gmt":"2024-08-13T08:29:36","guid":{"rendered":"https:\/\/galicianparts.com\/shop\/producto\/5971949-union-ejes-mariposa-admision-fiat-croma-cht-1990-1992-nuevo-original\/"},"modified":"2025-10-21T12:30:34","modified_gmt":"2025-10-21T10:30:34","slug":"5971949-union-ejes-mariposa-admision-fiat-croma-cht-1990-1992-nuevo-original","status":"publish","type":"product","link":"https:\/\/galicianparts.com\/shop\/producto\/5971949-union-ejes-mariposa-admision-fiat-croma-cht-1990-1992-nuevo-original\/","title":{"rendered":"5971949 Uni\u00f3n ejes mariposa admisi\u00f3n Fiat Croma CHT (1990-1992) NUEVO ORIGINAL"},"content":{"rendered":"<p>Racor, uni\u00f3n de pl\u00e1stico de los ejes de la mariposa de la admisi\u00f3n de:<br \/>\nLargo: 24 mm<br \/>\nDi\u00e1metro: 10,6 mm<\/p>\n<p>FIAT &#8211; MZ CROMA CHT FL.90 (1990-1992)<\/p>\n<p>LA PIEZA ES NUEVA Y ORIGINAL.<\/p>\n","protected":false},"excerpt":{"rendered":"<p>Racor, uni\u00f3n de pl\u00e1stico de los ejes de la mariposa de la admisi\u00f3n de: Largo: 24 mm Di\u00e1metro: 10,6 mm FIAT &#8211; MZ CROMA CHT FL.90 (1990-1992) LA PIEZA ES NUEVA Y ORIGINAL.<\/p>\n","protected":false},"featured_media":90121,"template":"","meta":{"_seopress_robots_primary_cat":"","_seopress_titles_title":"","_seopress_titles_desc":"","_seopress_robots_index":""},"product_cat":[86,20],"product_tag":[],"class_list":{"0":"post-90119","1":"product","2":"type-product","3":"status-publish","4":"has-post-thumbnail","6":"product_cat-recambios-fiat-croma","7":"product_cat-recambios-fiat","9":"first","10":"instock","11":"taxable","12":"shipping-taxable","13":"purchasable","14":"product-type-simple"},"_links":{"self":[{"href":"https:\/\/galicianparts.com\/shop\/wp-json\/wp\/v2\/product\/90119"}],"collection":[{"href":"https:\/\/galicianparts.com\/shop\/wp-json\/wp\/v2\/product"}],"about":[{"href":"https:\/\/galicianparts.com\/shop\/wp-json\/wp\/v2\/types\/product"}],"wp:featuredmedia":[{"embeddable":true,"href":"https:\/\/galicianparts.com\/shop\/wp-json\/wp\/v2\/media\/90121"}],"wp:attachment":[{"href":"https:\/\/galicianparts.com\/shop\/wp-json\/wp\/v2\/media?parent=90119"}],"wp:term":[{"taxonomy":"product_cat","embeddable":true,"href":"https:\/\/galicianparts.com\/shop\/wp-json\/wp\/v2\/product_cat?post=90119"},{"taxonomy":"product_tag","embeddable":true,"href":"https:\/\/galicianparts.com\/shop\/wp-json\/wp\/v2\/product_tag?post=90119"}],"curies":[{"name":"wp","href":"https:\/\/api.w.org\/{rel}","templated":true}]}}