{"id":90156,"date":"2024-08-13T12:48:42","date_gmt":"2024-08-13T10:48:42","guid":{"rendered":"https:\/\/galicianparts.com\/shop\/producto\/7643294-buje-rueda-delantera-fiat-uno-turbo-fiorino-duna-elba-nuevo-original\/"},"modified":"2025-10-28T14:35:41","modified_gmt":"2025-10-28T12:35:41","slug":"7643294-buje-rueda-delantera-fiat-uno-turbo-fiorino-duna-elba-nuevo-original","status":"publish","type":"product","link":"https:\/\/galicianparts.com\/shop\/producto\/7643294-buje-rueda-delantera-fiat-uno-turbo-fiorino-duna-elba-nuevo-original\/","title":{"rendered":"7643294 Buje rueda delantera Fiat Uno Turbo \/Fiorino \/Duna \/Elba NUEVO ORIGINAL"},"content":{"rendered":"<p>Buje de las ruedas delanteras de:<br \/>\nN\u00famero de dientes: 22<br \/>\nLargo: 79 mm<br \/>\nDi\u00e1metro: 117 mm<br \/>\nDi\u00e1metro interior: 26,5 mm<br \/>\nDi\u00e1metro buje de rueda: 58 mm<br \/>\nDi\u00e1metro rodamiento rueda: 35 mm<\/p>\n<p>FIAT &#8211; 2B DUNA BENZINA\/DIESEL (1986-1990)<br \/>\nFIAT &#8211; XP ELBA CSL (1991-1996)<br \/>\nFIAT &#8211; XR MILLE (1994-1995) 1000 SPI<br \/>\nFIAT &#8211; XR MILLE (1994-1995) 1697 DS<br \/>\nFIAT &#8211; XS MILLE CLIP (1995-1997) 1697 DS<br \/>\nFIAT &#8211; ML UNO CS (1988-1990)<br \/>\nFIAT &#8211; MU UNO DIESEL R\/89 (1989-1995) 1367 TURBO \/ 1697 ASPIRADO \/ 1930 ASPIRADO<br \/>\nFIAT &#8211; 1D UNO MONDO (1995-2010) 1697 DS EM08 \/ INDIA<br \/>\nFIAT &#8211; 1D UNO MONDO (1995-2010) 1697 DS EM08 \/ URUGUAY \/ 1697 DS EM08 \/ PAKISTAN \/ 1697 DS EM08 \/ MARUECOS<br \/>\nFIAT &#8211; MT UNO TURBO R\/89 (1989-1993)<br \/>\nFIAT PROFESSIONAL &#8211; 2M FIORINO (1991-1993)<\/p>\n<p>LA PIEZA ES NUEVA Y ORIGINAL.<\/p>\n","protected":false},"excerpt":{"rendered":"<p>Buje de las ruedas delanteras de: N\u00famero de dientes: 22 Largo: 79 mm Di\u00e1metro: 117 mm Di\u00e1metro interior: 26,5 mm Di\u00e1metro buje de rueda: 58 mm Di\u00e1metro rodamiento rueda: 35 mm FIAT &#8211; 2B DUNA BENZINA\/DIESEL (1986-1990) FIAT &#8211; XP ELBA CSL (1991-1996) FIAT &#8211; XR MILLE (1994-1995) 1000 SPI FIAT &#8211; XR MILLE (1994-1995) [&hellip;]<\/p>\n","protected":false},"featured_media":90160,"template":"","meta":{"_seopress_robots_primary_cat":"","_seopress_titles_title":"","_seopress_titles_desc":"","_seopress_robots_index":""},"product_cat":[89,90,20,91,114],"product_tag":[],"class_list":{"0":"post-90156","1":"product","2":"type-product","3":"status-publish","4":"has-post-thumbnail","6":"product_cat-recambios-fiat-duna","7":"product_cat-recambios-fiat-elba","8":"product_cat-recambios-fiat","9":"product_cat-recambios-fiat-fiorino","10":"product_cat-recambios-fiat-uno","12":"first","13":"outofstock","14":"taxable","15":"shipping-taxable","16":"purchasable","17":"product-type-simple"},"_links":{"self":[{"href":"https:\/\/galicianparts.com\/shop\/wp-json\/wp\/v2\/product\/90156"}],"collection":[{"href":"https:\/\/galicianparts.com\/shop\/wp-json\/wp\/v2\/product"}],"about":[{"href":"https:\/\/galicianparts.com\/shop\/wp-json\/wp\/v2\/types\/product"}],"wp:featuredmedia":[{"embeddable":true,"href":"https:\/\/galicianparts.com\/shop\/wp-json\/wp\/v2\/media\/90160"}],"wp:attachment":[{"href":"https:\/\/galicianparts.com\/shop\/wp-json\/wp\/v2\/media?parent=90156"}],"wp:term":[{"taxonomy":"product_cat","embeddable":true,"href":"https:\/\/galicianparts.com\/shop\/wp-json\/wp\/v2\/product_cat?post=90156"},{"taxonomy":"product_tag","embeddable":true,"href":"https:\/\/galicianparts.com\/shop\/wp-json\/wp\/v2\/product_tag?post=90156"}],"curies":[{"name":"wp","href":"https:\/\/api.w.org\/{rel}","templated":true}]}}