{"id":90339,"date":"2024-08-19T10:56:37","date_gmt":"2024-08-19T08:56:37","guid":{"rendered":"https:\/\/galicianparts.com\/shop\/producto\/7722492-tapon-m8-purgador-refrigerante-fiat-uno-seicento-croma-lancia-y10-original\/"},"modified":"2026-03-20T14:20:52","modified_gmt":"2026-03-20T12:20:52","slug":"7722492-tapon-m8-purgador-refrigerante-fiat-uno-seicento-croma-lancia-y10-original","status":"publish","type":"product","link":"https:\/\/galicianparts.com\/shop\/producto\/7722492-tapon-m8-purgador-refrigerante-fiat-uno-seicento-croma-lancia-y10-original\/","title":{"rendered":"7722492 Tap\u00f3n M8 purgador refrigerante Fiat Uno \/Seicento \/Croma \/Lancia Y10 ORIGINAL"},"content":{"rendered":"<p>Tornillo purgador del m\u00f3dulo de la calefacci\u00f3n, manguitos de la bomba de agua, del radiador de refrigeraci\u00f3n del motor, etc&#8230; de:<br \/>\nM\u00e9trica: 8 mm<br \/>\nLargo total: 20 mm<\/p>\n<p>FIAT &#8211; MD 126 BIS (1987-1999)<br \/>\nFIAT &#8211; NM CINQUECENTO (1992-1998) 704 CARB. \/ 704 CARB.USA&#8217;83<br \/>\nFIAT &#8211; NM CINQUECENTO (1992-1998) 903 CARB. \/ 903 SPI\u00bbW\u00bb USA&#8217;83 \/ 899 SPI\u00bbW\u00bb \/ 899 CARB.<br \/>\nFIAT &#8211; NM CINQUECENTO (1992-1998) 1108 SPI\u00bbW\u00bbCF2<br \/>\nFIAT &#8211; MZ CROMA CHT FL.90 (1990-1992) AIRE ACONDICIONADO<br \/>\nFIAT &#8211; 2B DUNA (1986-1990) 1100 BZ \/ 1300 BZ<br \/>\nFIAT &#8211; XP ELBA CSL (1991-1996)<br \/>\nFIAT &#8211; XR MILLE (1994-1995) 1000 SPI<br \/>\nFIAT &#8211; XR MILLE (1994-1995) 1697 DS<br \/>\nFIAT &#8211; XS MILLE CLIP (1995-1997) 994 SPI<br \/>\nFIAT &#8211; 1E SEICENTO (1998-2010) 899 SPI<br \/>\nFIAT &#8211; 1E SEICENTO (1998-2010) 1108 SPI<br \/>\nFIAT &#8211; 1E SEICENTO (1998-2010) 1108 MPI<br \/>\nFIAT &#8211; 1H SEICENTO ELETTRA (1998-2003)<br \/>\nFIAT &#8211; MV TEMPRA (1989-1993) 1370 \/ 1580<br \/>\nFIAT &#8211; NY TEMPRA MAQ.93 (&#8217;93-&#8217;96) 1580 CARB.<br \/>\nFIAT &#8211; ME TIPO (1987-1993) 1100 CARB.<br \/>\nFIAT &#8211; ME TIPO (1987-1993) 1370 CARB. (69CV) \/ 1370 CARB. (76CV) \/ 1370 CARB. DAV-15 \/ 1370 SPI \/ 1580 CARB. (81CV) \/ 1580 CARB. (85CV) \/ 1580 SPI (78CV) \/ 1580 SPI (75CV)<br \/>\nFIAT &#8211; NS TIPO MQ.93 (1993-1995) 1372 SPI MONOJETRONIC \/ 1372 CARB. \/ 1580 SPI \/ 1580 SPI SELECTA \/ 1580 CARB.(95 RON) \/ 1372 SPI MM<br \/>\nFIAT &#8211; NS TIPO MQ.93 1370-1580 (1993-1995) 1108 SPI<br \/>\nFIAT &#8211; ML UNO CS (1988-1990)<br \/>\nFIAT &#8211; MR UNO R\/89 (1989-1995) 903<br \/>\nFIAT &#8211; MR UNO R\/89 (1989-1995) 994 SPI<br \/>\nLANCIA &#8211; RY DEDRA BENZINA (1989-1994) 1600 \/ 1600 USA&#8217;83 MONOJETRONIC \/ 1600 USA&#8217;83 MONOJMORONIC<br \/>\nLANCIA &#8211; ZL Y10 FL.89 (1988-1992)<br \/>\nFIAT PROFESSIONAL &#8211; ND DUCATO 4X4 R.90 (1990-1994)<br \/>\nFIAT PROFESSIONAL &#8211; 2M FIORINO (1991-1993) 1116 CARB \/ 1300 CARB \/ 1500 SPI USA&#8217;83<br \/>\nFIAT PROFESSIONAL &#8211; 2N FIORINO RL (1993-2000) 1372 SPI \/ 1580 SPI \/ 1301 CARB. \/ 1372 SPI C.F.2 \/ 1580 SPI C.F.2<br \/>\nFIAT PROFESSIONAL &#8211; 2N FIORINO RL (1993-2000) 1697 DS<br \/>\nFIAT PROFESSIONAL &#8211; NB NUOVO DUCATO BZ R.90 (1990-1994)<br \/>\nFIAT PROFESSIONAL &#8211; NA NUOVO DUCATO DS.R.90 (1990-1994)<br \/>\nFIAT PROFESSIONAL &#8211; NC TALENTO R.90 (1990-1994)<br \/>\nAUTOBIANCHI &#8211; Y10 (1988-1992)<br \/>\nCITROEN &#8211; C25 (1990-1994)<br \/>\nPEUGEOT &#8211; J5 (1990-1994)<\/p>\n<p>LA PIEZA ES NUEVA Y ORIGINAL.<\/p>\n","protected":false},"excerpt":{"rendered":"<p>Tornillo purgador del m\u00f3dulo de la calefacci\u00f3n, manguitos de la bomba de agua, del radiador de refrigeraci\u00f3n del motor, etc&#8230; de: M\u00e9trica: 8 mm Largo total: 20 mm FIAT &#8211; MD 126 BIS (1987-1999) FIAT &#8211; NM CINQUECENTO (1992-1998) 704 CARB. \/ 704 CARB.USA&#8217;83 FIAT &#8211; NM CINQUECENTO (1992-1998) 903 CARB. \/ 903 SPI\u00bbW\u00bb USA&#8217;83 [&hellip;]<\/p>\n","protected":false},"featured_media":90344,"template":"","meta":{"_seopress_robots_primary_cat":"","_seopress_titles_title":"","_seopress_titles_desc":"","_seopress_robots_index":""},"product_cat":[67,25,132,84,23,86,117,88,89,90,20,91,157,21,24,106,110,111,112,114,64,126],"product_tag":[],"class_list":{"0":"post-90339","1":"product","2":"type-product","3":"status-publish","4":"has-post-thumbnail","6":"product_cat-recambios-fiat-126","7":"product_cat-recambios-autobianchi","8":"product_cat-recambios-citroen-c25","9":"product_cat-recambios-fiat-cinquecento","10":"product_cat-recambios-citroen","11":"product_cat-recambios-fiat-croma","12":"product_cat-recambios-lancia-dedra","13":"product_cat-recambios-fiat-ducato","14":"product_cat-recambios-fiat-duna","15":"product_cat-recambios-fiat-elba","16":"product_cat-recambios-fiat","17":"product_cat-recambios-fiat-fiorino","18":"product_cat-recambios-peugeot-j5","19":"product_cat-recambios-lancia","20":"product_cat-recambios-peugeot","21":"product_cat-recambios-fiat-seicento","22":"product_cat-recambios-fiat-talento","23":"product_cat-recambios-fiat-tempra","24":"product_cat-recambios-fiat-tipo","25":"product_cat-recambios-fiat-uno","26":"product_cat-recambios-autobianchi-y10","27":"product_cat-recambios-lancia-y10","29":"first","30":"instock","31":"taxable","32":"shipping-taxable","33":"purchasable","34":"product-type-simple"},"_links":{"self":[{"href":"https:\/\/galicianparts.com\/shop\/wp-json\/wp\/v2\/product\/90339"}],"collection":[{"href":"https:\/\/galicianparts.com\/shop\/wp-json\/wp\/v2\/product"}],"about":[{"href":"https:\/\/galicianparts.com\/shop\/wp-json\/wp\/v2\/types\/product"}],"wp:featuredmedia":[{"embeddable":true,"href":"https:\/\/galicianparts.com\/shop\/wp-json\/wp\/v2\/media\/90344"}],"wp:attachment":[{"href":"https:\/\/galicianparts.com\/shop\/wp-json\/wp\/v2\/media?parent=90339"}],"wp:term":[{"taxonomy":"product_cat","embeddable":true,"href":"https:\/\/galicianparts.com\/shop\/wp-json\/wp\/v2\/product_cat?post=90339"},{"taxonomy":"product_tag","embeddable":true,"href":"https:\/\/galicianparts.com\/shop\/wp-json\/wp\/v2\/product_tag?post=90339"}],"curies":[{"name":"wp","href":"https:\/\/api.w.org\/{rel}","templated":true}]}}