{"id":90354,"date":"2024-08-19T11:31:18","date_gmt":"2024-08-19T09:31:18","guid":{"rendered":"https:\/\/galicianparts.com\/shop\/producto\/46403659-correa-distribucion-fiat-punto-500-stilo-lancia-ypsilon-alfa-original\/"},"modified":"2025-10-24T12:54:48","modified_gmt":"2025-10-24T10:54:48","slug":"46403659-correa-distribucion-fiat-punto-500-stilo-lancia-ypsilon-alfa-original","status":"publish","type":"product","link":"https:\/\/galicianparts.com\/shop\/producto\/46403659-correa-distribucion-fiat-punto-500-stilo-lancia-ypsilon-alfa-original\/","title":{"rendered":"46403659 Correa distribuci\u00f3n Fiat Punto \/500 \/Stilo \/Lancia Ypsilon \/Alfa ORIGINAL"},"content":{"rendered":"<p>Correa dentada del motor de:<br \/>\nN\u00ba de Dientes: 124<br \/>\nLargo: 992 mm<br \/>\nAncho: 22 mm<\/p>\n<p>FIAT Punto I (176)<br \/>\n1.2 16V, A\u00f1o 04.1997 &#8211; 09.1999, 1242 ccm, 86 cv<br \/>\nFIAT Brava Hatchback (182)<br \/>\n1.2 16V 80, A\u00f1o 10.2000 &#8211; 10.2001, 1242 ccm, 80 cv<br \/>\n1.2 16V 80, A\u00f1o 12.1998 &#8211; 12.2002, 1242 ccm, 82 cv<br \/>\nFIAT Bravo I Hatchback (182)<br \/>\n1.2 16V 80, A\u00f1o 10.2000 &#8211; 10.2001, 1242 ccm, 80 cv<br \/>\n1.2 16V 80, A\u00f1o 12.1998 &#8211; 10.2000, 1242 ccm, 82 cv<br \/>\nFIAT Marea (185)<br \/>\n1.2 16V, A\u00f1o 10.1998 &#8211; 05.2002, 1242 ccm, 82 cv<br \/>\nFIAT Palio I Hatchback (178)<br \/>\n1.2, A\u00f1o 03.2000 &#8211; 02.2003, 1242 ccm, 80 cv<br \/>\n1.3, A\u00f1o 06.2004 &#8211; &#8230;, 1242 ccm, 70 cv<br \/>\nFIAT Punto II Hatchback (188)<br \/>\n1.2 16V 80 (188.233, .235, .253, .255, .333, .353, .639,&#8230;, A\u00f1o 09.1999 &#8211; 04.2006, 1242 ccm, 80 cv<br \/>\n1.4, A\u00f1o 09.2003 &#8211; 03.2012, 1368 ccm, 95 cv<br \/>\nFIAT Siena (178, 172)<br \/>\n1.3, A\u00f1o 09.2001 &#8211; 12.2009, 1242 ccm, 80 cv<br \/>\nFIAT Stilo (192)<br \/>\n1.2 16V, A\u00f1o 02.2002 &#8211; 11.2006, 1242 ccm, 80 cv<br \/>\n1.4 16V, A\u00f1o 03.2005 &#8211; 11.2006, 1368 ccm, 90 cv<br \/>\n1.4 16V (192AXH1B, 192BXH1B), A\u00f1o 10.2003 &#8211; 12.2006, 1368 ccm, 95 cv<br \/>\nFIAT Panda II Hatchback (169)<br \/>\n1.4 (169AXE1B), A\u00f1o 10.2006 &#8211; &#8230;, 1368 ccm, 100 cv<br \/>\nFIAT Idea (350)<br \/>\n1.2 16V, A\u00f1o 01.2004 &#8211; &#8230;, 1242 ccm, 80 cv<br \/>\n1.4, A\u00f1o 12.2003 &#8211; &#8230;, 1368 ccm, 90 cv<br \/>\n1.4 16V, A\u00f1o 01.2004 &#8211; &#8230;, 1368 ccm, 95 cv<br \/>\nFIAT Grande Punto Hatchback (199)<br \/>\n1.4 16V (199BXG1B, 199AXG1B), A\u00f1o 10.2005 &#8211; 08.2011, 1368 ccm, 95 cv<br \/>\n1.4 T-Jet (199AXM1A, 199BXM1A, 199BXN1A), A\u00f1o 09.2007 &#8211; &#8230;, 1368 ccm, 120 cv<br \/>\nFIAT Bravo II Hatchback (198)<br \/>\n1.4 (198AXA1B), A\u00f1o 04.2007 &#8211; 12.2014, 1368 ccm, 90 cv<br \/>\n1.4 16V (198AXS1B), A\u00f1o 04.2010 &#8211; 12.2014, 1368 ccm, 140 cv<br \/>\n1.4 LPG (198AXA1B), A\u00f1o 12.2008 &#8211; 12.2014, 1368 ccm, 90 cv<br \/>\n1.4 T-Jet (198AXF1B), A\u00f1o 09.2007 &#8211; 12.2014, 1368 ccm, 150 cv<br \/>\n1.4 T-Jet (198AXG1B), A\u00f1o 10.2007 &#8211; 12.2014, 1368 ccm, 120 cv<br \/>\nFIAT 500 (312)<br \/>\n1.4 (301J410), A\u00f1o 09.2008 &#8211; &#8230;, 1368 ccm, 102 cv<br \/>\n1.4 (312AXC1B, 312CXC1B), A\u00f1o 10.2007 &#8211; &#8230;, 1368 ccm, 100 cv<br \/>\nFIAT Linea (323, 110)<br \/>\n1.4 T-Jet (323AXC1A), A\u00f1o 05.2007 &#8211; &#8230;, 1368 ccm, 120 cv<br \/>\nFIAT Punto Evo Hatchback (199)<br \/>\n1.4 16V, A\u00f1o 10.2009 &#8211; 02.2012, 1368 ccm, 105 cv<br \/>\n1.4 16V (199AXW1A), A\u00f1o 10.2009 &#8211; 02.2012, 1368 ccm, 135 cv<br \/>\nFIAT Doblo II (263)<br \/>\n1.4 (263AXA1A), A\u00f1o 02.2010 &#8211; &#8230;, 1368 ccm, 95 cv<br \/>\n1.4 (263AXG1B, 263AXG1A), A\u00f1o 10.2011 &#8211; &#8230;, 1368 ccm, 120 cv<br \/>\n1.4 Natural Power (263AXG1B), A\u00f1o 02.2010 &#8211; &#8230;, 1368 ccm, 120 cv<br \/>\nFIAT Punto III Hatchback (199)<br \/>\n1.4 Multi Air, A\u00f1o 03.2012 &#8211; &#8230;, 1368 ccm, 105 cv<br \/>\n1.4 Turbo Multi Air, A\u00f1o 03.2012 &#8211; &#8230;, 1368 ccm, 135 cv<br \/>\nFIAT 500L (351, 352)<br \/>\n1.4 (199LYB1B), A\u00f1o 09.2012 &#8211; &#8230;, 1368 ccm, 95 cv<br \/>\n1.4 (199LYF1B), A\u00f1o 10.2013 &#8211; &#8230;, 1368 ccm, 120 cv<br \/>\n1.4 LPG (199LYF1B), A\u00f1o 02.2014 &#8211; &#8230;, 1368 ccm, 120 cv<br \/>\nFIAT 500X (334)<br \/>\n1.4 (334AXC1B), A\u00f1o 09.2014 &#8211; &#8230;, 1368 ccm, 136 cv<br \/>\n1.4 (334AXC1B, 334AXC11), A\u00f1o 09.2014 &#8211; &#8230;, 1368 ccm, 140 cv<br \/>\n1.4 4&#215;4 (334AXF22), A\u00f1o 02.2015 &#8211; 09.2018, 1368 ccm, 163 cv<br \/>\n1.4 4&#215;4 (334AXF22), A\u00f1o 02.2015 &#8211; &#8230;, 1368 ccm, 170 cv<br \/>\n1.4 LPG (334AXL1B), A\u00f1o 03.2017 &#8211; 09.2018, 1368 ccm, 120 cv<br \/>\nFIAT Tipo Berlina (356)<br \/>\n1.4 (356SXA1B), A\u00f1o 10.2015 &#8211; &#8230;, 1368 ccm, 95 cv<br \/>\n1.4 LPG (356SXF1B), A\u00f1o 05.2016 &#8211; 10.2020, 1368 ccm, 120 cv<br \/>\nFIAT 124 Spider (348)<br \/>\n1.4 (348), A\u00f1o 03.2016 &#8211; &#8230;, 1368 ccm, 140 cv<br \/>\nFIAT Tipo  (356)<br \/>\n1.4 (356HXA1B), A\u00f1o 03.2016 &#8211; &#8230;, 1368 ccm, 95 cv<br \/>\n1.4 (356HXF1B), A\u00f1o 03.2016 &#8211; 10.2020, 1368 ccm, 120 cv<br \/>\n1.4 LPG (356HXF1B), A\u00f1o 05.2016 &#8211; 10.2020, 1368 ccm, 120 cv<br \/>\nFIAT Stilo Furg\u00f3n \/ Familiar (192)<br \/>\n1.4 (192DXH1B), A\u00f1o 01.2004 &#8211; 08.2008, 1368 ccm, 95 cv<br \/>\nABARTH 500 \/ 595 \/ 695 Hatchback (312)<br \/>\n1.4 (312.AXD1A), A\u00f1o 08.2008 &#8211; &#8230;, 1368 ccm, 135 cv<br \/>\n1.4 (312.AXF11, 312.AXF1A), A\u00f1o 08.2008 &#8211; &#8230;, 1368 ccm, 180 cv<br \/>\n1.4 (312.AXF11, 312.AXF1A, 312.AXD1A), A\u00f1o 08.2008 &#8211; &#8230;, 1368 ccm, 160 cv<br \/>\n1.4 (312.AXF1A, 312.AXD1A), A\u00f1o 05.2010 &#8211; &#8230;, 1368 ccm, 140 cv<br \/>\n1.4 (312.AXT1A), A\u00f1o 08.2008 &#8211; &#8230;, 1368 ccm, 190 cv<br \/>\n1.4 (312.AXY11, 312.AXY1A), A\u00f1o 05.2016 &#8211; &#8230;, 1368 ccm, 145 cv<br \/>\n1.4 (312.AXZ11), A\u00f1o 05.2016 &#8211; &#8230;, 1368 ccm, 165 cv<br \/>\n1.4 (312.AYB11, 312.AYB1A), A\u00f1o 06.2016 &#8211; &#8230;, 1368 ccm, 163 cv<br \/>\nABARTH 500C \/ 595C \/ 695C Cabrio (312)<br \/>\n1.4 (312.AXD1A), A\u00f1o 05.2008 &#8211; &#8230;, 1368 ccm, 135 cv<br \/>\n1.4 (312.AXF11, 312.AXF1A), A\u00f1o 06.2010 &#8211; &#8230;, 1368 ccm, 180 cv<br \/>\n1.4 (312.AXF1A, 312.AXD1A), A\u00f1o 05.2011 &#8211; &#8230;, 1368 ccm, 160 cv<br \/>\n1.4 (312.AXF1A, 312.AXF11, 312.AXD1A), A\u00f1o 09.2009 &#8211; &#8230;, 1368 ccm, 140 cv<br \/>\n1.4 (312.AXY1A, 312.AXY11), A\u00f1o 05.2016 &#8211; &#8230;, 1368 ccm, 145 cv<br \/>\n1.4 (312.AXZ1A), A\u00f1o 05.2016 &#8211; &#8230;, 1368 ccm, 165 cv<br \/>\nABARTH Grande Punto (199_)<br \/>\n1.4 (199.AXN1B), A\u00f1o 07.2007 &#8211; 06.2010, 1368 ccm, 155 cv<br \/>\n1.4 ESSEESSE \/ SUPERSPORT (199.AXX1B), A\u00f1o 05.2008 &#8211; 06.2010, 1368 ccm, 180 cv<br \/>\nABARTH Punto (199)<br \/>\n1.4 (199.AXX1B), A\u00f1o 03.2012 &#8211; &#8230;, 1368 ccm, 163 cv<br \/>\n1.4 SUPERSPORT (199.AXX1B), A\u00f1o 03.2012 &#8211; &#8230;, 1368 ccm, 180 cv<br \/>\nABARTH 124 Spider (348)<br \/>\n1.4 (348), A\u00f1o 03.2016 &#8211; &#8230;, 1368 ccm, 170 cv<br \/>\nABARTH Punto Evo (199_)<br \/>\n1.4 (199.AXX1B), A\u00f1o 10.2009 &#8211; 02.2012, 1368 ccm, 163 cv<\/p>\n<p>LANCIA Y (840)<br \/>\n1.2 16V, A\u00f1o 04.1997 &#8211; 09.2003, 1242 ccm, 86 cv<br \/>\n1.2 16V, A\u00f1o 10.2000 &#8211; 09.2003, 1242 ccm, 80 cv<br \/>\nLANCIA Ypsilon II (843)<br \/>\n1.2 (843.AXB1A), A\u00f1o 10.2003 &#8211; 12.2011, 1242 ccm, 80 cv<br \/>\n1.4 16V (843.AXC11, 843.AXC1B, 843.AXC1A), A\u00f1o 10.2003 &#8211; 12.2011, 1368 ccm, 95 cv<br \/>\nLANCIA Musa (350)<br \/>\n1.4 (350.AXA11, 350.AXA1A), A\u00f1o 10.2004 &#8211; 09.2012, 1368 ccm, 95 cv<br \/>\n1.4 (350.AXE1A), A\u00f1o 10.2007 &#8211; 09.2012, 1368 ccm, 90 cv<br \/>\nLANCIA Delta III (844)<br \/>\n1.4 (844.AXA1A), A\u00f1o 09.2008 &#8211; 08.2014, 1368 ccm, 120 cv<br \/>\n1.4 (844.AXB1A), A\u00f1o 09.2008 &#8211; 08.2014, 1368 ccm, 150 cv<br \/>\n1.4 16V (844.AXL1A), A\u00f1o 07.2010 &#8211; 08.2014, 1368 ccm, 140 cv<br \/>\n1.4 Bifuel (844.AXA1A), A\u00f1o 07.2011 &#8211; 08.2014, 1368 ccm, 120 cv<\/p>\n<p>ALFA ROMEO MiTo (955)<br \/>\n1.4 (955AXB1B), A\u00f1o 08.2008 &#8211; 08.2013, 1368 ccm, 78 cv<br \/>\n1.4 (955AXB1B, 955.AXF1B), A\u00f1o 09.2008 &#8211; 08.2013, 1368 ccm, 95 cv<br \/>\n1.4 Bifuel (955.AXG1A), A\u00f1o 04.2016 &#8211; 10.2018, 1368 ccm, 120 cv<br \/>\n1.4 Bifuel (955AXG1A), A\u00f1o 01.2009 &#8211; 08.2016, 1368 ccm, 120 cv<br \/>\n1.4 MultiAir (955AXL1B), A\u00f1o 09.2009 &#8211; 08.2013, 1368 ccm, 105 cv<br \/>\n1.4 MultiAir (955AXN1B), A\u00f1o 09.2009 &#8211; 10.2018, 1368 ccm, 170 cv<br \/>\n1.4 TB (955.AYB11, 955.AXB1B), A\u00f1o 12.2013 &#8211; 10.2018, 1368 ccm, 140 cv<br \/>\n1.4 TJet (955AXA1B), A\u00f1o 08.2008 &#8211; 06.2011, 1368 ccm, 155 cv<br \/>\n1.4 TJet (955AXD1B), A\u00f1o 09.2008 &#8211; 06.2011, 1368 ccm, 150 cv<br \/>\n1.4 TJet (955AXG1A), A\u00f1o 08.2008 &#8211; 08.2013, 1368 ccm, 120 cv<br \/>\n1.4 Turbo MultiAir (955AXM1A, 955AXR11), A\u00f1o 10.2009 &#8211; 12.2014, 1368 ccm, 135 cv<br \/>\n1.4 Turbo MultiAir (955AXS1B, 955AXS11), A\u00f1o 10.2009 &#8211; 10.2018, 1368 ccm, 163 cv<br \/>\nALFA ROMEO Giulietta (940)<br \/>\n1.4 BiFuel (940FXA1A, 940FXT1A), A\u00f1o 12.2011 &#8211; 02.2017, 1368 ccm, 120 cv<br \/>\n1.4 TB (940.FYA1A), A\u00f1o 09.2014 &#8211; 10.2018, 1368 ccm, 150 cv<br \/>\n1.4 TB (940FXA1A, 940FXT1A), A\u00f1o 04.2010 &#8211; 12.2020, 1368 ccm, 120 cv<br \/>\n1.4 TB (940FXB1A, 940FXB11), A\u00f1o 04.2010 &#8211; 10.2018, 1368 ccm, 170 cv<br \/>\n1.4 TB (940FXF1A), A\u00f1o 04.2010 &#8211; 02.2016, 1368 ccm, 116 cv<br \/>\n1.4 TB (940FXG1A), A\u00f1o 04.2010 &#8211; 10.2018, 1368 ccm, 163 cv<br \/>\n1.4 TB (940FXN1A, 940FXU1A), A\u00f1o 04.2011 &#8211; 02.2017, 1368 ccm, 105 cv<\/p>\n<p>LA PIEZA ES NUEVA Y ORIGINAL.<\/p>\n","protected":false},"excerpt":{"rendered":"<p>Correa dentada del motor de: N\u00ba de Dientes: 124 Largo: 992 mm Ancho: 22 mm FIAT Punto I (176) 1.2 16V, A\u00f1o 04.1997 &#8211; 09.1999, 1242 ccm, 86 cv FIAT Brava Hatchback (182) 1.2 16V 80, A\u00f1o 10.2000 &#8211; 10.2001, 1242 ccm, 80 cv 1.2 16V 80, A\u00f1o 12.1998 &#8211; 12.2002, 1242 ccm, 82 cv [&hellip;]<\/p>\n","protected":false},"featured_media":90356,"template":"","meta":{"_seopress_robots_primary_cat":"","_seopress_titles_title":"","_seopress_titles_desc":"","_seopress_robots_index":""},"product_cat":[65,74,16,81,82,118,87,20,53,92,93,21,94,95,47,121,99,101,107,108,112,127],"product_tag":[],"class_list":{"0":"post-90354","1":"product","2":"type-product","3":"status-publish","4":"has-post-thumbnail","6":"product_cat-recambios-fiat-124","7":"product_cat-recambios-fiat-500","8":"product_cat-recambios-alfa-romeo","9":"product_cat-recambios-fiat-brava","10":"product_cat-recambios-fiat-bravo","11":"product_cat-recambios-lancia-delta","12":"product_cat-recambios-fiat-doblo","13":"product_cat-recambios-fiat","14":"product_cat-recambios-alfa-romeo-giulietta","15":"product_cat-recambios-fiat-grande-punto","16":"product_cat-recambios-fiat-idea","17":"product_cat-recambios-lancia","18":"product_cat-recambios-fiat-linea","19":"product_cat-recambios-fiat-marea","20":"product_cat-recambios-alfa-romeo-mito","21":"product_cat-recambios-lancia-musa","22":"product_cat-recambios-fiat-panda","23":"product_cat-recambios-fiat-punto","24":"product_cat-recambios-fiat-siena","25":"product_cat-recambios-fiat-stilo","26":"product_cat-recambios-fiat-tipo","27":"product_cat-recambios-lancia-ypsilon","29":"first","30":"instock","31":"taxable","32":"shipping-taxable","33":"purchasable","34":"product-type-simple"},"_links":{"self":[{"href":"https:\/\/galicianparts.com\/shop\/wp-json\/wp\/v2\/product\/90354"}],"collection":[{"href":"https:\/\/galicianparts.com\/shop\/wp-json\/wp\/v2\/product"}],"about":[{"href":"https:\/\/galicianparts.com\/shop\/wp-json\/wp\/v2\/types\/product"}],"wp:featuredmedia":[{"embeddable":true,"href":"https:\/\/galicianparts.com\/shop\/wp-json\/wp\/v2\/media\/90356"}],"wp:attachment":[{"href":"https:\/\/galicianparts.com\/shop\/wp-json\/wp\/v2\/media?parent=90354"}],"wp:term":[{"taxonomy":"product_cat","embeddable":true,"href":"https:\/\/galicianparts.com\/shop\/wp-json\/wp\/v2\/product_cat?post=90354"},{"taxonomy":"product_tag","embeddable":true,"href":"https:\/\/galicianparts.com\/shop\/wp-json\/wp\/v2\/product_tag?post=90354"}],"curies":[{"name":"wp","href":"https:\/\/api.w.org\/{rel}","templated":true}]}}