{"id":90377,"date":"2024-08-19T12:08:04","date_gmt":"2024-08-19T10:08:04","guid":{"rendered":"https:\/\/galicianparts.com\/shop\/producto\/7665796-deposito-limpiapabrisas-fiat-tempra-1989-1993-nuevo-original\/"},"modified":"2024-08-19T12:10:23","modified_gmt":"2024-08-19T10:10:23","slug":"7665796-deposito-limpiapabrisas-fiat-tempra-1989-1993-nuevo-original","status":"publish","type":"product","link":"https:\/\/galicianparts.com\/shop\/producto\/7665796-deposito-limpiapabrisas-fiat-tempra-1989-1993-nuevo-original\/","title":{"rendered":"7665796 Dep\u00f3sito limpiapabrisas Fiat Tempra (1989-1993) NUEVO ORIGINAL"},"content":{"rendered":"<p>Dep\u00f3sito con el motor del rociador del l\u00edquido del limpiaparabrisas de:<br \/>\nFIAT &#8211; MW TEMPRA 1750-2000 (1989-1993) SEDAN SX-SLX \/ SEDAN BASICAS<br \/>\nFIAT &#8211; MX TEMPRA DIESEL-TURBO D. (1989-1993) SEDAN BASICAS \/ 1930 ASPIRATO<br \/>\nFIAT &#8211; MX TEMPRA DIESEL-TURBO D. (1989-1993) SEDAN SX<\/p>\n<p>LA PIEZA ES NUEVA Y ORIGINAL.<\/p>\n","protected":false},"excerpt":{"rendered":"<p>Dep\u00f3sito con el motor del rociador del l\u00edquido del limpiaparabrisas de: FIAT &#8211; MW TEMPRA 1750-2000 (1989-1993) SEDAN SX-SLX \/ SEDAN BASICAS FIAT &#8211; MX TEMPRA DIESEL-TURBO D. (1989-1993) SEDAN BASICAS \/ 1930 ASPIRATO FIAT &#8211; MX TEMPRA DIESEL-TURBO D. (1989-1993) SEDAN SX LA PIEZA ES NUEVA Y ORIGINAL.<\/p>\n","protected":false},"featured_media":90382,"template":"","meta":{"_seopress_robots_primary_cat":"","_seopress_titles_title":"","_seopress_titles_desc":"","_seopress_robots_index":""},"product_cat":[20,111],"product_tag":[],"class_list":{"0":"post-90377","1":"product","2":"type-product","3":"status-publish","4":"has-post-thumbnail","6":"product_cat-recambios-fiat","7":"product_cat-recambios-fiat-tempra","9":"first","10":"instock","11":"taxable","12":"shipping-taxable","13":"purchasable","14":"product-type-simple"},"_links":{"self":[{"href":"https:\/\/galicianparts.com\/shop\/wp-json\/wp\/v2\/product\/90377"}],"collection":[{"href":"https:\/\/galicianparts.com\/shop\/wp-json\/wp\/v2\/product"}],"about":[{"href":"https:\/\/galicianparts.com\/shop\/wp-json\/wp\/v2\/types\/product"}],"wp:featuredmedia":[{"embeddable":true,"href":"https:\/\/galicianparts.com\/shop\/wp-json\/wp\/v2\/media\/90382"}],"wp:attachment":[{"href":"https:\/\/galicianparts.com\/shop\/wp-json\/wp\/v2\/media?parent=90377"}],"wp:term":[{"taxonomy":"product_cat","embeddable":true,"href":"https:\/\/galicianparts.com\/shop\/wp-json\/wp\/v2\/product_cat?post=90377"},{"taxonomy":"product_tag","embeddable":true,"href":"https:\/\/galicianparts.com\/shop\/wp-json\/wp\/v2\/product_tag?post=90377"}],"curies":[{"name":"wp","href":"https:\/\/api.w.org\/{rel}","templated":true}]}}