{"id":90420,"date":"2024-08-20T09:21:25","date_gmt":"2024-08-20T07:21:25","guid":{"rendered":"https:\/\/galicianparts.com\/shop\/producto\/7573882-emblema-plastico-trasero-fiat-uno-60-nuevo-original\/"},"modified":"2024-08-20T10:50:42","modified_gmt":"2024-08-20T08:50:42","slug":"7573882-emblema-plastico-trasero-fiat-uno-60-nuevo-original","status":"publish","type":"product","link":"https:\/\/galicianparts.com\/shop\/producto\/7573882-emblema-plastico-trasero-fiat-uno-60-nuevo-original\/","title":{"rendered":"7573882 Emblema pl\u00e1stico trasero Fiat Uno 60 MK1 NUEVO ORIGINAL"},"content":{"rendered":"<p>Insignia de pl\u00e1stico del port\u00f3n del maletero de:<br \/>\nAlto: 35 mm<br \/>\nLargo: 125 mm<\/p>\n<p>FIAT &#8211; UNO 60 (1983-1989)<\/p>\n<p>LA PIEZA ES NUEVA Y ORIGINAL.<\/p>\n","protected":false},"excerpt":{"rendered":"<p>Insignia de pl\u00e1stico del port\u00f3n del maletero de: Alto: 35 mm Largo: 125 mm FIAT &#8211; UNO 60 (1983-1989) LA PIEZA ES NUEVA Y ORIGINAL.<\/p>\n","protected":false},"featured_media":90422,"template":"","meta":{"_seopress_robots_primary_cat":"","_seopress_titles_title":"","_seopress_titles_desc":"","_seopress_robots_index":""},"product_cat":[15],"product_tag":[],"class_list":{"0":"post-90420","1":"product","2":"type-product","3":"status-publish","4":"has-post-thumbnail","6":"product_cat-sin-categorizar","8":"first","9":"instock","10":"taxable","11":"shipping-taxable","12":"purchasable","13":"product-type-simple"},"_links":{"self":[{"href":"https:\/\/galicianparts.com\/shop\/wp-json\/wp\/v2\/product\/90420"}],"collection":[{"href":"https:\/\/galicianparts.com\/shop\/wp-json\/wp\/v2\/product"}],"about":[{"href":"https:\/\/galicianparts.com\/shop\/wp-json\/wp\/v2\/types\/product"}],"wp:featuredmedia":[{"embeddable":true,"href":"https:\/\/galicianparts.com\/shop\/wp-json\/wp\/v2\/media\/90422"}],"wp:attachment":[{"href":"https:\/\/galicianparts.com\/shop\/wp-json\/wp\/v2\/media?parent=90420"}],"wp:term":[{"taxonomy":"product_cat","embeddable":true,"href":"https:\/\/galicianparts.com\/shop\/wp-json\/wp\/v2\/product_cat?post=90420"},{"taxonomy":"product_tag","embeddable":true,"href":"https:\/\/galicianparts.com\/shop\/wp-json\/wp\/v2\/product_tag?post=90420"}],"curies":[{"name":"wp","href":"https:\/\/api.w.org\/{rel}","templated":true}]}}