{"id":90425,"date":"2024-08-20T09:46:02","date_gmt":"2024-08-20T07:46:02","guid":{"rendered":"https:\/\/galicianparts.com\/shop\/producto\/4726098-polea-superior-distribucion-fiat-ducato-90-94-citroen-c25-peugeot-j5-original\/"},"modified":"2025-08-11T12:11:54","modified_gmt":"2025-08-11T10:11:54","slug":"4726098-polea-superior-distribucion-fiat-ducato-90-94-citroen-c25-peugeot-j5-original","status":"publish","type":"product","link":"https:\/\/galicianparts.com\/shop\/producto\/4726098-polea-superior-distribucion-fiat-ducato-90-94-citroen-c25-peugeot-j5-original\/","title":{"rendered":"4726098 Polea superior distribuci\u00f3n Fiat Ducato (90-94) Citro\u00ebn C25 \/Peugeot J5 ORIGINAL"},"content":{"rendered":"<p>Pi\u00f1\u00f3n del \u00e1rbol de levas de la distribuci\u00f3n del motor de:<br \/>\nN\u00ba Dientes: 46<br \/>\nDi\u00e1metro: 142 mm<br \/>\nAncho: 35 mm<\/p>\n<p>FIAT PROFESSIONAL &#8211; ND DUCATO 4X4 R.90 (1990-1994) 2500 DIESEL<br \/>\nFIAT PROFESSIONAL &#8211; NA NUOVO DUCATO R.90 (1990-1994) 2500 DIESEL<br \/>\nCITROEN &#8211; C25 (1990-1994) 2500 DIESEL<br \/>\nPEUGEOT &#8211; J5 (1990-1994) 2500 DIESEL<\/p>\n<p>LA PIEZA ES NUEVA Y ORIGINAL.<\/p>\n","protected":false},"excerpt":{"rendered":"<p>Pi\u00f1\u00f3n del \u00e1rbol de levas de la distribuci\u00f3n del motor de: N\u00ba Dientes: 46 Di\u00e1metro: 142 mm Ancho: 35 mm FIAT PROFESSIONAL &#8211; ND DUCATO 4X4 R.90 (1990-1994) 2500 DIESEL FIAT PROFESSIONAL &#8211; NA NUOVO DUCATO R.90 (1990-1994) 2500 DIESEL CITROEN &#8211; C25 (1990-1994) 2500 DIESEL PEUGEOT &#8211; J5 (1990-1994) 2500 DIESEL LA PIEZA ES [&hellip;]<\/p>\n","protected":false},"featured_media":90430,"template":"","meta":{"_seopress_robots_primary_cat":"","_seopress_titles_title":"","_seopress_titles_desc":"","_seopress_robots_index":""},"product_cat":[132,23,88,20,157,24],"product_tag":[],"class_list":{"0":"post-90425","1":"product","2":"type-product","3":"status-publish","4":"has-post-thumbnail","6":"product_cat-recambios-citroen-c25","7":"product_cat-recambios-citroen","8":"product_cat-recambios-fiat-ducato","9":"product_cat-recambios-fiat","10":"product_cat-recambios-peugeot-j5","11":"product_cat-recambios-peugeot","13":"first","14":"outofstock","15":"taxable","16":"shipping-taxable","17":"purchasable","18":"product-type-simple"},"_links":{"self":[{"href":"https:\/\/galicianparts.com\/shop\/wp-json\/wp\/v2\/product\/90425"}],"collection":[{"href":"https:\/\/galicianparts.com\/shop\/wp-json\/wp\/v2\/product"}],"about":[{"href":"https:\/\/galicianparts.com\/shop\/wp-json\/wp\/v2\/types\/product"}],"wp:featuredmedia":[{"embeddable":true,"href":"https:\/\/galicianparts.com\/shop\/wp-json\/wp\/v2\/media\/90430"}],"wp:attachment":[{"href":"https:\/\/galicianparts.com\/shop\/wp-json\/wp\/v2\/media?parent=90425"}],"wp:term":[{"taxonomy":"product_cat","embeddable":true,"href":"https:\/\/galicianparts.com\/shop\/wp-json\/wp\/v2\/product_cat?post=90425"},{"taxonomy":"product_tag","embeddable":true,"href":"https:\/\/galicianparts.com\/shop\/wp-json\/wp\/v2\/product_tag?post=90425"}],"curies":[{"name":"wp","href":"https:\/\/api.w.org\/{rel}","templated":true}]}}