{"id":90462,"date":"2024-08-20T11:53:06","date_gmt":"2024-08-20T09:53:06","guid":{"rendered":"https:\/\/galicianparts.com\/shop\/producto\/1313636080-tapa-superior-distribucion-m-1-9-d-td-fiat-ducato-scudo-alfa-citroen-peugeot-original\/"},"modified":"2024-11-18T12:31:57","modified_gmt":"2024-11-18T10:31:57","slug":"1313636080-tapa-superior-distribucion-m-1-9-d-td-fiat-ducato-scudo-alfa-citroen-peugeot-original","status":"publish","type":"product","link":"https:\/\/galicianparts.com\/shop\/producto\/1313636080-tapa-superior-distribucion-m-1-9-d-td-fiat-ducato-scudo-alfa-citroen-peugeot-original\/","title":{"rendered":"1313636080 Tapa superior distribuci\u00f3n M 1.9 D-TD Fiat Ducato \/Scudo \/Alfa \/Citro\u00ebn \/Peugeot ORIGINAL"},"content":{"rendered":"<p>Protector superior de la correa de distribuci\u00f3n de:<br \/>\nFIAT Ducato II (230L)<br \/>\n1.9 D, A\u00f1o 04.1998 &#8211; 04.2002, 1905 ccm, 68 cv<br \/>\n1.9 TD, A\u00f1o 04.1998 &#8211; 04.2002, 1905 ccm, 90 cv<br \/>\nFIAT Ulysse I (220)<br \/>\n1.9 TD, A\u00f1o 02.1995 &#8211; 08.2002, 1905 ccm, 90 cv<br \/>\nFIAT Scudo I (220)<br \/>\n1.9 D, A\u00f1o 02.1996 &#8211; 04.1998, 1905 ccm, 69 cv<br \/>\n1.9 TD, A\u00f1o 02.1996 &#8211; 12.2006, 1905 ccm, 92 cv<br \/>\n1.9 TD Eco, A\u00f1o 02.1996 &#8211; 12.2006, 1905 ccm, 90 cv<\/p>\n<p>ALFA ROMEO 145 (930)<br \/>\n1.9 TD (930.A4), A\u00f1o 10.1994 &#8211; 02.1999, 1929 ccm, 90 cv<br \/>\nALFA ROMEO 155 (167)<br \/>\n1.9 TD (167.A3B, 167.A3), A\u00f1o 04.1993 &#8211; 12.1997, 1929 ccm, 90 cv<br \/>\nALFA ROMEO 146 (930)<br \/>\n1.9 TD (930.B4A), A\u00f1o 12.1994 &#8211; 02.1999, 1929 ccm, 90 cv<\/p>\n<p>CITRO\u00cbN Jumper I Bus (230)<br \/>\n1.9 D, A\u00f1o 01.1999 &#8211; 04.2002, 1905 ccm, 69 cv<br \/>\n1.9 TD, A\u00f1o 08.1994 &#8211; 04.2002, 1905 ccm, 90 cv<br \/>\n1.9 TD, A\u00f1o 02.1994 &#8211; 04.2002, 1905 ccm, 92 cv<br \/>\n1.9 TD 4&#215;4, A\u00f1o 08.1996 &#8211; 04.2002, 1905 ccm, 92 cv<br \/>\nCITRO\u00cbN Xantia (X1, X2)<br \/>\n1.9 D, A\u00f1o 06.1994 &#8211; 01.1998, 1905 ccm, 68 cv<br \/>\n1.9 D, A\u00f1o 06.1994 &#8211; 01.1998, 1905 ccm, 69 cv<br \/>\n1.9 SD, A\u00f1o 02.1996 &#8211; 04.2003, 1905 ccm, 75 cv<br \/>\n1.9 Turbo D, A\u00f1o 05.1993 &#8211; 04.2003, 1905 ccm, 90 cv<br \/>\nCITRO\u00cbN Evasion Monovolumen (22, U6)<br \/>\n1.9 TD, A\u00f1o 11.1994 &#8211; 07.2002, 1905 ccm, 90 cv<br \/>\n1.9 TD, A\u00f1o 10.1995 &#8211; 12.1998, 1905 ccm, 92 cv<br \/>\nCITRO\u00cbN BX<br \/>\n19 D, A\u00f1o 09.1983 &#8211; 09.1993, 1905 ccm, 64 cv<br \/>\n19 D, A\u00f1o 03.1987 &#8211; 02.1993, 1905 ccm, 69 cv<br \/>\nCITRO\u00cbN Jumpy I MPV<br \/>\n1.9 D, A\u00f1o 10.1995 &#8211; 08.1998, 1905 ccm, 69 cv<br \/>\n1.9 TD, A\u00f1o 10.1995 &#8211; 08.2000, 1905 ccm, 90 cv<br \/>\n1.9 TD, A\u00f1o 04.1996 &#8211; 11.2003, 1905 ccm, 92 cv<br \/>\nCITRO\u00cbN Jumper I (230)<br \/>\n1.9 D, A\u00f1o 07.1999 &#8211; 04.2002, 1905 ccm, 68 cv<br \/>\n1.9 D, A\u00f1o 02.1994 &#8211; 04.2002, 1905 ccm, 69 cv<br \/>\n1.9 TD, A\u00f1o 03.1994 &#8211; 04.2002, 1905 ccm, 90 cv<br \/>\n1.9 TD, A\u00f1o 03.1994 &#8211; 04.2002, 1905 ccm, 92 cv<br \/>\nCITRO\u00cbN Xsara Coup\u00e9 (N0)<br \/>\n1.9 D, A\u00f1o 02.1998 &#8211; 09.2000, 1905 ccm, 68 cv<br \/>\n1.9 TD, A\u00f1o 02.1998 &#8211; 09.2000, 1905 ccm, 90 cv<br \/>\nCITRO\u00cbN Jumpy I Furgoneta<br \/>\n1.9 TD, A\u00f1o 10.1995 &#8211; 08.2000, 1905 ccm, 90 cv<br \/>\nCITRO\u00cbN Jumpy I Caja \/ Chasis<br \/>\n1.9 TD, A\u00f1o 10.1999 &#8211; 10.2006, 1905 ccm, 92 cv<\/p>\n<p>PEUGEOT 405 II (4E)<br \/>\n1.9 D, A\u00f1o 08.1992 &#8211; 10.1996, 1905 ccm, 64 cv<br \/>\n1.9 D, A\u00f1o 06.1994 &#8211; 10.1996, 1905 ccm, 68 cv<br \/>\n1.9 D, A\u00f1o 09.1993 &#8211; 12.1995, 1905 ccm, 69 cv<br \/>\n1.9 TD, A\u00f1o 08.1992 &#8211; 10.1996, 1905 ccm, 90 cv<br \/>\nPEUGEOT Boxer (230)<br \/>\n1.9 D, A\u00f1o 03.1994 &#8211; 04.2002, 1905 ccm, 69 cv<br \/>\n1.9 TD, A\u00f1o 08.1994 &#8211; 04.2002, 1905 ccm, 90 cv<br \/>\n1.9 TD, A\u00f1o 03.1994 &#8211; 04.2002, 1905 ccm, 92 cv<br \/>\n1.9 TD 4&#215;4, A\u00f1o 07.1996 &#8211; 04.2002, 1905 ccm, 92 cv<br \/>\nPEUGEOT Expert I (224)<br \/>\n1.9 D, A\u00f1o 02.1996 &#8211; 12.1998, 1905 ccm, 70 cv<br \/>\n1.9 TD, A\u00f1o 02.1996 &#8211; 09.2000, 1905 ccm, 90 cv<br \/>\n1.9 TD, A\u00f1o 02.1996 &#8211; 05.1998, 1905 ccm, 92 cv<\/p>\n<p>LA PIEZA ES NUEVA Y ORIGINAL.<\/p>\n","protected":false},"excerpt":{"rendered":"<p>Protector superior de la correa de distribuci\u00f3n de: FIAT Ducato II (230L) 1.9 D, A\u00f1o 04.1998 &#8211; 04.2002, 1905 ccm, 68 cv 1.9 TD, A\u00f1o 04.1998 &#8211; 04.2002, 1905 ccm, 90 cv FIAT Ulysse I (220) 1.9 TD, A\u00f1o 02.1995 &#8211; 08.2002, 1905 ccm, 90 cv FIAT Scudo I (220) 1.9 D, A\u00f1o 02.1996 &#8211; [&hellip;]<\/p>\n","protected":false},"featured_media":90464,"template":"","meta":{"_seopress_robots_primary_cat":"","_seopress_titles_title":"","_seopress_titles_desc":"","_seopress_robots_index":""},"product_cat":[45,46,48,150,16,155,130,23,88,188,156,20,137,138,24,104,113,141],"product_tag":[],"class_list":{"0":"post-90462","1":"product","2":"type-product","3":"status-publish","4":"has-post-thumbnail","6":"product_cat-recambios-alfa-romeo-145","7":"product_cat-recambios-alfa-romeo-146","8":"product_cat-recambios-alfa-romeo-155","9":"product_cat-recambios-peugeot-405","10":"product_cat-recambios-alfa-romeo","11":"product_cat-recambios-peugeot-boxer","12":"product_cat-recambios-citroen-bx","13":"product_cat-recambios-citroen","14":"product_cat-recambios-fiat-ducato","15":"product_cat-recambios-citroen-evasion","16":"product_cat-recambios-peugeot-expert","17":"product_cat-recambios-fiat","18":"product_cat-recambios-citroen-jumper","19":"product_cat-recambios-citroen-jumpy","20":"product_cat-recambios-peugeot","21":"product_cat-recambios-fiat-scudo","22":"product_cat-recambios-fiat-ulysse","23":"product_cat-recambios-citroen-xantia","25":"first","26":"outofstock","27":"taxable","28":"shipping-taxable","29":"purchasable","30":"product-type-simple"},"_links":{"self":[{"href":"https:\/\/galicianparts.com\/shop\/wp-json\/wp\/v2\/product\/90462"}],"collection":[{"href":"https:\/\/galicianparts.com\/shop\/wp-json\/wp\/v2\/product"}],"about":[{"href":"https:\/\/galicianparts.com\/shop\/wp-json\/wp\/v2\/types\/product"}],"wp:featuredmedia":[{"embeddable":true,"href":"https:\/\/galicianparts.com\/shop\/wp-json\/wp\/v2\/media\/90464"}],"wp:attachment":[{"href":"https:\/\/galicianparts.com\/shop\/wp-json\/wp\/v2\/media?parent=90462"}],"wp:term":[{"taxonomy":"product_cat","embeddable":true,"href":"https:\/\/galicianparts.com\/shop\/wp-json\/wp\/v2\/product_cat?post=90462"},{"taxonomy":"product_tag","embeddable":true,"href":"https:\/\/galicianparts.com\/shop\/wp-json\/wp\/v2\/product_tag?post=90462"}],"curies":[{"name":"wp","href":"https:\/\/api.w.org\/{rel}","templated":true}]}}