{"id":90525,"date":"2024-08-21T11:16:04","date_gmt":"2024-08-21T09:16:04","guid":{"rendered":"https:\/\/galicianparts.com\/shop\/producto\/7537988-brazo-oscilante-trasero-izq-fiat-ritmo-regata-nuevo-original\/"},"modified":"2025-01-15T13:14:04","modified_gmt":"2025-01-15T11:14:04","slug":"7537988-brazo-oscilante-trasero-izq-fiat-ritmo-regata-nuevo-original","status":"publish","type":"product","link":"https:\/\/galicianparts.com\/shop\/producto\/7537988-brazo-oscilante-trasero-izq-fiat-ritmo-regata-nuevo-original\/","title":{"rendered":"7537988 Brazo oscilante trasero izq. Fiat Ritmo \/Regata NUEVO ORIGINAL"},"content":{"rendered":"<p>Brazo de suspensi\u00f3n posterior izquierdo de:<br \/>\nFIAT Regata (138)<br \/>\n1.6 Super 100, A\u00f1o 10.1983 &#8211; 07.1989, 1585 ccm, 95 cv<br \/>\n1.6 Super 100, A\u00f1o 10.1983 &#8211; 12.1990, 1585 ccm, 101 cv<br \/>\n1.7 Di\u00e9sel 60, A\u00f1o 09.1983 &#8211; 12.1986, 1714 ccm, 58 cv<br \/>\n1.7 Di\u00e9sel 60, A\u00f1o 05.1985 &#8211; 03.1989, 1698 ccm, 60 cv<br \/>\n1.9 Di\u00e9sel 65, A\u00f1o 04.1984 &#8211; 07.1989, 1929 ccm, 65 cv<br \/>\n1.3 70, A\u00f1o 09.1983 &#8211; 07.1989, 1301 ccm, 65 cv<br \/>\n1.3 70, A\u00f1o 09.1983 &#8211; 07.1986, 1301 ccm, 68 cv<br \/>\n1.5 75, A\u00f1o 12.1983 &#8211; 07.1989, 1498 ccm, 75 cv<br \/>\n1.9 Turbodi\u00e9sel 80, A\u00f1o 05.1986 &#8211; 07.1989, 1929 ccm, 80 cv<br \/>\n1.5 85, A\u00f1o 05.1985 &#8211; 12.1987, 1498 ccm, 79 cv<br \/>\n1.6 85, A\u00f1o 10.1983 &#8211; 06.1990, 1585 ccm, 82 cv<br \/>\n1.5 Super 85, A\u00f1o 09.1983 &#8211; 04.1985, 1498 ccm, 82 cv<br \/>\n1.6 i.e. 90, A\u00f1o 01.1987 &#8211; 07.1989, 1595 ccm, 90 cv<br \/>\nFIAT Ritmo I Cabrio<br \/>\n1.6 100, A\u00f1o 10.1985 &#8211; 12.1987, 1585 ccm, 100 cv<br \/>\n1.6 100, A\u00f1o 10.1985 &#8211; 12.1987, 1585 ccm, 105 cv<br \/>\n50 1.3, A\u00f1o 10.1985 &#8211; 12.1987, 1302 ccm, 68 cv<br \/>\n1.5 80, A\u00f1o 03.1983 &#8211; 12.1986, 1498 ccm, 82 cv<br \/>\n1.5 80, A\u00f1o 01.1980 &#8211; 07.1989, 1498 ccm, 86 cv<br \/>\nFIAT Ritmo I Hatchback (138)<br \/>\n1.0, A\u00f1o 09.1978 &#8211; 09.1982, 1049 ccm, 60 cv<br \/>\n1.1, A\u00f1o 10.1982 &#8211; 12.1987, 1116 ccm, 55 cv<br \/>\n1.1, A\u00f1o 04.1985 &#8211; 12.1987, 1116 ccm, 58 cv<br \/>\n1.3, A\u00f1o 01.1978 &#8211; 08.1985, 1301 ccm, 65 cv<br \/>\n1.3, A\u00f1o 01.1983 &#8211; 04.1985, 1301 ccm, 68 cv<br \/>\n1.3, A\u00f1o 01.1981 &#8211; 09.1982, 1301 ccm, 75 cv<br \/>\n1.5, A\u00f1o 01.1978 &#8211; 12.1988, 1498 ccm, 75 cv<br \/>\n1.5, A\u00f1o 08.1985 &#8211; 05.1987, 1498 ccm, 79 cv<br \/>\n1.5, A\u00f1o 01.1983 &#8211; 12.1987, 1498 ccm, 82 cv<br \/>\n1.5, A\u00f1o 01.1981 &#8211; 05.1987, 1498 ccm, 85 cv<br \/>\n1.6, A\u00f1o 12.1985 &#8211; 12.1987, 1585 ccm, 90 cv<br \/>\n1.6, A\u00f1o 01.1983 &#8211; 12.1987, 1585 ccm, 100 cv<br \/>\n1.6, A\u00f1o 05.1981 &#8211; 12.1987, 1585 ccm, 105 cv<br \/>\nABARTH Ritmo (138A_)<br \/>\n125 TC 2.0 (138.A_), A\u00f1o 11.1981 &#8211; 12.1987, 1995 ccm, 125 cv<br \/>\n130 TC 2.0 (138.A_), A\u00f1o 04.1983 &#8211; 12.1987, 1995 ccm, 130 cv<\/p>\n<p>LA PIEZA ES NUEVA Y ORIGINAL.<\/p>\n","protected":false},"excerpt":{"rendered":"<p>Brazo de suspensi\u00f3n posterior izquierdo de: FIAT Regata (138) 1.6 Super 100, A\u00f1o 10.1983 &#8211; 07.1989, 1585 ccm, 95 cv 1.6 Super 100, A\u00f1o 10.1983 &#8211; 12.1990, 1585 ccm, 101 cv 1.7 Di\u00e9sel 60, A\u00f1o 09.1983 &#8211; 12.1986, 1714 ccm, 58 cv 1.7 Di\u00e9sel 60, A\u00f1o 05.1985 &#8211; 03.1989, 1698 ccm, 60 cv 1.9 Di\u00e9sel [&hellip;]<\/p>\n","protected":false},"featured_media":90528,"template":"","meta":{"_seopress_robots_primary_cat":"","_seopress_titles_title":"","_seopress_titles_desc":"","_seopress_robots_index":""},"product_cat":[20,102,103],"product_tag":[],"class_list":{"0":"post-90525","1":"product","2":"type-product","3":"status-publish","4":"has-post-thumbnail","6":"product_cat-recambios-fiat","7":"product_cat-recambios-fiat-regata","8":"product_cat-recambios-fiat-ritmo","10":"first","11":"outofstock","12":"taxable","13":"shipping-taxable","14":"purchasable","15":"product-type-simple"},"_links":{"self":[{"href":"https:\/\/galicianparts.com\/shop\/wp-json\/wp\/v2\/product\/90525"}],"collection":[{"href":"https:\/\/galicianparts.com\/shop\/wp-json\/wp\/v2\/product"}],"about":[{"href":"https:\/\/galicianparts.com\/shop\/wp-json\/wp\/v2\/types\/product"}],"wp:featuredmedia":[{"embeddable":true,"href":"https:\/\/galicianparts.com\/shop\/wp-json\/wp\/v2\/media\/90528"}],"wp:attachment":[{"href":"https:\/\/galicianparts.com\/shop\/wp-json\/wp\/v2\/media?parent=90525"}],"wp:term":[{"taxonomy":"product_cat","embeddable":true,"href":"https:\/\/galicianparts.com\/shop\/wp-json\/wp\/v2\/product_cat?post=90525"},{"taxonomy":"product_tag","embeddable":true,"href":"https:\/\/galicianparts.com\/shop\/wp-json\/wp\/v2\/product_tag?post=90525"}],"curies":[{"name":"wp","href":"https:\/\/api.w.org\/{rel}","templated":true}]}}