{"id":90572,"date":"2024-08-22T08:49:07","date_gmt":"2024-08-22T06:49:07","guid":{"rendered":"https:\/\/galicianparts.com\/shop\/producto\/46451888-correa-auxiliar-fiat-bravo-brava-alfa-145-146-hyundai-kia-original\/"},"modified":"2024-09-06T11:07:16","modified_gmt":"2024-09-06T09:07:16","slug":"46451888-correa-auxiliar-fiat-bravo-brava-alfa-145-146-hyundai-kia-original","status":"publish","type":"product","link":"https:\/\/galicianparts.com\/shop\/producto\/46451888-correa-auxiliar-fiat-bravo-brava-alfa-145-146-hyundai-kia-original\/","title":{"rendered":"46451888 Correa auxiliar Fiat Bravo \/Brava \/Alfa 145 \/146 \/Hyundai \/Kia ORIGINAL"},"content":{"rendered":"<p>Correa de instrumentos de:<br \/>\nAncho: 21,36 mm<br \/>\nLongitud: 1830 mm<br \/>\nN\u00ba de nervaturas: 6<\/p>\n<p>FIAT Brava Hatchback (182)<br \/>\n1.9 TD 100 S, A\u00f1o 03.1996 &#8211; 10.2001, 1910 ccm, 100 cv<br \/>\n1.9 TD 75 S, A\u00f1o 03.1996 &#8211; 10.2001, 1910 ccm, 75 cv<br \/>\nFIAT Bravo I Hatchback (182)<br \/>\n1.9 TD 100 S, A\u00f1o 03.1996 &#8211; 10.2001, 1910 ccm, 100 cv<br \/>\n1.9 TD 75 S, A\u00f1o 03.1996 &#8211; 10.2001, 1910 ccm, 75 cv<br \/>\nFIAT Marea (185)<br \/>\n1.9 TD 100 (185AX_), A\u00f1o 05.1996 &#8211; 12.2002, 1910 ccm, 100 cv<br \/>\n1.9 TD 75, A\u00f1o 09.1996 &#8211; 05.2002, 1910 ccm, 75 cv<\/p>\n<p>ALFA ROMEO 145 (930)<br \/>\n1.4 i.e. 16V T.S. (930.A3A), A\u00f1o 12.1996 &#8211; 01.2001, 1370 ccm, 103 cv<br \/>\n1.6 i.e. 16V T.S. (930.A2), A\u00f1o 12.1996 &#8211; 01.2001, 1598 ccm, 120 cv<br \/>\nALFA ROMEO 146 (930)<br \/>\n1.4 i.e. 16V T.S. (930.B3A), A\u00f1o 11.1996 &#8211; 01.2001, 1370 ccm, 103 cv<\/p>\n<p>HYUNDAI i20 II (GB, IB)<br \/>\n1.0 T-GDI, A\u00f1o 01.2016 &#8211; &#8230;, 998 ccm, 101 cv<br \/>\n1.0 T-GDI, A\u00f1o 01.2016 &#8211; &#8230;, 998 ccm, 120 cv<br \/>\nHYUNDAI i30 III (PDE, PD, PDEN)<br \/>\n1.0 T-GDI, A\u00f1o 11.2016 &#8211; &#8230;, 998 ccm, 120 cv<\/p>\n<p>KIA cee\u2018d II (JD)<br \/>\n1.0 T-GDI, A\u00f1o 07.2015 &#8211; &#8230;, 998 ccm, 100 cv<br \/>\n1.0 T-GDI, A\u00f1o 07.2015 &#8211; &#8230;, 998 ccm, 120 cv<br \/>\nKIA Rio IV (YB, SC, FB)<br \/>\n1.0 T-GDI 100, A\u00f1o 01.2017 &#8211; &#8230;, 998 ccm, 101 cv<br \/>\n1.0 T-GDI 120, A\u00f1o 01.2017 &#8211; &#8230;, 998 ccm, 120 cv<br \/>\nKIA Stonic (YB)<br \/>\n1.0 T-GDi, A\u00f1o 07.2017 &#8211; &#8230;, 998 ccm, 120 cv<\/p>\n<p>LA PIEZA ES NUEVA Y ORIGINAL.<\/p>\n","protected":false},"excerpt":{"rendered":"<p>Correa de instrumentos de: Ancho: 21,36 mm Longitud: 1830 mm N\u00ba de nervaturas: 6 FIAT Brava Hatchback (182) 1.9 TD 100 S, A\u00f1o 03.1996 &#8211; 10.2001, 1910 ccm, 100 cv 1.9 TD 75 S, A\u00f1o 03.1996 &#8211; 10.2001, 1910 ccm, 75 cv FIAT Bravo I Hatchback (182) 1.9 TD 100 S, A\u00f1o 03.1996 &#8211; 10.2001, [&hellip;]<\/p>\n","protected":false},"featured_media":90575,"template":"","meta":{"_seopress_robots_primary_cat":"","_seopress_titles_title":"","_seopress_titles_desc":"","_seopress_robots_index":""},"product_cat":[45,46,16,81,82,213,20,271,294,295,22,95,253,388],"product_tag":[],"class_list":{"0":"post-90572","1":"product","2":"type-product","3":"status-publish","4":"has-post-thumbnail","6":"product_cat-recambios-alfa-romeo-145","7":"product_cat-recambios-alfa-romeo-146","8":"product_cat-recambios-alfa-romeo","9":"product_cat-recambios-fiat-brava","10":"product_cat-recambios-fiat-bravo","11":"product_cat-recambios-kia-ceed","12":"product_cat-recambios-fiat","13":"product_cat-recambios-hyundai","14":"product_cat-recambios-hyundai-i20","15":"product_cat-recambios-hyundai-i30","16":"product_cat-recambios-kia","17":"product_cat-recambios-fiat-marea","18":"product_cat-recambios-kia-rio","19":"product_cat-recambios-kia-stonic","21":"first","22":"instock","23":"taxable","24":"shipping-taxable","25":"purchasable","26":"product-type-simple"},"_links":{"self":[{"href":"https:\/\/galicianparts.com\/shop\/wp-json\/wp\/v2\/product\/90572"}],"collection":[{"href":"https:\/\/galicianparts.com\/shop\/wp-json\/wp\/v2\/product"}],"about":[{"href":"https:\/\/galicianparts.com\/shop\/wp-json\/wp\/v2\/types\/product"}],"wp:featuredmedia":[{"embeddable":true,"href":"https:\/\/galicianparts.com\/shop\/wp-json\/wp\/v2\/media\/90575"}],"wp:attachment":[{"href":"https:\/\/galicianparts.com\/shop\/wp-json\/wp\/v2\/media?parent=90572"}],"wp:term":[{"taxonomy":"product_cat","embeddable":true,"href":"https:\/\/galicianparts.com\/shop\/wp-json\/wp\/v2\/product_cat?post=90572"},{"taxonomy":"product_tag","embeddable":true,"href":"https:\/\/galicianparts.com\/shop\/wp-json\/wp\/v2\/product_tag?post=90572"}],"curies":[{"name":"wp","href":"https:\/\/api.w.org\/{rel}","templated":true}]}}