{"id":90616,"date":"2024-08-22T11:13:37","date_gmt":"2024-08-22T09:13:37","guid":{"rendered":"https:\/\/galicianparts.com\/shop\/producto\/7761215-tubo-retorno-deposito-gasolina-fiat-tempra-1-6-spi-1993-1996-original\/"},"modified":"2024-08-22T11:17:29","modified_gmt":"2024-08-22T09:17:29","slug":"7761215-tubo-retorno-deposito-gasolina-fiat-tempra-1-6-spi-1993-1996-original","status":"publish","type":"product","link":"https:\/\/galicianparts.com\/shop\/producto\/7761215-tubo-retorno-deposito-gasolina-fiat-tempra-1-6-spi-1993-1996-original\/","title":{"rendered":"7761215 Tubo retorno dep\u00f3sito gasolina Fiat Tempra 1.6 SPI (1993-1996) ORIGINAL"},"content":{"rendered":"<p>Manguito de retorno de la inyecci\u00f3n al dep\u00f3sito de combustible de:<br \/>\nFIAT &#8211; NY TEMPRA MAQ.93 (&#8217;93-&#8217;96) 1580 SPI \u00abB\u00bb<\/p>\n<p>LA PIEZA ES NUEVA Y ORIGINAL.<\/p>\n","protected":false},"excerpt":{"rendered":"<p>Manguito de retorno de la inyecci\u00f3n al dep\u00f3sito de combustible de: FIAT &#8211; NY TEMPRA MAQ.93 (&#8217;93-&#8217;96) 1580 SPI \u00abB\u00bb LA PIEZA ES NUEVA Y ORIGINAL.<\/p>\n","protected":false},"featured_media":90620,"template":"","meta":{"_seopress_robots_primary_cat":"","_seopress_titles_title":"","_seopress_titles_desc":"","_seopress_robots_index":""},"product_cat":[20,111],"product_tag":[],"class_list":{"0":"post-90616","1":"product","2":"type-product","3":"status-publish","4":"has-post-thumbnail","6":"product_cat-recambios-fiat","7":"product_cat-recambios-fiat-tempra","9":"first","10":"instock","11":"taxable","12":"shipping-taxable","13":"purchasable","14":"product-type-simple"},"_links":{"self":[{"href":"https:\/\/galicianparts.com\/shop\/wp-json\/wp\/v2\/product\/90616"}],"collection":[{"href":"https:\/\/galicianparts.com\/shop\/wp-json\/wp\/v2\/product"}],"about":[{"href":"https:\/\/galicianparts.com\/shop\/wp-json\/wp\/v2\/types\/product"}],"wp:featuredmedia":[{"embeddable":true,"href":"https:\/\/galicianparts.com\/shop\/wp-json\/wp\/v2\/media\/90620"}],"wp:attachment":[{"href":"https:\/\/galicianparts.com\/shop\/wp-json\/wp\/v2\/media?parent=90616"}],"wp:term":[{"taxonomy":"product_cat","embeddable":true,"href":"https:\/\/galicianparts.com\/shop\/wp-json\/wp\/v2\/product_cat?post=90616"},{"taxonomy":"product_tag","embeddable":true,"href":"https:\/\/galicianparts.com\/shop\/wp-json\/wp\/v2\/product_tag?post=90616"}],"curies":[{"name":"wp","href":"https:\/\/api.w.org\/{rel}","templated":true}]}}